{"id":36231,"date":"2025-02-20T22:35:37","date_gmt":"2025-02-20T22:35:37","guid":{"rendered":"http:\/\/olemosaic.com\/producto\/funda-de-telefono-para-samsung-a13-tpu-gato-barcelona-negro\/"},"modified":"2025-07-25T18:36:44","modified_gmt":"2025-07-25T16:36:44","slug":"capa-para-telemovel-para-samsung-a13-tpu-gato-barcelona-preto","status":"publish","type":"product","link":"https:\/\/olemosaic.com\/pt-pt\/produto\/capa-para-telemovel-para-samsung-a13-tpu-gato-barcelona-preto\/","title":{"rendered":"Capa para telem\u00f3vel para Samsung A13 (TPU). Gato. Barcelona. Preto"},"content":{"rendered":"<p>Capa para Samsung A13 com um vibrante design de gato em estilo mosaico, perfeita para quem procura uma recorda\u00e7\u00e3o aut\u00eantica de Barcelona. Fabricada em TPU flex\u00edvel e resistente, esta capa apresenta um fundo preto que real\u00e7a a ilustra\u00e7\u00e3o de um gato colorido, estruturado em tons de azul, amarelo e vermelho, que evoca a rica heran\u00e7a art\u00edstica da cidade. \u00c0 volta do gato, borboletas multicoloridas adicionam um toque din\u00e2mico e alegre, ideal para os amantes da fauna e da est\u00e9tica l\u00fadica. A palavra &#8220;Barcelona&#8221;, numa tipografia elegante, completa esta obra de arte port\u00e1til, transformando cada utiliza\u00e7\u00e3o numa homenagem \u00e0 vibrante cultura catal\u00e3.<\/p>\n<p>A liga\u00e7\u00e3o cultural desta capa \u00e9 palp\u00e1vel, pois o estilo mosaico \u00e9 uma refer\u00eancia da arte modernista catal\u00e3, vividamente representada por obras emblem\u00e1ticas como o Parque G\u00fcell de Antoni Gaud\u00ed. Este produto n\u00e3o s\u00f3 protege o dispositivo, como tamb\u00e9m atua como um souvenir distintivo que recorda a beleza e criatividade de Barcelona.<\/p>\n<p>Na Ol\u00e9 Mosaic, somos especialistas na distribui\u00e7\u00e3o de souvenirs por grosso, e esta capa de telem\u00f3vel \u00e9 uma op\u00e7\u00e3o perfeita para lojas de presentes tur\u00edsticos que procuram oferecer produtos \u00fanicos e representativos. Um investimento ideal para quem procura qualidade e autenticidade em souvenirs de Barcelona.<\/p>\n","protected":false},"excerpt":{"rendered":"<p>Capa para telem\u00f3vel Samsung A13 fabricada em TPU, decorada com um vibrante design de um gato em estilo mosaico que captura o esp\u00edrito de Barcelona. O fundo preto real\u00e7a o colorido gato em tons de azul, amarelo e vermelho, acompanhado de borboletas multicoloridas que adicionam um toque din\u00e2mico. A palavra &#8220;Barcelona&#8221; em elegante tipografia completa a pe\u00e7a, transformando esta capa n\u00e3o s\u00f3 numa prote\u00e7\u00e3o, mas numa homenagem art\u00edstica \u00e0 cidade.<\/p>\n","protected":false},"featured_media":12532,"template":"","meta":{"_acf_changed":false},"product_brand":[],"product_cat":[685],"product_tag":[516],"class_list":{"0":"post-36231","1":"product","2":"type-product","3":"status-publish","4":"has-post-thumbnail","6":"product_cat-capas-para-telemoveis","7":"product_tag-animais","8":"pa_ciudad-barcelona","9":"pa_motivo-gatos","10":"pa_pais-espana","12":"first","13":"instock","14":"shipping-taxable","15":"product-type-simple"},"acf":[],"_links":{"self":[{"href":"https:\/\/olemosaic.com\/pt-pt\/wp-json\/wp\/v2\/product\/36231","targetHints":{"allow":["GET"]}}],"collection":[{"href":"https:\/\/olemosaic.com\/pt-pt\/wp-json\/wp\/v2\/product"}],"about":[{"href":"https:\/\/olemosaic.com\/pt-pt\/wp-json\/wp\/v2\/types\/product"}],"wp:featuredmedia":[{"embeddable":true,"href":"https:\/\/olemosaic.com\/pt-pt\/wp-json\/wp\/v2\/media\/12532"}],"wp:attachment":[{"href":"https:\/\/olemosaic.com\/pt-pt\/wp-json\/wp\/v2\/media?parent=36231"}],"wp:term":[{"taxonomy":"product_brand","embeddable":true,"href":"https:\/\/olemosaic.com\/pt-pt\/wp-json\/wp\/v2\/product_brand?post=36231"},{"taxonomy":"product_cat","embeddable":true,"href":"https:\/\/olemosaic.com\/pt-pt\/wp-json\/wp\/v2\/product_cat?post=36231"},{"taxonomy":"product_tag","embeddable":true,"href":"https:\/\/olemosaic.com\/pt-pt\/wp-json\/wp\/v2\/product_tag?post=36231"}],"curies":[{"name":"wp","href":"https:\/\/api.w.org\/{rel}","templated":true}]}}