{"id":36229,"date":"2025-02-20T22:35:37","date_gmt":"2025-02-20T22:35:37","guid":{"rendered":"http:\/\/olemosaic.com\/producto\/funda-de-telefono-para-samsung-a13-tpu-panoramica-barcelona-blanco\/"},"modified":"2025-07-25T19:24:42","modified_gmt":"2025-07-25T17:24:42","slug":"capa-para-telemovel-para-samsung-a13-tpu-panoramica-barcelona-branco","status":"publish","type":"product","link":"https:\/\/olemosaic.com\/pt-pt\/produto\/capa-para-telemovel-para-samsung-a13-tpu-panoramica-barcelona-branco\/","title":{"rendered":"Capa para telem\u00f3vel para Samsung A13 (TPU). Panor\u00e2mica. Barcelona. Branco"},"content":{"rendered":"<p>Capa para telem\u00f3vel Samsung A13 com design de mosaico de Gaud\u00ed de Barcelona. Esta pe\u00e7a \u00fanica, fabricada em TPU, oferece uma prote\u00e7\u00e3o eficiente para o seu dispositivo enquanto real\u00e7a a beleza cultural da Cidade Condal. A capa exibe uma vibrante panor\u00e2mica que inclui a ic\u00f3nica Sagrada Fam\u00edlia, com as suas inconfund\u00edveis torres, e outros elementos arquitet\u00f3nicos emblem\u00e1ticos de Barcelona, tudo elaborado com um estilo que evoca a t\u00e9cnica do mosaico utilizada pelo famoso arquiteto Antoni Gaud\u00ed. As cores brilhantes e as formas geom\u00e9tricas combinam-se harmoniosamente sobre um fundo branco, real\u00e7ando a vivacidade da obra e conferindo um toque moderno e art\u00edstico.<\/p>\n<p>Esta capa n\u00e3o \u00e9 apenas um acess\u00f3rio pr\u00e1tico, mas tamb\u00e9m uma recorda\u00e7\u00e3o representativa de Barcelona, uma cidade cheia de hist\u00f3ria, arte e cultura. Ao utiliz\u00e1-la, poder\u00e1 levar consigo um pedacinho da ess\u00eancia da capital catal\u00e3, conhecida pela sua rica oferta de monumentos e pela sua est\u00e9tica singular. Na Ol\u00e9 Mosaic, somos distribuidores de souvenirs por grosso, e esta capa de telem\u00f3vel \u00e9 uma excelente op\u00e7\u00e3o para lojas de presentes tur\u00edsticos que procuram oferecer produtos aut\u00eanticos e de qualidade. Com a capa de mosaico de Gaud\u00ed, os seus clientes poder\u00e3o desfrutar de uma fus\u00e3o perfeita entre funcionalidade e arte.<\/p>\n","protected":false},"excerpt":{"rendered":"<p>Capa para telem\u00f3vel para Samsung A13 fabricada em TPU, decorada com uma vibrante panor\u00e2mica de Barcelona. O design, que se destaca pelas suas cores brilhantes e formas geom\u00e9tricas, reproduz o ic\u00f3nico estilo do mosaico de Gaud\u00ed. A representa\u00e7\u00e3o inclui a majestosa Sagrada Fam\u00edlia e outros elementos emblem\u00e1ticos da cidade, tudo sobre um fundo branco que real\u00e7a a sua beleza. Perfeita para proteger o seu dispositivo e exibir o encanto cultural de Barcelona.<\/p>\n","protected":false},"featured_media":12519,"template":"","meta":{"_acf_changed":false},"product_brand":[],"product_cat":[685],"product_tag":[],"class_list":{"0":"post-36229","1":"product","2":"type-product","3":"status-publish","4":"has-post-thumbnail","6":"product_cat-capas-para-telemoveis","7":"pa_ciudad-barcelona","8":"pa_motivo-panoramas","9":"pa_pais-espana","11":"first","12":"instock","13":"shipping-taxable","14":"product-type-simple"},"acf":[],"_links":{"self":[{"href":"https:\/\/olemosaic.com\/pt-pt\/wp-json\/wp\/v2\/product\/36229","targetHints":{"allow":["GET"]}}],"collection":[{"href":"https:\/\/olemosaic.com\/pt-pt\/wp-json\/wp\/v2\/product"}],"about":[{"href":"https:\/\/olemosaic.com\/pt-pt\/wp-json\/wp\/v2\/types\/product"}],"wp:featuredmedia":[{"embeddable":true,"href":"https:\/\/olemosaic.com\/pt-pt\/wp-json\/wp\/v2\/media\/12519"}],"wp:attachment":[{"href":"https:\/\/olemosaic.com\/pt-pt\/wp-json\/wp\/v2\/media?parent=36229"}],"wp:term":[{"taxonomy":"product_brand","embeddable":true,"href":"https:\/\/olemosaic.com\/pt-pt\/wp-json\/wp\/v2\/product_brand?post=36229"},{"taxonomy":"product_cat","embeddable":true,"href":"https:\/\/olemosaic.com\/pt-pt\/wp-json\/wp\/v2\/product_cat?post=36229"},{"taxonomy":"product_tag","embeddable":true,"href":"https:\/\/olemosaic.com\/pt-pt\/wp-json\/wp\/v2\/product_tag?post=36229"}],"curies":[{"name":"wp","href":"https:\/\/api.w.org\/{rel}","templated":true}]}}