{"id":36227,"date":"2025-02-20T22:35:37","date_gmt":"2025-02-20T22:35:37","guid":{"rendered":"http:\/\/olemosaic.com\/producto\/funda-de-telefono-para-samsung-a13-tpu-punt-de-trobada-barcelona-blanco\/"},"modified":"2025-07-25T20:02:03","modified_gmt":"2025-07-25T18:02:03","slug":"capa-de-telemovel-para-samsung-a13-tpu-punt-de-trobada-barcelona-branco","status":"publish","type":"product","link":"https:\/\/olemosaic.com\/pt-pt\/produto\/capa-de-telemovel-para-samsung-a13-tpu-punt-de-trobada-barcelona-branco\/","title":{"rendered":"Capa de telem\u00f3vel para Samsung A13 (TPU). Punt de trobada. Barcelona. Branco"},"content":{"rendered":"<p>Capa para telem\u00f3vel Samsung A13 com design &#8220;Punt de Trobada&#8221; de Barcelona. Fabricada em TPU de alta qualidade, esta capa oferece uma prote\u00e7\u00e3o eficaz contra choques e riscos, ideal para os viajantes que valorizam tanto a funcionalidade como o estilo. O design vibrante inspira-se no famoso mosaico do &#8220;Punt de Trobada&#8221;, um emblema art\u00edstico que reflete a criatividade de Antoni Gaud\u00ed. Com uma base branca, a capa \u00e9 adornada com motivos coloridos em tons de vermelho, amarelo, verde e azul, que evocam a ess\u00eancia de Barcelona e a sua arquitetura modernista.<\/p>\n<p>O texto &#8220;Barcelona&#8221; impresso na parte inferior consolida a sua identidade como recorda\u00e7\u00e3o e souvenir de uma cidade rica em hist\u00f3ria e arte. Este acess\u00f3rio n\u00e3o s\u00f3 protege o dispositivo, como tamb\u00e9m acrescenta um toque art\u00edstico e cultural, tornando-o perfeito para quem deseja levar consigo um peda\u00e7o da vibrante vida da cidade.<\/p>\n<p>Na Ol\u00e9 Mosaic, como grossista de presentes tur\u00edsticos, oferecemos esta capa como uma op\u00e7\u00e3o excecional para lojas que procurem incorporar souvenirs aut\u00eanticos e representativos de Barcelona. \u00c9 uma escolha ideal para turistas que desejam uma recorda\u00e7\u00e3o tang\u00edvel da sua visita, combinando arte, design e praticidade num \u00fanico produto.<\/p>\n","protected":false},"excerpt":{"rendered":"<p>Capa para telem\u00f3vel Samsung A13 fabricada em TPU, decorada com um design vibrante inspirado no &#8220;Punt de Trobada&#8221; de Barcelona. A capa, com base branca, \u00e9 adornada com motivos de mosaico em cores brilhantes como vermelho, amarelo, verde e azul, evocando o famoso estilo de Gaud\u00ed. O texto &#8220;Barcelona&#8221; \u00e9 impresso na parte inferior, tornando-a um acess\u00f3rio ideal para quem procura combinar prote\u00e7\u00e3o e um toque art\u00edstico, refletindo a ess\u00eancia da cidade.<\/p>\n","protected":false},"featured_media":12506,"template":"","meta":{"_acf_changed":false},"product_brand":[],"product_cat":[685],"product_tag":[],"class_list":{"0":"post-36227","1":"product","2":"type-product","3":"status-publish","4":"has-post-thumbnail","6":"product_cat-capas-para-telemoveis","7":"pa_ciudad-barcelona","8":"pa_motivo-punt-de-trobada","9":"pa_pais-espana","11":"first","12":"instock","13":"shipping-taxable","14":"product-type-simple"},"acf":[],"_links":{"self":[{"href":"https:\/\/olemosaic.com\/pt-pt\/wp-json\/wp\/v2\/product\/36227","targetHints":{"allow":["GET"]}}],"collection":[{"href":"https:\/\/olemosaic.com\/pt-pt\/wp-json\/wp\/v2\/product"}],"about":[{"href":"https:\/\/olemosaic.com\/pt-pt\/wp-json\/wp\/v2\/types\/product"}],"wp:featuredmedia":[{"embeddable":true,"href":"https:\/\/olemosaic.com\/pt-pt\/wp-json\/wp\/v2\/media\/12506"}],"wp:attachment":[{"href":"https:\/\/olemosaic.com\/pt-pt\/wp-json\/wp\/v2\/media?parent=36227"}],"wp:term":[{"taxonomy":"product_brand","embeddable":true,"href":"https:\/\/olemosaic.com\/pt-pt\/wp-json\/wp\/v2\/product_brand?post=36227"},{"taxonomy":"product_cat","embeddable":true,"href":"https:\/\/olemosaic.com\/pt-pt\/wp-json\/wp\/v2\/product_cat?post=36227"},{"taxonomy":"product_tag","embeddable":true,"href":"https:\/\/olemosaic.com\/pt-pt\/wp-json\/wp\/v2\/product_tag?post=36227"}],"curies":[{"name":"wp","href":"https:\/\/api.w.org\/{rel}","templated":true}]}}