{"id":36224,"date":"2025-02-20T22:35:36","date_gmt":"2025-02-20T22:35:36","guid":{"rendered":"http:\/\/olemosaic.com\/producto\/funda-de-telefono-para-samsung-a12-tpu-panoramica-barcelona-azul-2\/"},"modified":"2025-07-25T19:19:26","modified_gmt":"2025-07-25T17:19:26","slug":"capa-de-telemovel-para-samsung-a12-tpu-panoramica-barcelona-azul-pt-pt","status":"publish","type":"product","link":"https:\/\/olemosaic.com\/pt-pt\/produto\/capa-de-telemovel-para-samsung-a12-tpu-panoramica-barcelona-azul-pt-pt\/","title":{"rendered":"Capa de telem\u00f3vel para Samsung A12 (TPU). Panor\u00e2mica. Barcelona. Azul"},"content":{"rendered":"<p>Capa para telem\u00f3vel Samsung A12 decorada com uma vibrante panor\u00e2mica de Barcelona. Fabricada em TPU, esta capa oferece prote\u00e7\u00e3o eficaz e um design apelativo, ideal para quem deseja levar consigo uma pe\u00e7a da arte e da arquitetura desta ic\u00f3nica cidade mediterr\u00e2nica. A impress\u00e3o apresenta um fundo azul que evoca o c\u00e9u limpo de Barcelona, adornado com elementos arquitet\u00f3nicos estilizados, como a inconfund\u00edvel Sagrada Fam\u00edlia, juntamente com coloridos motivos florais que conferem um toque fresco e contempor\u00e2neo. A palavra \u00abBarcelona\u00bb integra-se de forma art\u00edstica no design, capturando a ess\u00eancia da cidade com letras vibrantes e din\u00e2micas.<\/p>\n<p>Este produto n\u00e3o s\u00f3 protege o seu dispositivo, como tamb\u00e9m atua como uma recorda\u00e7\u00e3o emotiva da rica cultura catal\u00e3. Sendo um souvenir representativo, reflete a singularidade da paisagem urbana de Barcelona, famosa pela sua arquitetura modernista e pela sua atmosfera cosmopolita. Na Ol\u00e9 Mosaic, especializamo-nos na distribui\u00e7\u00e3o de souvenirs por grosso, oferecendo artigos aut\u00eanticos e de qualidade. Esta capa para telem\u00f3vel \u00e9 uma excelente op\u00e7\u00e3o para lojas de presentes tur\u00edsticos que procuram produtos atrativos e significativos para os seus clientes. Com a nossa oferta de capas por grosso, garantimos um acess\u00f3rio pr\u00e1tico que celebra a beleza de Barcelona.<\/p>\n","protected":false},"excerpt":{"rendered":"<p>Capa para telem\u00f3vel Samsung A12 fabricada em TPU, decorada com uma vibrante panor\u00e2mica de Barcelona. O design apresenta um fundo azul e elementos arquitet\u00f3nicos estilizados, como a Sagrada Fam\u00edlia, juntamente com motivos florais coloridos e a palavra &#8220;Barcelona&#8221;. Os detalhes em cores vivas conferem um toque art\u00edstico e contempor\u00e2neo, transformando o seu telem\u00f3vel num acess\u00f3rio que reflete a ess\u00eancia desta ic\u00f3nica cidade mediterr\u00e2nica.<\/p>\n","protected":false},"featured_media":12492,"template":"","meta":{"_acf_changed":false},"product_brand":[],"product_cat":[685],"product_tag":[],"class_list":{"0":"post-36224","1":"product","2":"type-product","3":"status-publish","4":"has-post-thumbnail","6":"product_cat-capas-para-telemoveis","7":"pa_ciudad-barcelona","8":"pa_motivo-panoramas","9":"pa_pais-espana","11":"first","12":"instock","13":"shipping-taxable","14":"product-type-simple"},"acf":[],"_links":{"self":[{"href":"https:\/\/olemosaic.com\/pt-pt\/wp-json\/wp\/v2\/product\/36224","targetHints":{"allow":["GET"]}}],"collection":[{"href":"https:\/\/olemosaic.com\/pt-pt\/wp-json\/wp\/v2\/product"}],"about":[{"href":"https:\/\/olemosaic.com\/pt-pt\/wp-json\/wp\/v2\/types\/product"}],"wp:featuredmedia":[{"embeddable":true,"href":"https:\/\/olemosaic.com\/pt-pt\/wp-json\/wp\/v2\/media\/12492"}],"wp:attachment":[{"href":"https:\/\/olemosaic.com\/pt-pt\/wp-json\/wp\/v2\/media?parent=36224"}],"wp:term":[{"taxonomy":"product_brand","embeddable":true,"href":"https:\/\/olemosaic.com\/pt-pt\/wp-json\/wp\/v2\/product_brand?post=36224"},{"taxonomy":"product_cat","embeddable":true,"href":"https:\/\/olemosaic.com\/pt-pt\/wp-json\/wp\/v2\/product_cat?post=36224"},{"taxonomy":"product_tag","embeddable":true,"href":"https:\/\/olemosaic.com\/pt-pt\/wp-json\/wp\/v2\/product_tag?post=36224"}],"curies":[{"name":"wp","href":"https:\/\/api.w.org\/{rel}","templated":true}]}}