{"id":36222,"date":"2025-02-20T22:35:36","date_gmt":"2025-02-20T22:35:36","guid":{"rendered":"http:\/\/olemosaic.com\/producto\/funda-de-telefono-para-samsung-a12-tpu-mosaico-azul\/"},"modified":"2025-07-25T19:26:11","modified_gmt":"2025-07-25T17:26:11","slug":"capa-de-telemovel-para-samsung-a12-tpu-mosaico-azul","status":"publish","type":"product","link":"https:\/\/olemosaic.com\/pt-pt\/produto\/capa-de-telemovel-para-samsung-a12-tpu-mosaico-azul\/","title":{"rendered":"Capa para telem\u00f3vel Samsung A12 (TPU). Mosaico. Azul"},"content":{"rendered":"<p>Capa para telem\u00f3vel Samsung A12 decorada com um cativante design de mosaico em tons azuis. Este elegante acess\u00f3rio, fabricado em TPU, combina na perfei\u00e7\u00e3o estilo e funcionalidade, oferecendo uma prote\u00e7\u00e3o fi\u00e1vel para o seu dispositivo. O seu design \u00fanico inspira-se na rica tradi\u00e7\u00e3o da arte do mosaico, muito presente na arquitetura andaluza, evocando os vibrantes padr\u00f5es geom\u00e9tricos que adornam as fachadas e p\u00e1tios das cidades do sul de Espanha. As formas brancas que contrastam com o fundo azul remetem para as emblem\u00e1ticas cer\u00e2micas que embelezam locais como Granada e Sevilha, criando uma liga\u00e7\u00e3o visual que real\u00e7a a beleza cultural da regi\u00e3o.<\/p>\n<p>Al\u00e9m do seu apelo est\u00e9tico, a capa destaca-se pelo seu material flex\u00edvel e resistente, que garante uma prote\u00e7\u00e3o duradoura contra choques e riscos, o que a torna uma escolha ideal para quem procura um acess\u00f3rio que seja simultaneamente atrativo e pr\u00e1tico. Este produto \u00e9 uma excelente recorda\u00e7\u00e3o para quem deseja levar consigo uma parte do encanto andaluz, e \u00e9 especialmente recomend\u00e1vel para lojas de presentes tur\u00edsticos que desejem oferecer artigos aut\u00eanticos e representativos. Na Ol\u00e9 Mosaic, somos distribuidores de capas por grosso, assegurando qualidade e design em cada produto que oferecemos.<\/p>\n","protected":false},"excerpt":{"rendered":"<p>Capa para Samsung A12 fabricada em TPU, decorada com um elegante design de mosaico em tons azuis. Esta capa apresenta uma est\u00e9tica inspirada na arte do mosaico tradicional, com padr\u00f5es geom\u00e9tricos em branco que contrastam e evocam a beleza das cer\u00e2micas andaluzas. O seu material flex\u00edvel e resistente oferece uma prote\u00e7\u00e3o duradoura, o que a torna uma op\u00e7\u00e3o ideal para quem procura estilo e funcionalidade no seu dispositivo.<\/p>\n","protected":false},"featured_media":12497,"template":"","meta":{"_acf_changed":false},"product_brand":[],"product_cat":[685],"product_tag":[],"class_list":{"0":"post-36222","1":"product","2":"type-product","3":"status-publish","4":"has-post-thumbnail","6":"product_cat-capas-para-telemoveis","7":"pa_motivo-mosaico","9":"first","10":"instock","11":"shipping-taxable","12":"product-type-simple"},"acf":[],"_links":{"self":[{"href":"https:\/\/olemosaic.com\/pt-pt\/wp-json\/wp\/v2\/product\/36222","targetHints":{"allow":["GET"]}}],"collection":[{"href":"https:\/\/olemosaic.com\/pt-pt\/wp-json\/wp\/v2\/product"}],"about":[{"href":"https:\/\/olemosaic.com\/pt-pt\/wp-json\/wp\/v2\/types\/product"}],"wp:featuredmedia":[{"embeddable":true,"href":"https:\/\/olemosaic.com\/pt-pt\/wp-json\/wp\/v2\/media\/12497"}],"wp:attachment":[{"href":"https:\/\/olemosaic.com\/pt-pt\/wp-json\/wp\/v2\/media?parent=36222"}],"wp:term":[{"taxonomy":"product_brand","embeddable":true,"href":"https:\/\/olemosaic.com\/pt-pt\/wp-json\/wp\/v2\/product_brand?post=36222"},{"taxonomy":"product_cat","embeddable":true,"href":"https:\/\/olemosaic.com\/pt-pt\/wp-json\/wp\/v2\/product_cat?post=36222"},{"taxonomy":"product_tag","embeddable":true,"href":"https:\/\/olemosaic.com\/pt-pt\/wp-json\/wp\/v2\/product_tag?post=36222"}],"curies":[{"name":"wp","href":"https:\/\/api.w.org\/{rel}","templated":true}]}}