{"id":36221,"date":"2025-02-20T22:35:36","date_gmt":"2025-02-20T22:35:36","guid":{"rendered":"http:\/\/olemosaic.com\/producto\/funda-de-telefono-para-samsung-a12-tpu-salamandra-barcelona-blanco\/"},"modified":"2025-07-25T18:59:23","modified_gmt":"2025-07-25T16:59:23","slug":"capa-de-telemovel-para-samsung-a12-tpu-salamandra-barcelona-branco","status":"publish","type":"product","link":"https:\/\/olemosaic.com\/pt-pt\/produto\/capa-de-telemovel-para-samsung-a12-tpu-salamandra-barcelona-branco\/","title":{"rendered":"Capa para telem\u00f3vel Samsung A12 (TPU). Salamandra. Barcelona. Branco"},"content":{"rendered":"<p>Capa para telem\u00f3vel Samsung A12 com um vibrante design de salamandras e flores, perfeita para quem deseja adicionar um toque de cor e cultura ao seu dispositivo. Esta capa \u00e9 elaborada em material TPU, conhecido pela sua resist\u00eancia e flexibilidade, assegurando uma prote\u00e7\u00e3o ideal contra choques e riscos. O fundo branco da capa apresenta um encantador efeito de mosaico que presta homenagem \u00e0s famosas obras do mestre Antoni Gaud\u00ed em Barcelona, transformando o seu telem\u00f3vel num aut\u00eantico s\u00edmbolo da cidade.<\/p>\n<p>No design, destacam-se as salamandras em chamativos tons de azul, verde e vermelho, acompanhadas de flores coloridas que conferem um ar fresco e alegre. Cada salamandra, capturada com um estilo gr\u00e1fico moderno, evoca a criatividade e excecionalidade da arte catal\u00e3, fazendo desta capa um souvenir ideal para turistas e amantes da est\u00e9tica barcelonesa.<\/p>\n<p>Ao mesmo tempo, o seu apelo visual e qualidade tornam-na uma excelente escolha para lojas de presentes tur\u00edsticos que procuram souvenirs aut\u00eanticos e representativos da cultura de Barcelona. Na Ol\u00e9 Mosaic, o seu distribuidor de acess\u00f3rios por grosso, garantimos que cada capa n\u00e3o \u00e9 apenas um produto funcional, mas tamb\u00e9m uma obra de arte que celebra a rica heran\u00e7a cultural desta vibrante cidade. Com esta capa para telem\u00f3vel, levar\u00e1 sempre um peda\u00e7o de Barcelona consigo.<\/p>\n","protected":false},"excerpt":{"rendered":"<p>Capa para Samsung A12 de TPU, adornada com um vibrante design de salamandras e flores. Esta capa branca apresenta um fundo com um efeito de mosaico que recorda a famosa obra de Gaud\u00ed em Barcelona. O colorido design gr\u00e1fico inclui salamandras em tons azuis, verdes e vermelhos, acompanhadas de flores chamativas, criando um design atrativo e moderno. Ideal para proteger o seu dispositivo enquanto celebra a est\u00e9tica \u00fanica da cidade.<\/p>\n","protected":false},"featured_media":12483,"template":"","meta":{"_acf_changed":false},"product_brand":[],"product_cat":[685],"product_tag":[516],"class_list":{"0":"post-36221","1":"product","2":"type-product","3":"status-publish","4":"has-post-thumbnail","6":"product_cat-capas-para-telemoveis","7":"product_tag-animais","8":"pa_ciudad-barcelona","9":"pa_motivo-salamandras","10":"pa_pais-espana","12":"first","13":"instock","14":"shipping-taxable","15":"product-type-simple"},"acf":[],"_links":{"self":[{"href":"https:\/\/olemosaic.com\/pt-pt\/wp-json\/wp\/v2\/product\/36221","targetHints":{"allow":["GET"]}}],"collection":[{"href":"https:\/\/olemosaic.com\/pt-pt\/wp-json\/wp\/v2\/product"}],"about":[{"href":"https:\/\/olemosaic.com\/pt-pt\/wp-json\/wp\/v2\/types\/product"}],"wp:featuredmedia":[{"embeddable":true,"href":"https:\/\/olemosaic.com\/pt-pt\/wp-json\/wp\/v2\/media\/12483"}],"wp:attachment":[{"href":"https:\/\/olemosaic.com\/pt-pt\/wp-json\/wp\/v2\/media?parent=36221"}],"wp:term":[{"taxonomy":"product_brand","embeddable":true,"href":"https:\/\/olemosaic.com\/pt-pt\/wp-json\/wp\/v2\/product_brand?post=36221"},{"taxonomy":"product_cat","embeddable":true,"href":"https:\/\/olemosaic.com\/pt-pt\/wp-json\/wp\/v2\/product_cat?post=36221"},{"taxonomy":"product_tag","embeddable":true,"href":"https:\/\/olemosaic.com\/pt-pt\/wp-json\/wp\/v2\/product_tag?post=36221"}],"curies":[{"name":"wp","href":"https:\/\/api.w.org\/{rel}","templated":true}]}}