{"id":36202,"date":"2025-02-20T22:35:35","date_gmt":"2025-02-20T22:35:35","guid":{"rendered":"http:\/\/olemosaic.com\/producto\/funda-de-telefono-para-samsung-a12-tpu-abstracto-verde\/"},"modified":"2025-07-25T18:54:10","modified_gmt":"2025-07-25T16:54:10","slug":"capa-para-telemovel-samsung-a12-tpu-abstrato-verde","status":"publish","type":"product","link":"https:\/\/olemosaic.com\/pt-pt\/produto\/capa-para-telemovel-samsung-a12-tpu-abstrato-verde\/","title":{"rendered":"Capa para telem\u00f3vel Samsung A12 (TPU). Abstrato. Verde"},"content":{"rendered":"<p>Capa para telem\u00f3vel Samsung A12 com design de mosaicos coloridos. Fabricada em TPU, proporciona uma excelente prote\u00e7\u00e3o contra pancadas e quedas, ideal para manter o seu dispositivo seguro enquanto expressa o seu estilo pessoal. O design abstrato apresenta uma mistura vibrante de tons verdes, azuis e alaranjados, organizada numa estrutura circular que evoca as intrincadas obras de arte da tradi\u00e7\u00e3o espanhola. A composi\u00e7\u00e3o geom\u00e9trica, com as suas nuances brilhantes e o seu acabamento polido, transforma um acess\u00f3rio funcional numa pe\u00e7a decorativa que capta a ess\u00eancia da arte do mosaico, t\u00e3o caracter\u00edstica de in\u00fameras cidades e regi\u00f5es de Espanha.<\/p>\n<p>Esta lembran\u00e7a aut\u00eantica n\u00e3o \u00e9 apenas uma capa para o telem\u00f3vel, mas uma homenagem \u00e0 rica heran\u00e7a cultural que se encontra em cada canto do pa\u00eds. Com o seu encanto art\u00edstico, esta capa real\u00e7a o amor pelo design e pela criatividade t\u00edpicos dos estilos espanh\u00f3is, tornando-a uma recorda\u00e7\u00e3o significativa para aqueles que exploraram as suas terras. Ideal para turistas e colecionadores, \u00e9 uma excelente adi\u00e7\u00e3o a qualquer cole\u00e7\u00e3o de recorda\u00e7\u00f5es da cultura espanhola. Na Ol\u00e9 Mosaic, oferecemos este produto e outras lembran\u00e7as de qualidade por grosso, perfeitos para lojas de recorda\u00e7\u00f5es tur\u00edsticas que procuram artesanato aut\u00eantico e um toque de distin\u00e7\u00e3o na sua oferta.<\/p>\n","protected":false},"excerpt":{"rendered":"<p>Capa para telem\u00f3vel Samsung A12 fabricada em TPU, com um design abstrato que evoca mosaicos coloridos. Apresenta uma combina\u00e7\u00e3o harmoniosa de tons verdes, azuis e alaranjados, organizados numa composi\u00e7\u00e3o circular que recorda as obras de arte da tradi\u00e7\u00e3o espanhola. Esta capa n\u00e3o s\u00f3 protege o seu dispositivo, como tamb\u00e9m confere um toque art\u00edstico e moderno, ideal para quem procura real\u00e7ar o seu estilo pessoal enquanto desfruta da beleza da cultura.<\/p>\n","protected":false},"featured_media":12490,"template":"","meta":{"_acf_changed":false},"product_brand":[],"product_cat":[685],"product_tag":[],"class_list":{"0":"post-36202","1":"product","2":"type-product","3":"status-publish","4":"has-post-thumbnail","6":"product_cat-capas-para-telemoveis","7":"pa_motivo-resumo","9":"first","10":"instock","11":"shipping-taxable","12":"product-type-simple"},"acf":[],"_links":{"self":[{"href":"https:\/\/olemosaic.com\/pt-pt\/wp-json\/wp\/v2\/product\/36202","targetHints":{"allow":["GET"]}}],"collection":[{"href":"https:\/\/olemosaic.com\/pt-pt\/wp-json\/wp\/v2\/product"}],"about":[{"href":"https:\/\/olemosaic.com\/pt-pt\/wp-json\/wp\/v2\/types\/product"}],"wp:featuredmedia":[{"embeddable":true,"href":"https:\/\/olemosaic.com\/pt-pt\/wp-json\/wp\/v2\/media\/12490"}],"wp:attachment":[{"href":"https:\/\/olemosaic.com\/pt-pt\/wp-json\/wp\/v2\/media?parent=36202"}],"wp:term":[{"taxonomy":"product_brand","embeddable":true,"href":"https:\/\/olemosaic.com\/pt-pt\/wp-json\/wp\/v2\/product_brand?post=36202"},{"taxonomy":"product_cat","embeddable":true,"href":"https:\/\/olemosaic.com\/pt-pt\/wp-json\/wp\/v2\/product_cat?post=36202"},{"taxonomy":"product_tag","embeddable":true,"href":"https:\/\/olemosaic.com\/pt-pt\/wp-json\/wp\/v2\/product_tag?post=36202"}],"curies":[{"name":"wp","href":"https:\/\/api.w.org\/{rel}","templated":true}]}}