{"id":36199,"date":"2025-02-20T22:35:34","date_gmt":"2025-02-20T22:35:34","guid":{"rendered":"http:\/\/olemosaic.com\/producto\/funda-de-telefono-para-samsung-a12-tpu-abstracto-azul\/"},"modified":"2025-07-25T20:23:12","modified_gmt":"2025-07-25T18:23:12","slug":"capa-para-telemovel-samsung-a12-tpu-abstrato-azul","status":"publish","type":"product","link":"https:\/\/olemosaic.com\/pt-pt\/produto\/capa-para-telemovel-samsung-a12-tpu-abstrato-azul\/","title":{"rendered":"Capa para telem\u00f3vel Samsung A12 (TPU). Abstrato. Azul"},"content":{"rendered":"<p>Capa para telem\u00f3vel Samsung A12 com design abstrato &#8220;Barcelona&#8221;. Esta capa original, fabricada em TPU de alta qualidade, oferece uma prote\u00e7\u00e3o excecional para o seu dispositivo. O seu design colorido, em tons azuis vibrantes e formas fluidas, evoca a energia e a criatividade que caracterizam a emblem\u00e1tica cidade de Barcelona. Na parte frontal, destaca-se o nome &#8220;Barcelona&#8221; em letras brancas, fundindo arte contempor\u00e2nea e cultura local, o que a torna um acess\u00f3rio ideal para quem procura um toque art\u00edstico e moderno no seu dia a dia.<\/p>\n<p>A representa\u00e7\u00e3o abstrata, com o seu jogo de cores vivas que fluem e se entrela\u00e7am, \u00e9 inspirada na din\u00e2mica arquitetura e na vibrante vida urbana de Barcelona, celebrando a sua rica heran\u00e7a cultural. Esta lembran\u00e7a n\u00e3o s\u00f3 protege o seu telem\u00f3vel, como tamb\u00e9m atua como um lembrete constante da beleza e da agita\u00e7\u00e3o da cidade, fazendo de cada utiliza\u00e7\u00e3o uma experi\u00eancia visual \u00fanica. Na Ol\u00e9 Mosaic, orgulhamo-nos de oferecer produtos aut\u00eanticos que destacam o encanto das principais cidades espanholas. Esta capa \u00e9 uma excelente op\u00e7\u00e3o para lojas de recorda\u00e7\u00f5es tur\u00edsticas que procuram lembran\u00e7as de qualidade, perfeitas para os viajantes que desejam levar consigo um pedacinho de Barcelona.<\/p>\n","protected":false},"excerpt":{"rendered":"<p>Capa para telem\u00f3vel Samsung A12 fabricada em TPU, com um design abstrato em tons azuis vibrantes. A parte frontal apresenta formas fluidas que evocam movimento, adornadas com o nome &#8220;Barcelona&#8221; em letras brancas, real\u00e7ando a criatividade e energia da cidade. Esta capa, al\u00e9m de proteger o seu dispositivo, acrescenta um toque art\u00edstico e moderno, ideal para os amantes do design contempor\u00e2neo e da cultura barcelonesa.<\/p>\n","protected":false},"featured_media":12495,"template":"","meta":{"_acf_changed":false},"product_brand":[],"product_cat":[685],"product_tag":[],"class_list":{"0":"post-36199","1":"product","2":"type-product","3":"status-publish","4":"has-post-thumbnail","6":"product_cat-capas-para-telemoveis","7":"pa_ciudad-barcelona","8":"pa_motivo-resumo","9":"pa_pais-espana","11":"first","12":"instock","13":"shipping-taxable","14":"product-type-simple"},"acf":[],"_links":{"self":[{"href":"https:\/\/olemosaic.com\/pt-pt\/wp-json\/wp\/v2\/product\/36199","targetHints":{"allow":["GET"]}}],"collection":[{"href":"https:\/\/olemosaic.com\/pt-pt\/wp-json\/wp\/v2\/product"}],"about":[{"href":"https:\/\/olemosaic.com\/pt-pt\/wp-json\/wp\/v2\/types\/product"}],"wp:featuredmedia":[{"embeddable":true,"href":"https:\/\/olemosaic.com\/pt-pt\/wp-json\/wp\/v2\/media\/12495"}],"wp:attachment":[{"href":"https:\/\/olemosaic.com\/pt-pt\/wp-json\/wp\/v2\/media?parent=36199"}],"wp:term":[{"taxonomy":"product_brand","embeddable":true,"href":"https:\/\/olemosaic.com\/pt-pt\/wp-json\/wp\/v2\/product_brand?post=36199"},{"taxonomy":"product_cat","embeddable":true,"href":"https:\/\/olemosaic.com\/pt-pt\/wp-json\/wp\/v2\/product_cat?post=36199"},{"taxonomy":"product_tag","embeddable":true,"href":"https:\/\/olemosaic.com\/pt-pt\/wp-json\/wp\/v2\/product_tag?post=36199"}],"curies":[{"name":"wp","href":"https:\/\/api.w.org\/{rel}","templated":true}]}}