{"id":36181,"date":"2025-02-20T23:35:33","date_gmt":"2025-02-20T22:35:33","guid":{"rendered":"http:\/\/olemosaic.com\/producto\/funda-de-telefono-para-iphone-15-promax-tpu-motivos-marinos-azul-2\/"},"modified":"2025-07-25T20:18:49","modified_gmt":"2025-07-25T18:18:49","slug":"capa-de-telemovel-para-iphone-15-pro-max-tpu-motivos-marinhos-maiorca-azul","status":"publish","type":"product","link":"https:\/\/olemosaic.com\/pt-pt\/produto\/capa-de-telemovel-para-iphone-15-pro-max-tpu-motivos-marinhos-maiorca-azul\/","title":{"rendered":"Capa de telem\u00f3vel para iPhone 15 Pro Max (TPU). Motivos marinhos. Maiorca. Azul"},"content":{"rendered":"<p>Capa para iPhone 15 Pro Max com vibrantes motivos marinhos, um design exclusivo que captura a ess\u00eancia das \u00e1guas cristalinas de Maiorca. Esta capa, fabricada em TPU, um material flex\u00edvel e resistente, garante a prote\u00e7\u00e3o do seu dispositivo ao mesmo tempo que o seu design colorido exibe uma rica cena submarina cheia de vida. No fundo azul profundo, destacam-se peixes coloridos, elegantes tartarugas e encantadores cavalos-marinhos, todos rodeados de flora marinha, criando uma representa\u00e7\u00e3o visual que evoca a beleza natural do Mediterr\u00e2neo.<\/p>\n<p>A base texturizada, com um acabamento em mosaico, \u00e9 uma alus\u00e3o \u00e0 rica tradi\u00e7\u00e3o cultural de Maiorca, onde a arte do mosaico \u00e9 respeitada e celebrada em cada canto da ilha. Al\u00e9m disso, a elegante tipografia que diz &#8220;Mallorca&#8221; n\u00e3o s\u00f3 acrescenta um toque pessoal distintivo, como tamb\u00e9m incorpora um elemento identificativo que ressoa com os turistas que procuram levar um peda\u00e7o da ilha consigo. Esta capa n\u00e3o \u00e9 apenas uma excelente escolha para os amantes do mar, mas tamb\u00e9m atua como uma aut\u00eantica recorda\u00e7\u00e3o das maravilhas de Maiorca. Na Ol\u00e9 Mosaic, oferecemos um amplo cat\u00e1logo de produtos, assegurando que cada lembran\u00e7a, como esta capa de telem\u00f3vel, seja uma pe\u00e7a \u00fanica e relevante que capture a ess\u00eancia da sua origem, perfeita para lojas de presentes tur\u00edsticos que desejem oferecer autenticidade e qualidade aos seus clientes.<\/p>\n","protected":false},"excerpt":{"rendered":"<p>Capa para iPhone 15 Pro Max de TPU com vibrantes motivos marinhos. O design apresenta uma cena submarina cheia de vida, com peixes coloridos, tartarugas e cavalos-marinhos sobre um fundo azul profundo que evoca as \u00e1guas cristalinas de Maiorca. A base texturizada, com um acabamento em mosaico, real\u00e7a a cultura local, enquanto a elegante tipografia que diz &#8220;Mallorca&#8221; acrescenta um toque distintivo. Uma excelente escolha para quem ama o mar e quer proteger o seu dispositivo com estilo.<\/p>\n","protected":false},"featured_media":12988,"template":"","meta":{"_acf_changed":false},"product_brand":[],"product_cat":[685],"product_tag":[516],"class_list":{"0":"post-36181","1":"product","2":"type-product","3":"status-publish","4":"has-post-thumbnail","6":"product_cat-capas-para-telemoveis","7":"product_tag-animais","8":"pa_ciudad-mallorca","9":"pa_motivo-animais-marinhos","10":"pa_pais-espana","12":"first","13":"instock","14":"shipping-taxable","15":"product-type-simple"},"acf":[],"_links":{"self":[{"href":"https:\/\/olemosaic.com\/pt-pt\/wp-json\/wp\/v2\/product\/36181","targetHints":{"allow":["GET"]}}],"collection":[{"href":"https:\/\/olemosaic.com\/pt-pt\/wp-json\/wp\/v2\/product"}],"about":[{"href":"https:\/\/olemosaic.com\/pt-pt\/wp-json\/wp\/v2\/types\/product"}],"wp:featuredmedia":[{"embeddable":true,"href":"https:\/\/olemosaic.com\/pt-pt\/wp-json\/wp\/v2\/media\/12988"}],"wp:attachment":[{"href":"https:\/\/olemosaic.com\/pt-pt\/wp-json\/wp\/v2\/media?parent=36181"}],"wp:term":[{"taxonomy":"product_brand","embeddable":true,"href":"https:\/\/olemosaic.com\/pt-pt\/wp-json\/wp\/v2\/product_brand?post=36181"},{"taxonomy":"product_cat","embeddable":true,"href":"https:\/\/olemosaic.com\/pt-pt\/wp-json\/wp\/v2\/product_cat?post=36181"},{"taxonomy":"product_tag","embeddable":true,"href":"https:\/\/olemosaic.com\/pt-pt\/wp-json\/wp\/v2\/product_tag?post=36181"}],"curies":[{"name":"wp","href":"https:\/\/api.w.org\/{rel}","templated":true}]}}