{"id":36180,"date":"2025-02-20T22:35:33","date_gmt":"2025-02-20T22:35:33","guid":{"rendered":"http:\/\/olemosaic.com\/producto\/funda-de-telefono-para-iphone-15-promax-tpu-panoramica-barcelona-azul-2\/"},"modified":"2025-07-25T20:08:17","modified_gmt":"2025-07-25T18:08:17","slug":"capa-de-telemovel-para-iphone-15-pro-max-tpu-panoramica-barcelona-azul-pt-pt","status":"publish","type":"product","link":"https:\/\/olemosaic.com\/pt-pt\/produto\/capa-de-telemovel-para-iphone-15-pro-max-tpu-panoramica-barcelona-azul-pt-pt\/","title":{"rendered":"Capa de telem\u00f3vel para iPhone 15 Pro Max (TPU). Panor\u00e2mica. Barcelona. Azul"},"content":{"rendered":"<p>Capa para iPhone 15 Pro Max com uma vibrante panor\u00e2mica de Barcelona, ideal para quem deseja levar consigo um peda\u00e7o desta emblem\u00e1tica cidade. Fabricada em TPU de alta qualidade, esta capa n\u00e3o s\u00f3 proporciona uma excelente prote\u00e7\u00e3o contra quedas e impactos, como tamb\u00e9m se destaca pelo seu design colorido e atraente. A imagem central apresenta a emblem\u00e1tica Sagrada Fam\u00edlia, real\u00e7ada em tons intensos de laranja que captam a luz do sol mediterr\u00e2nico, enquanto o fundo azul evoca os c\u00e9us limpos de Barcelona. Elementos caracter\u00edsticos da cidade, como palmeiras e um sol brilhante, acrescentam um toque de frescura e alegria a este produto, que \u00e9 tanto funcional como esteticamente agrad\u00e1vel.<\/p>\n<p>Na parte inferior, o texto &#8220;Barcelona&#8221; num estilo divertido e din\u00e2mico refor\u00e7a a liga\u00e7\u00e3o cultural da lembran\u00e7a com a cidade, transformando-a numa pe\u00e7a representativa da arte e da arquitetura que a distingue. Esta capa \u00e9 a lembran\u00e7a perfeita para turistas que procuram uma recorda\u00e7\u00e3o aut\u00eantica e pr\u00e1tica, refletindo a ess\u00eancia vibrante de Barcelona. Na Ol\u00e9 Mosaic, orgulhamo-nos de oferecer produtos como esta capa para telem\u00f3veis, ideais para aqueles que desejam levar um peda\u00e7o da cidade consigo. Como grossistas de lembran\u00e7as, garantimos qualidade e designs \u00fanicos em cada um dos nossos artigos.<\/p>\n","protected":false},"excerpt":{"rendered":"<p>Capa para iPhone 15 Pro Max fabricada em TPU, com uma chamativa panor\u00e2mica de Barcelona. O seu design colorido destaca a emblem\u00e1tica Sagrada Fam\u00edlia em tons de laranja e detalhes verdes, emoldurada por um vibrante fundo azul e elementos como palmeiras e um sol radiante. Na parte inferior, o texto &#8220;Barcelona&#8221; acrescenta um toque distintivo a esta lembran\u00e7a pr\u00e1tica que combina prote\u00e7\u00e3o e estilo, ideal para os amantes da cidade.<\/p>\n","protected":false},"featured_media":12474,"template":"","meta":{"_acf_changed":false},"product_brand":[],"product_cat":[685],"product_tag":[],"class_list":{"0":"post-36180","1":"product","2":"type-product","3":"status-publish","4":"has-post-thumbnail","6":"product_cat-capas-para-telemoveis","7":"pa_ciudad-barcelona","8":"pa_motivo-panoramas","9":"pa_pais-espana","11":"first","12":"instock","13":"shipping-taxable","14":"product-type-simple"},"acf":[],"_links":{"self":[{"href":"https:\/\/olemosaic.com\/pt-pt\/wp-json\/wp\/v2\/product\/36180","targetHints":{"allow":["GET"]}}],"collection":[{"href":"https:\/\/olemosaic.com\/pt-pt\/wp-json\/wp\/v2\/product"}],"about":[{"href":"https:\/\/olemosaic.com\/pt-pt\/wp-json\/wp\/v2\/types\/product"}],"wp:featuredmedia":[{"embeddable":true,"href":"https:\/\/olemosaic.com\/pt-pt\/wp-json\/wp\/v2\/media\/12474"}],"wp:attachment":[{"href":"https:\/\/olemosaic.com\/pt-pt\/wp-json\/wp\/v2\/media?parent=36180"}],"wp:term":[{"taxonomy":"product_brand","embeddable":true,"href":"https:\/\/olemosaic.com\/pt-pt\/wp-json\/wp\/v2\/product_brand?post=36180"},{"taxonomy":"product_cat","embeddable":true,"href":"https:\/\/olemosaic.com\/pt-pt\/wp-json\/wp\/v2\/product_cat?post=36180"},{"taxonomy":"product_tag","embeddable":true,"href":"https:\/\/olemosaic.com\/pt-pt\/wp-json\/wp\/v2\/product_tag?post=36180"}],"curies":[{"name":"wp","href":"https:\/\/api.w.org\/{rel}","templated":true}]}}