{"id":36173,"date":"2025-02-20T22:35:33","date_gmt":"2025-02-20T22:35:33","guid":{"rendered":"http:\/\/olemosaic.com\/producto\/funda-de-telefono-para-iphone-15-promax-tpu-salamandra-mallorca-blanco\/"},"modified":"2025-07-25T19:56:48","modified_gmt":"2025-07-25T17:56:48","slug":"capa-de-telemovel-para-iphone-15-pro-max-tpu-salamandra-maiorca-branco","status":"publish","type":"product","link":"https:\/\/olemosaic.com\/pt-pt\/produto\/capa-de-telemovel-para-iphone-15-pro-max-tpu-salamandra-maiorca-branco\/","title":{"rendered":"Capa de telem\u00f3vel para iPhone 15 Pro Max (TPU). Salamandra. Maiorca. Branco"},"content":{"rendered":"<p>Capa para iPhone 15 Pro Max com um design vibrante que capta a ess\u00eancia de Maiorca. Este elegante acess\u00f3rio, fabricado em TPU de alta qualidade, apresenta um impressionante mosaico de tons brancos com detalhes de cor que evocam a rica tradi\u00e7\u00e3o art\u00edstica da ilha. Adornada com salamandras multicoloridas, este design reflete a biodiversidade e o encanto da cultura mediterr\u00e2nica, tornando a capa num s\u00edmbolo da beleza natural de Maiorca. As salamandras, com as suas cores vivas e acabamentos brilhantes, d\u00e3o vida ao fundo branco e criam um contraste fascinante que n\u00e3o passar\u00e1 despercebido.<\/p>\n<p>Este produto n\u00e3o s\u00f3 oferece uma prote\u00e7\u00e3o duradoura para o seu iPhone 15 Pro Max, como tamb\u00e9m \u00e9 uma aut\u00eantica recorda\u00e7\u00e3o de Maiorca, ideal para turistas que procuram levar um peda\u00e7o da tradi\u00e7\u00e3o insular. A fus\u00e3o de funcionalidade e est\u00e9tica torna esta capa num souvenir perfeito, que representa a rica heran\u00e7a cultural da regi\u00e3o. Na Ol\u00e9 Mosaic, somos distribuidores de recorda\u00e7\u00f5es que valorizam a autenticidade e o design. Esta capa \u00e9 uma excelente op\u00e7\u00e3o para lojas de presentes tur\u00edsticos que desejam oferecer produtos \u00fanicos e chamativos. Como grossistas de acess\u00f3rios, garantimos que cada pe\u00e7a celebra o melhor da cultura de Maiorca.<\/p>\n","protected":false},"excerpt":{"rendered":"<p>Capa para iPhone 15 Pro Max de TPU, decorada com um vibrante design de salamandras e flores, inspirada na rica cultura de Maiorca. A base branca imita um mosaico com detalhes coloridos, e as salamandras exibem um acabamento multicolorido que se destaca sobre o fundo. Este acess\u00f3rio combina funcionalidade e est\u00e9tica, oferecendo uma prote\u00e7\u00e3o duradoura e um toque art\u00edstico que celebra a beleza mediterr\u00e2nica.<\/p>\n","protected":false},"featured_media":12985,"template":"","meta":{"_acf_changed":false},"product_brand":[],"product_cat":[685],"product_tag":[516],"class_list":{"0":"post-36173","1":"product","2":"type-product","3":"status-publish","4":"has-post-thumbnail","6":"product_cat-capas-para-telemoveis","7":"product_tag-animais","8":"pa_ciudad-mallorca","9":"pa_motivo-salamandras","10":"pa_pais-espana","12":"first","13":"instock","14":"shipping-taxable","15":"product-type-simple"},"acf":[],"_links":{"self":[{"href":"https:\/\/olemosaic.com\/pt-pt\/wp-json\/wp\/v2\/product\/36173","targetHints":{"allow":["GET"]}}],"collection":[{"href":"https:\/\/olemosaic.com\/pt-pt\/wp-json\/wp\/v2\/product"}],"about":[{"href":"https:\/\/olemosaic.com\/pt-pt\/wp-json\/wp\/v2\/types\/product"}],"wp:featuredmedia":[{"embeddable":true,"href":"https:\/\/olemosaic.com\/pt-pt\/wp-json\/wp\/v2\/media\/12985"}],"wp:attachment":[{"href":"https:\/\/olemosaic.com\/pt-pt\/wp-json\/wp\/v2\/media?parent=36173"}],"wp:term":[{"taxonomy":"product_brand","embeddable":true,"href":"https:\/\/olemosaic.com\/pt-pt\/wp-json\/wp\/v2\/product_brand?post=36173"},{"taxonomy":"product_cat","embeddable":true,"href":"https:\/\/olemosaic.com\/pt-pt\/wp-json\/wp\/v2\/product_cat?post=36173"},{"taxonomy":"product_tag","embeddable":true,"href":"https:\/\/olemosaic.com\/pt-pt\/wp-json\/wp\/v2\/product_tag?post=36173"}],"curies":[{"name":"wp","href":"https:\/\/api.w.org\/{rel}","templated":true}]}}