{"id":36171,"date":"2025-02-20T22:35:32","date_gmt":"2025-02-20T22:35:32","guid":{"rendered":"http:\/\/olemosaic.com\/producto\/funda-de-telefono-para-iphone-15-promax-tpu-mariposa-mallorca-blanco\/"},"modified":"2025-07-25T18:55:00","modified_gmt":"2025-07-25T16:55:00","slug":"capa-de-telemovel-para-iphone-15-pro-max-tpu-borboleta-maiorca-branco","status":"publish","type":"product","link":"https:\/\/olemosaic.com\/pt-pt\/produto\/capa-de-telemovel-para-iphone-15-pro-max-tpu-borboleta-maiorca-branco\/","title":{"rendered":"Capa de telem\u00f3vel para iPhone 15 Pro Max (TPU). Borboleta. Maiorca. Branco"},"content":{"rendered":"<p>Capa para iPhone 15 Pro Max com design de borboletas de Maiorca<\/p>\n<p>Esta capa para iPhone 15 Pro Max \u00e9 o complemento perfeito para quem deseja proteger o seu dispositivo e, ao mesmo tempo, levar consigo um peda\u00e7o da vibrante cultura de Maiorca. Fabricada em TPU de alta qualidade, destaca-se pela sua resist\u00eancia e durabilidade, garantindo uma prote\u00e7\u00e3o eficaz contra impactos e riscos. O seu design colorido apresenta borboletas multicoloridas, que evocam a beleza das paisagens mediterr\u00e2nicas, voando sobre um fundo branco que real\u00e7a um mosaico vibrante de tons vermelhos, amarelos e azuis. As borboletas est\u00e3o meticulosamente ilustradas, capturando o seu brilho e eleg\u00e2ncia, o que confere um toque alegre e art\u00edstico a este acess\u00f3rio essencial.<\/p>\n<p>Esta recorda\u00e7\u00e3o de Maiorca n\u00e3o \u00e9 apenas funcional, mas tamb\u00e9m uma magn\u00edfica representa\u00e7\u00e3o do folclore da ilha, onde a natureza e a arte se entrela\u00e7am para criar um ambiente \u00fanico. Ao escolher esta capa, os turistas n\u00e3o s\u00f3 protegem o seu dispositivo, como tamb\u00e9m levam consigo um s\u00edmbolo do colorido car\u00e1ter de Maiorca. Na Ol\u00e9 Mosaic, orgulhamo-nos de ser distribuidores grossistas de recorda\u00e7\u00f5es aut\u00eanticas que celebram a cultura espanhola. Esta capa de borboletas \u00e9 uma excelente op\u00e7\u00e3o para lojas de presentes tur\u00edsticos que procuram oferecer produtos \u00fanicos e com significado.<\/p>\n","protected":false},"excerpt":{"rendered":"<p>Capa para iPhone 15 Pro Max fabricada em TPU, decorada com um colorido design de borboletas que evocam a beleza de Maiorca. O fundo branco real\u00e7a um mosaico vibrante que mistura tons vermelhos, amarelos e azuis, enquanto as borboletas, ilustradas com detalhes em m\u00faltiplas cores, acrescentam um toque alegre e art\u00edstico. Esta capa n\u00e3o s\u00f3 protege o seu dispositivo, como tamb\u00e9m capta a ess\u00eancia do folclore mediterr\u00e2nico.<\/p>\n","protected":false},"featured_media":12987,"template":"","meta":{"_acf_changed":false},"product_brand":[],"product_cat":[685],"product_tag":[516],"class_list":{"0":"post-36171","1":"product","2":"type-product","3":"status-publish","4":"has-post-thumbnail","6":"product_cat-capas-para-telemoveis","7":"product_tag-animais","8":"pa_ciudad-mallorca","9":"pa_motivo-borboletas","10":"pa_pais-espana","12":"first","13":"instock","14":"shipping-taxable","15":"product-type-simple"},"acf":[],"_links":{"self":[{"href":"https:\/\/olemosaic.com\/pt-pt\/wp-json\/wp\/v2\/product\/36171","targetHints":{"allow":["GET"]}}],"collection":[{"href":"https:\/\/olemosaic.com\/pt-pt\/wp-json\/wp\/v2\/product"}],"about":[{"href":"https:\/\/olemosaic.com\/pt-pt\/wp-json\/wp\/v2\/types\/product"}],"wp:featuredmedia":[{"embeddable":true,"href":"https:\/\/olemosaic.com\/pt-pt\/wp-json\/wp\/v2\/media\/12987"}],"wp:attachment":[{"href":"https:\/\/olemosaic.com\/pt-pt\/wp-json\/wp\/v2\/media?parent=36171"}],"wp:term":[{"taxonomy":"product_brand","embeddable":true,"href":"https:\/\/olemosaic.com\/pt-pt\/wp-json\/wp\/v2\/product_brand?post=36171"},{"taxonomy":"product_cat","embeddable":true,"href":"https:\/\/olemosaic.com\/pt-pt\/wp-json\/wp\/v2\/product_cat?post=36171"},{"taxonomy":"product_tag","embeddable":true,"href":"https:\/\/olemosaic.com\/pt-pt\/wp-json\/wp\/v2\/product_tag?post=36171"}],"curies":[{"name":"wp","href":"https:\/\/api.w.org\/{rel}","templated":true}]}}