{"id":36170,"date":"2025-02-20T23:35:32","date_gmt":"2025-02-20T22:35:32","guid":{"rendered":"http:\/\/olemosaic.com\/producto\/funda-de-telefono-para-iphone-15-promax-tpu-abstracto-azul-2\/"},"modified":"2025-07-25T20:16:41","modified_gmt":"2025-07-25T18:16:41","slug":"capa-de-telemovel-para-iphone-15-pro-max-tpu-abstrato-azul-padrao-losangos","status":"publish","type":"product","link":"https:\/\/olemosaic.com\/pt-pt\/produto\/capa-de-telemovel-para-iphone-15-pro-max-tpu-abstrato-azul-padrao-losangos\/","title":{"rendered":"Capa de telem\u00f3vel para iPhone 15 Pro Max (TPU). Abstrato. Azul. Padr\u00e3o de losangos."},"content":{"rendered":"<p>Capa de telem\u00f3vel para iPhone 15 Pro Max com design abstrato e uma vibrante paleta de cores. Fabricada em TPU, um material flex\u00edvel e dur\u00e1vel, esta capa oferece uma prote\u00e7\u00e3o excecional contra quedas e riscos, resguardando o seu dispositivo em todos os momentos. O design apresenta um padr\u00e3o de losangos entrela\u00e7ados em tons de azul, verde, amarelo e vermelho, criando um efeito visual cativante que evoca modernidade e originalidade. Cada losango \u00e9 matizado com uma transi\u00e7\u00e3o de colora\u00e7\u00e3o suave, conferindo um toque art\u00edstico que transforma o seu smartphone numa verdadeira obra de arte.<\/p>\n<p>Al\u00e9m de ser um protetor eficaz, esta capa acrescenta um estilo contempor\u00e2neo e chamativo ao seu iPhone 15 Pro Max, tornando-se uma op\u00e7\u00e3o ideal para quem procura destacar-se. A sua liga\u00e7\u00e3o cultural reflete-se na influ\u00eancia da arte abstrata contempor\u00e2nea, muito relevante em Espanha e Portugal, que eleva os padr\u00f5es est\u00e9ticos dos acess\u00f3rios tecnol\u00f3gicos. Este artigo \u00e9 um excelente souvenir que n\u00e3o s\u00f3 protege o seu dispositivo, como tamb\u00e9m representa a criatividade e a vivacidade da cultura local.<\/p>\n<p>Na Ol\u00e9 Mosaic, como distribuidores de acess\u00f3rios de qualidade por grosso, oferecemos produtos aut\u00eanticos que capturam a ess\u00eancia das tend\u00eancias atuais. Esta capa \u00e9, portanto, um investimento funcional e uma recorda\u00e7\u00e3o atraente para turistas e amantes do design.<\/p>\n","protected":false},"excerpt":{"rendered":"<p>Capa para iPhone 15 Pro Max fabricada em TPU, com um design abstrato que exibe uma vibrante paleta de cores em tons azuis, verdes, amarelos e vermelhos. A superf\u00edcie apresenta um padr\u00e3o de losangos entrela\u00e7ados que acentua a sua originalidade, oferecendo um estilo moderno e chamativo. Esta capa n\u00e3o s\u00f3 protege o seu dispositivo de quedas e riscos, como tamb\u00e9m acrescenta um toque art\u00edstico e contempor\u00e2neo ao seu smartphone.<\/p>\n","protected":false},"featured_media":12478,"template":"","meta":{"_acf_changed":false},"product_brand":[],"product_cat":[685],"product_tag":[],"class_list":{"0":"post-36170","1":"product","2":"type-product","3":"status-publish","4":"has-post-thumbnail","6":"product_cat-capas-para-telemoveis","7":"pa_motivo-resumo","9":"first","10":"instock","11":"shipping-taxable","12":"product-type-simple"},"acf":[],"_links":{"self":[{"href":"https:\/\/olemosaic.com\/pt-pt\/wp-json\/wp\/v2\/product\/36170","targetHints":{"allow":["GET"]}}],"collection":[{"href":"https:\/\/olemosaic.com\/pt-pt\/wp-json\/wp\/v2\/product"}],"about":[{"href":"https:\/\/olemosaic.com\/pt-pt\/wp-json\/wp\/v2\/types\/product"}],"wp:featuredmedia":[{"embeddable":true,"href":"https:\/\/olemosaic.com\/pt-pt\/wp-json\/wp\/v2\/media\/12478"}],"wp:attachment":[{"href":"https:\/\/olemosaic.com\/pt-pt\/wp-json\/wp\/v2\/media?parent=36170"}],"wp:term":[{"taxonomy":"product_brand","embeddable":true,"href":"https:\/\/olemosaic.com\/pt-pt\/wp-json\/wp\/v2\/product_brand?post=36170"},{"taxonomy":"product_cat","embeddable":true,"href":"https:\/\/olemosaic.com\/pt-pt\/wp-json\/wp\/v2\/product_cat?post=36170"},{"taxonomy":"product_tag","embeddable":true,"href":"https:\/\/olemosaic.com\/pt-pt\/wp-json\/wp\/v2\/product_tag?post=36170"}],"curies":[{"name":"wp","href":"https:\/\/api.w.org\/{rel}","templated":true}]}}