{"id":36169,"date":"2025-02-20T22:35:32","date_gmt":"2025-02-20T22:35:32","guid":{"rendered":"http:\/\/olemosaic.com\/producto\/funda-de-telefono-para-iphone-15-pro-tpu-gato-mallorca-negro\/"},"modified":"2025-07-25T20:00:48","modified_gmt":"2025-07-25T18:00:48","slug":"capa-de-telemovel-para-iphone-15-pro-tpu-gato-maiorca-preto","status":"publish","type":"product","link":"https:\/\/olemosaic.com\/pt-pt\/produto\/capa-de-telemovel-para-iphone-15-pro-tpu-gato-maiorca-preto\/","title":{"rendered":"Capa de telem\u00f3vel para iPhone 15 Pro (TPU). Gato. Maiorca. Preto"},"content":{"rendered":"<p>Capa para iPhone 15 Pro inspirada na beleza de Maiorca, pensada para os amantes da cultura mediterr\u00e2nica. Fabricada em TPU, esta capa combina resist\u00eancia e flexibilidade para proteger o seu dispositivo de choques e riscos di\u00e1rios. O seu design vibrante apresenta um gato colorido estilizado em mosaico, com uma mistura de tons brilhantes que alegram a vista e evocam o esp\u00edrito quente da ilha. O fundo preto confere um contraste atraente, permitindo que as cores do design se destaquem com total intensidade. \u00c0 volta do gato, borboletas em voo acrescentam um toque de movimento, simbolizando a alegria e a liberdade t\u00e3o caracter\u00edsticas do ambiente de Maiorca.<\/p>\n<p>Esta recorda\u00e7\u00e3o de Maiorca n\u00e3o \u00e9 apenas funcional, mas tamb\u00e9m serve como um lembrete constante das maravilhas da ilha, perfeito para quem procura levar um peda\u00e7o da sua ess\u00eancia cultural. Ideal para turistas e visitantes que desejam uma recorda\u00e7\u00e3o significativa da sua viagem, esta capa capta a autenticidade e a arte da regi\u00e3o, tornando-se uma excelente op\u00e7\u00e3o para lojas de presentes tur\u00edsticos. Na Ol\u00e9 Mosaic, como grossistas de acess\u00f3rios, garantimos que os nossos produtos s\u00e3o concebidos com um foco na qualidade e na autenticidade, assegurando que cada capa seja um reflexo genu\u00edno da cultura mediterr\u00e2nica.<\/p>\n","protected":false},"excerpt":{"rendered":"<p>Capa para iPhone 15 Pro fabricada em TPU, com um design vibrante de um gato colorido. Inspirada na ess\u00eancia de Maiorca, a capa apresenta um gato estilizado em mosaico com uma mistura de cores brilhantes, rodeado de borboletas em voo. O fundo preto real\u00e7a o design, criando um contraste atraente. Esta capa n\u00e3o s\u00f3 protege o seu dispositivo, como tamb\u00e9m acrescenta um toque de cultura e alegria mediterr\u00e2nica ao seu dia a dia.<\/p>\n","protected":false},"featured_media":12984,"template":"","meta":{"_acf_changed":false},"product_brand":[],"product_cat":[685],"product_tag":[516],"class_list":{"0":"post-36169","1":"product","2":"type-product","3":"status-publish","4":"has-post-thumbnail","6":"product_cat-capas-para-telemoveis","7":"product_tag-animais","8":"pa_ciudad-mallorca","9":"pa_motivo-gatos","10":"pa_pais-espana","12":"first","13":"instock","14":"shipping-taxable","15":"product-type-simple"},"acf":[],"_links":{"self":[{"href":"https:\/\/olemosaic.com\/pt-pt\/wp-json\/wp\/v2\/product\/36169","targetHints":{"allow":["GET"]}}],"collection":[{"href":"https:\/\/olemosaic.com\/pt-pt\/wp-json\/wp\/v2\/product"}],"about":[{"href":"https:\/\/olemosaic.com\/pt-pt\/wp-json\/wp\/v2\/types\/product"}],"wp:featuredmedia":[{"embeddable":true,"href":"https:\/\/olemosaic.com\/pt-pt\/wp-json\/wp\/v2\/media\/12984"}],"wp:attachment":[{"href":"https:\/\/olemosaic.com\/pt-pt\/wp-json\/wp\/v2\/media?parent=36169"}],"wp:term":[{"taxonomy":"product_brand","embeddable":true,"href":"https:\/\/olemosaic.com\/pt-pt\/wp-json\/wp\/v2\/product_brand?post=36169"},{"taxonomy":"product_cat","embeddable":true,"href":"https:\/\/olemosaic.com\/pt-pt\/wp-json\/wp\/v2\/product_cat?post=36169"},{"taxonomy":"product_tag","embeddable":true,"href":"https:\/\/olemosaic.com\/pt-pt\/wp-json\/wp\/v2\/product_tag?post=36169"}],"curies":[{"name":"wp","href":"https:\/\/api.w.org\/{rel}","templated":true}]}}