{"id":36133,"date":"2025-02-20T23:35:31","date_gmt":"2025-02-20T22:35:31","guid":{"rendered":"http:\/\/olemosaic.com\/producto\/funda-de-telefono-para-iphone-15-pro-tpu-abstracto-azul-2\/"},"modified":"2025-07-25T20:34:48","modified_gmt":"2025-07-25T18:34:48","slug":"capa-para-telemovel-iphone-15-pro-tpu-abstrato-maiorca-azul","status":"publish","type":"product","link":"https:\/\/olemosaic.com\/pt-pt\/produto\/capa-para-telemovel-iphone-15-pro-tpu-abstrato-maiorca-azul\/","title":{"rendered":"Capa para telem\u00f3vel para iPhone 15 Pro (TPU). Abstrato. Maiorca. Azul"},"content":{"rendered":"<p>Capa para iPhone 15 Pro com um vibrante design abstrato que capta a ess\u00eancia da beleza maiorquina. Fabricada em TPU, esta capa n\u00e3o s\u00f3 oferece uma prote\u00e7\u00e3o ideal contra choques e quedas, como tamb\u00e9m apresenta um acabamento liso e flex\u00edvel que facilita o seu manuseamento. O motivo art\u00edstico exibe uma explos\u00e3o de tons azuis, amarelos, vermelhos e rosas que criam um efeito visual cativante, evocando o ambiente natural e colorido de Maiorca. No centro, uma tipografia apelativa destaca o nome da ilha, integrando a cultura local com um estilo moderno e atraente.<\/p>\n<p>Este produto \u00e9 perfeito para quem deseja exibir o seu amor por Maiorca e, ao mesmo tempo, proteger o seu dispositivo. A fus\u00e3o de arte e funcionalidade nesta capa torna-a uma recorda\u00e7\u00e3o \u00fanica e significativa para turistas e amantes da ilha. Na Ol\u00e9 Mosaic, oferecemos esta lembran\u00e7a inovadora juntamente com uma vasta gama de artigos representativos da rica cultura espanhola, assegurando a autenticidade e qualidade que os retalhistas procuram. Ideal para lojas de presentes tur\u00edsticos, esta capa de telem\u00f3vel \u00e9 uma excelente op\u00e7\u00e3o para quem procura lembran\u00e7as de Maiorca que sejam tanto pr\u00e1ticas como esteticamente agrad\u00e1veis. Com a oferta de capas por grosso, garantimos produtos concebidos a pensar na liga\u00e7\u00e3o com a beleza e cultura de cada regi\u00e3o.<\/p>\n","protected":false},"excerpt":{"rendered":"<p>Capa para iPhone 15 Pro de TPU, com um design abstrato e vibrante em tons azuis, amarelos, vermelhos e rosas. A capa apresenta um motivo art\u00edstico que evoca a beleza de Maiorca, com uma tipografia apelativa que destaca o nome da ilha. O seu acabamento liso e flex\u00edvel oferece uma prote\u00e7\u00e3o ideal contra choques, mantendo um estilo moderno e colorido, ideal para quem deseja um toque criativo no seu dispositivo.<\/p>\n","protected":false},"featured_media":12983,"template":"","meta":{"_acf_changed":false},"product_brand":[],"product_cat":[685],"product_tag":[],"class_list":{"0":"post-36133","1":"product","2":"type-product","3":"status-publish","4":"has-post-thumbnail","6":"product_cat-capas-para-telemoveis","7":"pa_ciudad-mallorca","8":"pa_motivo-resumo","9":"pa_pais-espana","11":"first","12":"instock","13":"shipping-taxable","14":"product-type-simple"},"acf":[],"_links":{"self":[{"href":"https:\/\/olemosaic.com\/pt-pt\/wp-json\/wp\/v2\/product\/36133","targetHints":{"allow":["GET"]}}],"collection":[{"href":"https:\/\/olemosaic.com\/pt-pt\/wp-json\/wp\/v2\/product"}],"about":[{"href":"https:\/\/olemosaic.com\/pt-pt\/wp-json\/wp\/v2\/types\/product"}],"wp:featuredmedia":[{"embeddable":true,"href":"https:\/\/olemosaic.com\/pt-pt\/wp-json\/wp\/v2\/media\/12983"}],"wp:attachment":[{"href":"https:\/\/olemosaic.com\/pt-pt\/wp-json\/wp\/v2\/media?parent=36133"}],"wp:term":[{"taxonomy":"product_brand","embeddable":true,"href":"https:\/\/olemosaic.com\/pt-pt\/wp-json\/wp\/v2\/product_brand?post=36133"},{"taxonomy":"product_cat","embeddable":true,"href":"https:\/\/olemosaic.com\/pt-pt\/wp-json\/wp\/v2\/product_cat?post=36133"},{"taxonomy":"product_tag","embeddable":true,"href":"https:\/\/olemosaic.com\/pt-pt\/wp-json\/wp\/v2\/product_tag?post=36133"}],"curies":[{"name":"wp","href":"https:\/\/api.w.org\/{rel}","templated":true}]}}