{"id":36132,"date":"2025-02-20T22:35:31","date_gmt":"2025-02-20T22:35:31","guid":{"rendered":"http:\/\/olemosaic.com\/producto\/funda-de-telefono-para-iphone-15-pro-tpu-gato-mallorca-blanco\/"},"modified":"2025-07-25T19:22:08","modified_gmt":"2025-07-25T17:22:08","slug":"capa-para-telemovel-iphone-15-pro-tpu-gato-maiorca-branco","status":"publish","type":"product","link":"https:\/\/olemosaic.com\/pt-pt\/produto\/capa-para-telemovel-iphone-15-pro-tpu-gato-maiorca-branco\/","title":{"rendered":"Capa para telem\u00f3vel para iPhone 15 Pro (TPU). Gato. Maiorca. Branco"},"content":{"rendered":"<p>Capa para iPhone 15 Pro com um design encantador de um gato inspirado na fauna de Maiorca. Fabricada em TPU, esta capa combina flexibilidade e resist\u00eancia, assegurando uma prote\u00e7\u00e3o eficaz para o seu dispositivo. O design colorido apresenta uma ilustra\u00e7\u00e3o de um gato num vibrante estilo mosaico, onde os tons vermelhos, azuis, verdes e amarelos d\u00e3o vida \u00e0 imagem, criando um efeito apelativo que capta a ess\u00eancia da fauna local. Este gato, acompanhado de borboletas que dan\u00e7am ao seu redor, adiciona um toque fresco e din\u00e2mico \u00e0 capa, enquanto o fundo branco com efeito de textura partida real\u00e7a as cores do design, oferecendo um contraste atraente e moderno.<\/p>\n<p>Al\u00e9m disso, o texto &#8220;Mallorca&#8221; \u00e9 exibido numa tipografia clara e estilizada, adicionando um toque aut\u00eantico a este acess\u00f3rio que n\u00e3o s\u00f3 protege o seu telem\u00f3vel, como tamb\u00e9m serve como uma recorda\u00e7\u00e3o representativa desta bela ilha balear. Este artigo \u00e9 perfeito para turistas e amantes de Maiorca que procuram uma lembran\u00e7a \u00fanica que combine funcionalidade e estilo. Na Ol\u00e9 Mosaic, orgulhamo-nos de oferecer uma variedade de produtos aut\u00eanticos e culturais, e esta capa \u00e9 uma op\u00e7\u00e3o ideal para lojas de presentes tur\u00edsticos que desejem oferecer lembran\u00e7as que reflitam a singularidade de Maiorca. Como distribuidores grossistas, garantimos a qualidade e autenticidade de cada produto dispon\u00edvel.<\/p>\n","protected":false},"excerpt":{"rendered":"<p>Capa para iPhone 15 Pro fabricada em TPU, decorada com um colorido design de um gato inspirado na fauna maiorquina. A ilustra\u00e7\u00e3o apresenta um felino com um estilo de mosaico vibrante, acompanhado de borboletas que lhe d\u00e3o vida. O fundo branco, com um efeito de textura rachada, real\u00e7a as cores vivas do design. Inclui a palavra &#8220;Mallorca&#8221; numa tipografia clara, perfeita para adicionar um toque de estilo maiorquino ao seu dispositivo.<\/p>\n","protected":false},"featured_media":12980,"template":"","meta":{"_acf_changed":false},"product_brand":[],"product_cat":[685],"product_tag":[516],"class_list":{"0":"post-36132","1":"product","2":"type-product","3":"status-publish","4":"has-post-thumbnail","6":"product_cat-capas-para-telemoveis","7":"product_tag-animais","8":"pa_ciudad-mallorca","9":"pa_motivo-gatos","10":"pa_pais-espana","12":"first","13":"instock","14":"shipping-taxable","15":"product-type-simple"},"acf":[],"_links":{"self":[{"href":"https:\/\/olemosaic.com\/pt-pt\/wp-json\/wp\/v2\/product\/36132","targetHints":{"allow":["GET"]}}],"collection":[{"href":"https:\/\/olemosaic.com\/pt-pt\/wp-json\/wp\/v2\/product"}],"about":[{"href":"https:\/\/olemosaic.com\/pt-pt\/wp-json\/wp\/v2\/types\/product"}],"wp:featuredmedia":[{"embeddable":true,"href":"https:\/\/olemosaic.com\/pt-pt\/wp-json\/wp\/v2\/media\/12980"}],"wp:attachment":[{"href":"https:\/\/olemosaic.com\/pt-pt\/wp-json\/wp\/v2\/media?parent=36132"}],"wp:term":[{"taxonomy":"product_brand","embeddable":true,"href":"https:\/\/olemosaic.com\/pt-pt\/wp-json\/wp\/v2\/product_brand?post=36132"},{"taxonomy":"product_cat","embeddable":true,"href":"https:\/\/olemosaic.com\/pt-pt\/wp-json\/wp\/v2\/product_cat?post=36132"},{"taxonomy":"product_tag","embeddable":true,"href":"https:\/\/olemosaic.com\/pt-pt\/wp-json\/wp\/v2\/product_tag?post=36132"}],"curies":[{"name":"wp","href":"https:\/\/api.w.org\/{rel}","templated":true}]}}