{"id":36131,"date":"2025-02-20T22:35:31","date_gmt":"2025-02-20T22:35:31","guid":{"rendered":"http:\/\/olemosaic.com\/producto\/funda-de-telefono-para-iphone-15-pro-tpu-mariposa-barcelona-blanco\/"},"modified":"2025-07-25T19:53:55","modified_gmt":"2025-07-25T17:53:55","slug":"capa-para-telemovel-iphone-15-pro-tpu-borboleta-barcelona-branco","status":"publish","type":"product","link":"https:\/\/olemosaic.com\/pt-pt\/produto\/capa-para-telemovel-iphone-15-pro-tpu-borboleta-barcelona-branco\/","title":{"rendered":"Capa para telem\u00f3vel para iPhone 15 Pro (TPU). Borboleta. Barcelona. Branco"},"content":{"rendered":"<p>Capa para iPhone 15 Pro com um design cativante de borboletas inspirado no mosaico de Barcelona. Fabricada em TPU, um material leve e resistente que protege eficazmente contra quedas e riscos, esta capa assegura a integridade do seu dispositivo sem renunciar ao estilo. O design vibrante apresenta borboletas numa gama crom\u00e1tica que inclui laranjas, azuis e rosas intensos, contrastando espetacularmente com um fundo branco que simula azulejos partidos, evocando a famosa obra de Antoni Gaud\u00ed na cidade. A palavra &#8220;Barcelona&#8221;, estilizada de forma moderna, complementa o design, adicionando um toque distintivo que real\u00e7a a liga\u00e7\u00e3o cultural com a capital catal\u00e3.<\/p>\n<p>Esta recorda\u00e7\u00e3o n\u00e3o \u00e9 apenas um acess\u00f3rio pr\u00e1tico, mas tamb\u00e9m uma representa\u00e7\u00e3o art\u00edstica do rico patrim\u00f3nio de Barcelona, conhecida pela sua arquitetura modernista e pela sua vibrante cena cultural. A fus\u00e3o da arte do mosaico com um elemento quotidiano como a capa do telem\u00f3vel torna-a uma excelente op\u00e7\u00e3o para turistas que procuram lembran\u00e7as aut\u00eanticas e significativas. Na Ol\u00e9 Mosaic, especializamo-nos na distribui\u00e7\u00e3o de produtos como esta capa, ideais para lojas de presentes tur\u00edsticos que procuram oferecer artigos de qualidade e relev\u00e2ncia cultural. Uma verdadeira homenagem \u00e0 beleza de Barcelona que certamente atrair\u00e1 quem deseja levar consigo um peda\u00e7o desta maravilhosa cidade.<\/p>\n","protected":false},"excerpt":{"rendered":"<p>Capa para iPhone 15 Pro fabricada em TPU, adornada com um design vibrante de borboletas inspiradas no mosaico de Barcelona. O colorido das borboletas, com tons que v\u00e3o do laranja ao azul e ao rosa, destaca-se sobre um fundo branco que simula azulejos partidos. A palavra &#8220;Barcelona&#8221; apresenta-se elegantemente num estilo moderno, adicionando um toque distintivo a este acess\u00f3rio pr\u00e1tico e visualmente atraente.<\/p>\n","protected":false},"featured_media":12445,"template":"","meta":{"_acf_changed":false},"product_brand":[],"product_cat":[685],"product_tag":[516],"class_list":{"0":"post-36131","1":"product","2":"type-product","3":"status-publish","4":"has-post-thumbnail","6":"product_cat-capas-para-telemoveis","7":"product_tag-animais","8":"pa_ciudad-barcelona","9":"pa_motivo-borboletas","10":"pa_pais-espana","12":"first","13":"instock","14":"shipping-taxable","15":"product-type-simple"},"acf":[],"_links":{"self":[{"href":"https:\/\/olemosaic.com\/pt-pt\/wp-json\/wp\/v2\/product\/36131","targetHints":{"allow":["GET"]}}],"collection":[{"href":"https:\/\/olemosaic.com\/pt-pt\/wp-json\/wp\/v2\/product"}],"about":[{"href":"https:\/\/olemosaic.com\/pt-pt\/wp-json\/wp\/v2\/types\/product"}],"wp:featuredmedia":[{"embeddable":true,"href":"https:\/\/olemosaic.com\/pt-pt\/wp-json\/wp\/v2\/media\/12445"}],"wp:attachment":[{"href":"https:\/\/olemosaic.com\/pt-pt\/wp-json\/wp\/v2\/media?parent=36131"}],"wp:term":[{"taxonomy":"product_brand","embeddable":true,"href":"https:\/\/olemosaic.com\/pt-pt\/wp-json\/wp\/v2\/product_brand?post=36131"},{"taxonomy":"product_cat","embeddable":true,"href":"https:\/\/olemosaic.com\/pt-pt\/wp-json\/wp\/v2\/product_cat?post=36131"},{"taxonomy":"product_tag","embeddable":true,"href":"https:\/\/olemosaic.com\/pt-pt\/wp-json\/wp\/v2\/product_tag?post=36131"}],"curies":[{"name":"wp","href":"https:\/\/api.w.org\/{rel}","templated":true}]}}