{"id":36127,"date":"2025-02-20T22:35:30","date_gmt":"2025-02-20T22:35:30","guid":{"rendered":"http:\/\/olemosaic.com\/producto\/funda-de-telefono-para-iphone-15-pro-tpu-mosaico-azul\/"},"modified":"2025-07-25T19:16:33","modified_gmt":"2025-07-25T17:16:33","slug":"capa-de-telemovel-para-iphone-15-pro-tpu-mosaico-azul","status":"publish","type":"product","link":"https:\/\/olemosaic.com\/pt-pt\/produto\/capa-de-telemovel-para-iphone-15-pro-tpu-mosaico-azul\/","title":{"rendered":"Capa de telem\u00f3vel para iPhone 15 Pro (TPU). Mosaico. Azul"},"content":{"rendered":"<p>Capa para iPhone 15 Pro com design de mosaico andaluz em tons azuis<\/p>\n<p>Descubra a fus\u00e3o perfeita de estilo e funcionalidade com a nossa capa para iPhone 15 Pro, fabricada em TPU resistente e flex\u00edvel. Esta capa destaca-se pelo seu design elegante, que incorpora um belo padr\u00e3o de mosaico em tonalidades azuis, evocando a rica heran\u00e7a cultural da cer\u00e2mica andaluza. O fundo azul intenso oferece uma moldura vibrante que contrasta com as delicadas linhas brancas, criando uma obra de arte que n\u00e3o s\u00f3 protege o seu dispositivo, mas tamb\u00e9m se ergue como um s\u00edmbolo da est\u00e9tica tradicional da Andaluzia.<\/p>\n<p>A eleg\u00e2ncia do mosaico reflete a beleza da arquitetura t\u00edpica de regi\u00f5es como Sevilha e Granada, conhecida pelos seus intrincados azulejos e pela sua vibrante hist\u00f3ria art\u00edstica. Ao escolher esta capa, n\u00e3o s\u00f3 adquire um excelente acess\u00f3rio tecnol\u00f3gico, como tamb\u00e9m leva um peda\u00e7o da cultura espanhola consigo. \u00c9 a op\u00e7\u00e3o ideal para turistas e amantes da cultura que procuram um souvenir aut\u00eantico e funcional que represente a ess\u00eancia da sua viagem.<\/p>\n<p>Na Ol\u00e9 Mosaic, orgulhamo-nos de oferecer produtos \u00fanicos e de qualidade, o que nos posiciona como o seu distribuidor de confian\u00e7a de souvenirs por grosso. Esta capa de telem\u00f3vel n\u00e3o \u00e9 apenas um presente pr\u00e1tico, mas tamb\u00e9m uma recorda\u00e7\u00e3o memor\u00e1vel de uma das tradi\u00e7\u00f5es mais belas de Espanha, perfeita para estabelecimentos que desejem oferecer artigos distintivos relacionados com a arte e a cultura.<\/p>\n","protected":false},"excerpt":{"rendered":"<p>Capa para iPhone 15 Pro de TPU, com um elegante design de mosaico em tons azuis. Este acess\u00f3rio destaca-se pela sua resist\u00eancia e flexibilidade, oferecendo uma prote\u00e7\u00e3o eficaz para o seu dispositivo. O padr\u00e3o de mosaico, inspirado na cer\u00e2mica andaluza, apresenta linhas brancas que contrastam com o fundo azul, evocando a beleza da arquitetura tradicional. Ideal para quem procura combinar estilo e funcionalidade.<\/p>\n","protected":false},"featured_media":12457,"template":"","meta":{"_acf_changed":false},"product_brand":[],"product_cat":[685],"product_tag":[],"class_list":{"0":"post-36127","1":"product","2":"type-product","3":"status-publish","4":"has-post-thumbnail","6":"product_cat-capas-para-telemoveis","7":"pa_motivo-mosaico","9":"first","10":"instock","11":"shipping-taxable","12":"product-type-simple"},"acf":[],"_links":{"self":[{"href":"https:\/\/olemosaic.com\/pt-pt\/wp-json\/wp\/v2\/product\/36127","targetHints":{"allow":["GET"]}}],"collection":[{"href":"https:\/\/olemosaic.com\/pt-pt\/wp-json\/wp\/v2\/product"}],"about":[{"href":"https:\/\/olemosaic.com\/pt-pt\/wp-json\/wp\/v2\/types\/product"}],"wp:featuredmedia":[{"embeddable":true,"href":"https:\/\/olemosaic.com\/pt-pt\/wp-json\/wp\/v2\/media\/12457"}],"wp:attachment":[{"href":"https:\/\/olemosaic.com\/pt-pt\/wp-json\/wp\/v2\/media?parent=36127"}],"wp:term":[{"taxonomy":"product_brand","embeddable":true,"href":"https:\/\/olemosaic.com\/pt-pt\/wp-json\/wp\/v2\/product_brand?post=36127"},{"taxonomy":"product_cat","embeddable":true,"href":"https:\/\/olemosaic.com\/pt-pt\/wp-json\/wp\/v2\/product_cat?post=36127"},{"taxonomy":"product_tag","embeddable":true,"href":"https:\/\/olemosaic.com\/pt-pt\/wp-json\/wp\/v2\/product_tag?post=36127"}],"curies":[{"name":"wp","href":"https:\/\/api.w.org\/{rel}","templated":true}]}}