{"id":36125,"date":"2025-02-20T23:35:29","date_gmt":"2025-02-20T22:35:29","guid":{"rendered":"http:\/\/olemosaic.com\/producto\/funda-de-telefono-para-iphone-15-pro-tpu-abstracto-verde-2\/"},"modified":"2025-07-25T20:36:51","modified_gmt":"2025-07-25T18:36:51","slug":"capa-de-telemovel-para-iphone-15-pro-tpu-abstrato-mosaico-verde","status":"publish","type":"product","link":"https:\/\/olemosaic.com\/pt-pt\/produto\/capa-de-telemovel-para-iphone-15-pro-tpu-abstrato-mosaico-verde\/","title":{"rendered":"Capa de telem\u00f3vel para iPhone 15 Pro (TPU). Abstrato. Mosaico. Verde"},"content":{"rendered":"<p>Capa para iPhone 15 Pro com design abstrato. Esta elegante capa, fabricada em TPU de alta qualidade, destaca-se pelo seu design cativante que evoca a riqueza visual dos mosaicos tradicionais. Os seus tons verdes, azuis e ocres combinam-se num padr\u00e3o geom\u00e9trico que se estende por toda a superf\u00edcie, criando uma est\u00e9tica vibrante e moderna que n\u00e3o passa despercebida. Ideal para quem procura n\u00e3o s\u00f3 proteger o seu dispositivo, mas tamb\u00e9m um acess\u00f3rio que reflita o seu estilo pessoal.<\/p>\n<p>O motivo abstrato, inspirado nas t\u00e9cnicas artesanais de mosaico, mergulhar\u00e1 os utilizadores num mundo de cor e criatividade, evocando a beleza das pra\u00e7as e edif\u00edcios decorados com mosaicos, um elemento caracter\u00edstico da cultura mediterr\u00e2nica. A capa n\u00e3o s\u00f3 protege eficazmente o iPhone 15 Pro de impactos e riscos, como tamb\u00e9m acrescenta um toque art\u00edstico, tornando-se uma excelente recorda\u00e7\u00e3o de estilo contempor\u00e2neo.<\/p>\n<p>Na Ol\u00e9 Mosaic, especializamo-nos na distribui\u00e7\u00e3o de souvenirs \u00fanicos e de qualidade. Esta capa \u00e9 uma excelente op\u00e7\u00e3o para turistas que desejem levar uma recorda\u00e7\u00e3o aut\u00eantica, e tamb\u00e9m \u00e9 ideal para lojas de presentes tur\u00edsticos que procuram produtos originais e relevantes. Como grossistas de acess\u00f3rios, garantimos que cada pe\u00e7a, como esta capa, combina design, qualidade e autenticidade, tornando-a o presente perfeito para qualquer ocasi\u00e3o.<\/p>\n","protected":false},"excerpt":{"rendered":"<p>Capa de telem\u00f3vel para iPhone 15 Pro, fabricada em TPU, que se destaca pelo seu design abstrato em tons verdes, azuis e ocres. A superf\u00edcie apresenta um motivo que recorda um mosaico, com formas geom\u00e9tricas precisas e coloridas, oferecendo uma est\u00e9tica vibrante e moderna. Este acess\u00f3rio n\u00e3o s\u00f3 protege o dispositivo, como tamb\u00e9m acrescenta um toque art\u00edstico, ideal para quem aprecia o design contempor\u00e2neo.<\/p>\n","protected":false},"featured_media":12450,"template":"","meta":{"_acf_changed":false},"product_brand":[],"product_cat":[685],"product_tag":[],"class_list":{"0":"post-36125","1":"product","2":"type-product","3":"status-publish","4":"has-post-thumbnail","6":"product_cat-capas-para-telemoveis","7":"pa_motivo-resumo","9":"first","10":"instock","11":"shipping-taxable","12":"product-type-simple"},"acf":[],"_links":{"self":[{"href":"https:\/\/olemosaic.com\/pt-pt\/wp-json\/wp\/v2\/product\/36125","targetHints":{"allow":["GET"]}}],"collection":[{"href":"https:\/\/olemosaic.com\/pt-pt\/wp-json\/wp\/v2\/product"}],"about":[{"href":"https:\/\/olemosaic.com\/pt-pt\/wp-json\/wp\/v2\/types\/product"}],"wp:featuredmedia":[{"embeddable":true,"href":"https:\/\/olemosaic.com\/pt-pt\/wp-json\/wp\/v2\/media\/12450"}],"wp:attachment":[{"href":"https:\/\/olemosaic.com\/pt-pt\/wp-json\/wp\/v2\/media?parent=36125"}],"wp:term":[{"taxonomy":"product_brand","embeddable":true,"href":"https:\/\/olemosaic.com\/pt-pt\/wp-json\/wp\/v2\/product_brand?post=36125"},{"taxonomy":"product_cat","embeddable":true,"href":"https:\/\/olemosaic.com\/pt-pt\/wp-json\/wp\/v2\/product_cat?post=36125"},{"taxonomy":"product_tag","embeddable":true,"href":"https:\/\/olemosaic.com\/pt-pt\/wp-json\/wp\/v2\/product_tag?post=36125"}],"curies":[{"name":"wp","href":"https:\/\/api.w.org\/{rel}","templated":true}]}}