{"id":36124,"date":"2025-02-20T22:35:29","date_gmt":"2025-02-20T22:35:29","guid":{"rendered":"http:\/\/olemosaic.com\/producto\/funda-de-telefono-para-iphone-15-pro-tpu-abstracto-verde\/"},"modified":"2025-07-25T20:27:00","modified_gmt":"2025-07-25T18:27:00","slug":"capa-de-telemovel-para-iphone-15-pro-tpu-abstrato-verde","status":"publish","type":"product","link":"https:\/\/olemosaic.com\/pt-pt\/produto\/capa-de-telemovel-para-iphone-15-pro-tpu-abstrato-verde\/","title":{"rendered":"Capa de telem\u00f3vel para iPhone 15 Pro (TPU). Abstrato. Verde"},"content":{"rendered":"<p>Capa para iPhone 15 Pro com design abstrato multicolor. Este elegante e moderno acess\u00f3rio, fabricado em TPU, destaca-se pela sua superf\u00edcie suave e flex\u00edvel, que garante um ajuste perfeito ao dispositivo, al\u00e9m de uma excelente prote\u00e7\u00e3o contra quedas e riscos. A capa apresenta un design abstrato em tons verdes e multicolores, com suaves ondas e remoinhos que evocam a beleza de uma paisagem natural, conferindo um toque art\u00edstico e contempor\u00e2neo. Este design vibrante n\u00e3o s\u00f3 real\u00e7a a est\u00e9tica da capa, mas tamb\u00e9m permite a express\u00e3o pessoal de quem procura um acess\u00f3rio que combine estilo e funcionalidade.<\/p>\n<p>A liga\u00e7\u00e3o cultural deste tipo de produto reside na aprecia\u00e7\u00e3o da arte moderna, que reflete a diversidade criativa e a inova\u00e7\u00e3o no design contempor\u00e2neo. Este souvenir \u00e9 uma excelente op\u00e7\u00e3o para turistas que desejam recordar a sua visita com um objeto que n\u00e3o \u00e9 apenas pr\u00e1tico, mas tamb\u00e9m um reflexo da cultura moderna. Na Ol\u00e9 Mosaic, somos distribuidores de produtos aut\u00eanticos e representativos, e oferecemos capas de telem\u00f3vel por grosso que se destacam no mercado de souvenirs. Esta capa para iPhone 15 Pro \u00e9 ideal para lojas de presentes tur\u00edsticos que procuram artigos \u00fanicos e de qualidade, fundindo arte e prote\u00e7\u00e3o em cada pe\u00e7a.<\/p>\n","protected":false},"excerpt":{"rendered":"<p>Capa para iPhone 15 Pro fabricada em TPU, com um design abstrato em tons verdes e multicolores. Este elegante e moderno acess\u00f3rio apresenta suaves ondas e remoinhos que lhe conferem um toque art\u00edstico, ideal para quem procura estilo e prote\u00e7\u00e3o. A capa assegura um ajuste perfeito e permite aceder facilmente a todas as fun\u00e7\u00f5es do dispositivo, tornando-se uma op\u00e7\u00e3o pr\u00e1tica e visualmente atraente para o seu telem\u00f3vel.<\/p>\n","protected":false},"featured_media":12449,"template":"","meta":{"_acf_changed":false},"product_brand":[],"product_cat":[685],"product_tag":[],"class_list":{"0":"post-36124","1":"product","2":"type-product","3":"status-publish","4":"has-post-thumbnail","6":"product_cat-capas-para-telemoveis","7":"pa_motivo-resumo","9":"first","10":"instock","11":"shipping-taxable","12":"product-type-simple"},"acf":[],"_links":{"self":[{"href":"https:\/\/olemosaic.com\/pt-pt\/wp-json\/wp\/v2\/product\/36124","targetHints":{"allow":["GET"]}}],"collection":[{"href":"https:\/\/olemosaic.com\/pt-pt\/wp-json\/wp\/v2\/product"}],"about":[{"href":"https:\/\/olemosaic.com\/pt-pt\/wp-json\/wp\/v2\/types\/product"}],"wp:featuredmedia":[{"embeddable":true,"href":"https:\/\/olemosaic.com\/pt-pt\/wp-json\/wp\/v2\/media\/12449"}],"wp:attachment":[{"href":"https:\/\/olemosaic.com\/pt-pt\/wp-json\/wp\/v2\/media?parent=36124"}],"wp:term":[{"taxonomy":"product_brand","embeddable":true,"href":"https:\/\/olemosaic.com\/pt-pt\/wp-json\/wp\/v2\/product_brand?post=36124"},{"taxonomy":"product_cat","embeddable":true,"href":"https:\/\/olemosaic.com\/pt-pt\/wp-json\/wp\/v2\/product_cat?post=36124"},{"taxonomy":"product_tag","embeddable":true,"href":"https:\/\/olemosaic.com\/pt-pt\/wp-json\/wp\/v2\/product_tag?post=36124"}],"curies":[{"name":"wp","href":"https:\/\/api.w.org\/{rel}","templated":true}]}}