{"id":36120,"date":"2025-02-20T22:35:29","date_gmt":"2025-02-20T22:35:29","guid":{"rendered":"http:\/\/olemosaic.com\/producto\/funda-de-telefono-para-iphone-15-tpu-mosaico-blanco\/"},"modified":"2025-07-25T18:57:39","modified_gmt":"2025-07-25T16:57:39","slug":"capa-de-telemovel-para-iphone-15-tpu-mosaico-branco","status":"publish","type":"product","link":"https:\/\/olemosaic.com\/pt-pt\/produto\/capa-de-telemovel-para-iphone-15-tpu-mosaico-branco\/","title":{"rendered":"Capa de telem\u00f3vel para iPhone 15 (TPU). Mosaico. Branco"},"content":{"rendered":"<p>Capa para iPhone 15 com um vibrante design de mosaico inspirado na rica tradi\u00e7\u00e3o cer\u00e2mica espanhola. Este atraente acess\u00f3rio, fabricado em TPU de alta qualidade, oferece uma prote\u00e7\u00e3o robusta e leve para o seu dispositivo. A superf\u00edcie apresenta uma colorida combina\u00e7\u00e3o de padr\u00f5es em tons azuis, vermelhos e amarelos, refletindo a autenticidade dos azulejos t\u00edpicos que adornam in\u00fameros edif\u00edcios hist\u00f3ricos da pen\u00ednsula ib\u00e9rica. Cada detalhe do design capta a ess\u00eancia da arte tradicional, evocando a beleza das pra\u00e7as e ruas espanholas, onde os mosaicos s\u00e3o parte integrante do patrim\u00f3nio cultural.<\/p>\n<p>Esta capa n\u00e3o s\u00f3 garante a seguran\u00e7a do seu iPhone 15 contra golpes e riscos, como tamb\u00e9m transforma o seu dispositivo numa pe\u00e7a de arte port\u00e1til, perfeita para expressar o seu estilo pessoal. Ideal para turistas que procuram recorda\u00e7\u00f5es aut\u00eanticas e funcionais, esta capa representa uma lembran\u00e7a tang\u00edvel da sua experi\u00eancia em Espanha. Na Ol\u00e9 Mosaic, dedicamo-nos a fornecer artigos representativos e de qualidade, como esta capa de telem\u00f3vel, desenhada para aqueles que valorizam a fus\u00e3o de arte e funcionalidade. Uma excelente op\u00e7\u00e3o para lojas de presentes tur\u00edsticos e como parte da nossa oferta de acess\u00f3rios por grosso.<\/p>\n","protected":false},"excerpt":{"rendered":"<p>Capa para iPhone 15 de TPU, decorada com um vibrante design de mosaico. Este produto apresenta uma colorida combina\u00e7\u00e3o de padr\u00f5es em tons azuis, vermelhos e amarelos, que recordam a cer\u00e2mica tradicional espanhola. A capa n\u00e3o s\u00f3 protege o seu dispositivo, como tamb\u00e9m acrescenta um toque art\u00edstico, evocando a rica heran\u00e7a cultural da pen\u00ednsula ib\u00e9rica. Ideal para quem procura funcionalidade e estilo.<\/p>\n","protected":false},"featured_media":13027,"template":"","meta":{"_acf_changed":false},"product_brand":[],"product_cat":[685],"product_tag":[],"class_list":{"0":"post-36120","1":"product","2":"type-product","3":"status-publish","4":"has-post-thumbnail","6":"product_cat-capas-para-telemoveis","7":"pa_motivo-mosaico","9":"first","10":"instock","11":"shipping-taxable","12":"product-type-simple"},"acf":[],"_links":{"self":[{"href":"https:\/\/olemosaic.com\/pt-pt\/wp-json\/wp\/v2\/product\/36120","targetHints":{"allow":["GET"]}}],"collection":[{"href":"https:\/\/olemosaic.com\/pt-pt\/wp-json\/wp\/v2\/product"}],"about":[{"href":"https:\/\/olemosaic.com\/pt-pt\/wp-json\/wp\/v2\/types\/product"}],"wp:featuredmedia":[{"embeddable":true,"href":"https:\/\/olemosaic.com\/pt-pt\/wp-json\/wp\/v2\/media\/13027"}],"wp:attachment":[{"href":"https:\/\/olemosaic.com\/pt-pt\/wp-json\/wp\/v2\/media?parent=36120"}],"wp:term":[{"taxonomy":"product_brand","embeddable":true,"href":"https:\/\/olemosaic.com\/pt-pt\/wp-json\/wp\/v2\/product_brand?post=36120"},{"taxonomy":"product_cat","embeddable":true,"href":"https:\/\/olemosaic.com\/pt-pt\/wp-json\/wp\/v2\/product_cat?post=36120"},{"taxonomy":"product_tag","embeddable":true,"href":"https:\/\/olemosaic.com\/pt-pt\/wp-json\/wp\/v2\/product_tag?post=36120"}],"curies":[{"name":"wp","href":"https:\/\/api.w.org\/{rel}","templated":true}]}}