{"id":36102,"date":"2025-02-20T22:35:28","date_gmt":"2025-02-20T22:35:28","guid":{"rendered":"http:\/\/olemosaic.com\/producto\/funda-de-telefono-para-iphone-15-tpu-motivos-marinos-azul\/"},"modified":"2025-07-25T19:22:17","modified_gmt":"2025-07-25T17:22:17","slug":"capa-para-telemovel-para-iphone-15-tpu-motivos-marinhos-azul","status":"publish","type":"product","link":"https:\/\/olemosaic.com\/pt-pt\/produto\/capa-para-telemovel-para-iphone-15-tpu-motivos-marinhos-azul\/","title":{"rendered":"Capa para telem\u00f3vel para iPhone 15 (TPU). Motivos marinhos. Azul"},"content":{"rendered":"<p>Capa para iPhone 15 com motivos marinhos vibrantes. Esta espetacular capa, elaborada em TPU, um material flex\u00edvel e resistente, oferece uma excelente prote\u00e7\u00e3o para o seu dispositivo. O design destaca-se por uma animada cena submarina com coloridos golfinhos, tartarugas e cavalos-marinhos, tudo numa cativante paleta de azuis que evoca a profundidade e a beleza do oceano. A parte inferior do design simula um mosaico em tons quentes, criando um requintado contraste que acentua a frescura dos elementos marinhos.<\/p>\n<p>Esta capa n\u00e3o s\u00f3 protege o seu iPhone 15, como tamb\u00e9m acrescenta um toque art\u00edstico e alegre inspirado na rica biodiversidade do fundo marinho. \u00c9 a recorda\u00e7\u00e3o perfeita para quem ama o mar e procura levar um peda\u00e7o dele para o seu dia a dia. Desenhada para os amantes da natureza e das viagens, esta capa representa a liga\u00e7\u00e3o entre a costa e a cultura, ecoando o esplendor que oferecem locais como a Costa Brava ou as Ilhas Baleares. Na Ol\u00e9 Mosaic, procuramos oferecer produtos aut\u00eanticos e representativos que enrique\u00e7am a experi\u00eancia do souvenir. Esta capa \u00e9 ideal para lojas de presentes tur\u00edsticos que desejem oferecer artigos de qualidade que conjuguem funcionalidade, arte e relev\u00e2ncia cultural. Como grossistas de acess\u00f3rios personalizados, garantimos que cada pe\u00e7a seja uma express\u00e3o \u00fanica da beleza mediterr\u00e2nica.<\/p>\n","protected":false},"excerpt":{"rendered":"<p>Capa para iPhone 15 fabricada em TPU, com motivos marinhos vibrantes numa paleta de azuis que evocam o oceano. O design apresenta uma animada cena submarina com coloridos golfinhos, tartarugas e cavalos-marinhos, al\u00e9m de elementos decorativos que simulam um mosaico em tons quentes. Esta capa n\u00e3o s\u00f3 protege o seu dispositivo, como tamb\u00e9m acrescenta um toque art\u00edstico inspirado na beleza do fundo marinho.<\/p>\n","protected":false},"featured_media":12431,"template":"","meta":{"_acf_changed":false},"product_brand":[],"product_cat":[685],"product_tag":[516],"class_list":{"0":"post-36102","1":"product","2":"type-product","3":"status-publish","4":"has-post-thumbnail","6":"product_cat-capas-para-telemoveis","7":"product_tag-animais","8":"pa_motivo-animais-marinhos","10":"first","11":"instock","12":"shipping-taxable","13":"product-type-simple"},"acf":[],"_links":{"self":[{"href":"https:\/\/olemosaic.com\/pt-pt\/wp-json\/wp\/v2\/product\/36102","targetHints":{"allow":["GET"]}}],"collection":[{"href":"https:\/\/olemosaic.com\/pt-pt\/wp-json\/wp\/v2\/product"}],"about":[{"href":"https:\/\/olemosaic.com\/pt-pt\/wp-json\/wp\/v2\/types\/product"}],"wp:featuredmedia":[{"embeddable":true,"href":"https:\/\/olemosaic.com\/pt-pt\/wp-json\/wp\/v2\/media\/12431"}],"wp:attachment":[{"href":"https:\/\/olemosaic.com\/pt-pt\/wp-json\/wp\/v2\/media?parent=36102"}],"wp:term":[{"taxonomy":"product_brand","embeddable":true,"href":"https:\/\/olemosaic.com\/pt-pt\/wp-json\/wp\/v2\/product_brand?post=36102"},{"taxonomy":"product_cat","embeddable":true,"href":"https:\/\/olemosaic.com\/pt-pt\/wp-json\/wp\/v2\/product_cat?post=36102"},{"taxonomy":"product_tag","embeddable":true,"href":"https:\/\/olemosaic.com\/pt-pt\/wp-json\/wp\/v2\/product_tag?post=36102"}],"curies":[{"name":"wp","href":"https:\/\/api.w.org\/{rel}","templated":true}]}}