{"id":36100,"date":"2025-02-20T22:35:28","date_gmt":"2025-02-20T22:35:28","guid":{"rendered":"http:\/\/olemosaic.com\/producto\/funda-de-telefono-para-iphone-15-tpu-mosaico-barcelona-blanco\/"},"modified":"2025-07-25T22:52:19","modified_gmt":"2025-07-25T20:52:19","slug":"capa-para-telemovel-para-iphone-15-tpu-mosaico-barcelona-branco","status":"publish","type":"product","link":"https:\/\/olemosaic.com\/pt-pt\/produto\/capa-para-telemovel-para-iphone-15-tpu-mosaico-barcelona-branco\/","title":{"rendered":"Capa para telem\u00f3vel para iPhone 15 (TPU). Mosaico. Barcelona. Branco"},"content":{"rendered":"<p>Capa para iPhone 15 com design de mosaico de Barcelona. Esta impressionante capa destaca-se pelo seu vibrante padr\u00e3o de mosaico em tons de azul, vermelho e laranja, que evoca os ic\u00f3nicos azulejos da arquitetura modernista da cidade. Fabricada em TPU, um material conhecido pela sua durabilidade e flexibilidade, oferece uma excelente prote\u00e7\u00e3o contra choques e quedas, assegurando a integridade do seu dispositivo enquanto exibe um design atraente. O fundo branco real\u00e7a as ilustra\u00e7\u00f5es coloridas, criando um efeito visual impactante que n\u00e3o passa despercebido. Na parte inferior, o nome &#8220;Barcelona&#8221; est\u00e1 elegantemente impresso, acrescentando um toque de modernidade e liga\u00e7\u00e3o cultural.<\/p>\n<p>Este souvenir n\u00e3o \u00e9 apenas um acess\u00f3rio pr\u00e1tico, mas tamb\u00e9m representa a rica heran\u00e7a art\u00edstica de Barcelona, onde o mosaico \u00e9 um s\u00edmbolo do talento criativo de arquitetos e artistas como Antoni Gaud\u00ed. Para os turistas, esta capa \u00e9 uma escolha perfeita como recorda\u00e7\u00e3o da sua visita, unindo funcionalidade e est\u00e9tica de forma excecional. Na Ol\u00e9 Mosaic, distribu\u00edmos acess\u00f3rios aut\u00eanticos e de qualidade, e esta capa \u00e9 uma op\u00e7\u00e3o ideal para lojas de presentes tur\u00edsticos que procuram souvenirs \u00fanicos e culturalmente significativos que encantem os visitantes desta maravilhosa cidade.<\/p>\n","protected":false},"excerpt":{"rendered":"<p>Capa para iPhone 15 de TPU com um vibrante design de mosaico branco inspirado na rica tradi\u00e7\u00e3o art\u00edstica de Barcelona. Esta capa apresenta padr\u00f5es coloridos em tons de azul, vermelho e laranja, evocando os azulejos t\u00edpicos da cidade. O nome &#8220;Barcelona&#8221; est\u00e1 elegantemente impresso, acrescentando um toque distintivo e moderno. O seu material de TPU oferece uma excelente prote\u00e7\u00e3o e um ajuste preciso, tornando-a um acess\u00f3rio funcional e decorativo.<\/p>\n","protected":false},"featured_media":12428,"template":"","meta":{"_acf_changed":false},"product_brand":[],"product_cat":[685],"product_tag":[],"class_list":{"0":"post-36100","1":"product","2":"type-product","3":"status-publish","4":"has-post-thumbnail","6":"product_cat-capas-para-telemoveis","7":"pa_ciudad-barcelona","8":"pa_motivo-mosaico","9":"pa_pais-espana","11":"first","12":"instock","13":"shipping-taxable","14":"product-type-simple"},"acf":[],"_links":{"self":[{"href":"https:\/\/olemosaic.com\/pt-pt\/wp-json\/wp\/v2\/product\/36100","targetHints":{"allow":["GET"]}}],"collection":[{"href":"https:\/\/olemosaic.com\/pt-pt\/wp-json\/wp\/v2\/product"}],"about":[{"href":"https:\/\/olemosaic.com\/pt-pt\/wp-json\/wp\/v2\/types\/product"}],"wp:featuredmedia":[{"embeddable":true,"href":"https:\/\/olemosaic.com\/pt-pt\/wp-json\/wp\/v2\/media\/12428"}],"wp:attachment":[{"href":"https:\/\/olemosaic.com\/pt-pt\/wp-json\/wp\/v2\/media?parent=36100"}],"wp:term":[{"taxonomy":"product_brand","embeddable":true,"href":"https:\/\/olemosaic.com\/pt-pt\/wp-json\/wp\/v2\/product_brand?post=36100"},{"taxonomy":"product_cat","embeddable":true,"href":"https:\/\/olemosaic.com\/pt-pt\/wp-json\/wp\/v2\/product_cat?post=36100"},{"taxonomy":"product_tag","embeddable":true,"href":"https:\/\/olemosaic.com\/pt-pt\/wp-json\/wp\/v2\/product_tag?post=36100"}],"curies":[{"name":"wp","href":"https:\/\/api.w.org\/{rel}","templated":true}]}}