{"id":36099,"date":"2025-02-20T23:35:28","date_gmt":"2025-02-20T22:35:28","guid":{"rendered":"http:\/\/olemosaic.com\/producto\/funda-de-telefono-para-iphone-15-tpu-abstracto-verde-2\/"},"modified":"2025-07-25T18:45:56","modified_gmt":"2025-07-25T16:45:56","slug":"capa-para-telemovel-para-iphone-15-tpu-abstrato-verde-2","status":"publish","type":"product","link":"https:\/\/olemosaic.com\/pt-pt\/produto\/capa-para-telemovel-para-iphone-15-tpu-abstrato-verde-2\/","title":{"rendered":"Capa para telem\u00f3vel para iPhone 15 (TPU). Abstrato. Estilo contempor\u00e2neo. Verde"},"content":{"rendered":"<p>Capa para iPhone 15 com design de mosaico abstrato. Esta capa, fabricada em TPU de alta qualidade, destaca-se pelo seu padr\u00e3o vibrante e atraente que evoca a est\u00e9tica do mosaico, carater\u00edstico da arte mediterr\u00e2nica. A colorida combina\u00e7\u00e3o de azuis, verdes e tons terracota entrela\u00e7a-se numa disposi\u00e7\u00e3o harm\u00f3nica, criando um efeito visual cativante que n\u00e3o s\u00f3 protege o seu dispositivo, mas tamb\u00e9m acrescenta um toque art\u00edstico e contempor\u00e2neo. A textura suave e flex\u00edvel do TPU garante um ajuste perfeito no iPhone 15, assegurando que cada bot\u00e3o e porta sejam facilmente acess\u00edveis, ao mesmo tempo que a sua resist\u00eancia ajuda a proteger contra quedas e riscos.<\/p>\n<p>Este design \u00fanico inspira-se na rica heran\u00e7a cultural das regi\u00f5es mediterr\u00e2nicas, onde a arte do mosaico tem sido um s\u00edmbolo de beleza e criatividade ao longo dos s\u00e9culos. A capa n\u00e3o \u00e9 apenas um acess\u00f3rio funcional, mas tamb\u00e9m uma recorda\u00e7\u00e3o representativa que liga os utilizadores \u00e0 tradi\u00e7\u00e3o art\u00edstica de Espanha. Ideal para quem procura um souvenir aut\u00eantico que combine estilo e funcionalidade. Na Ol\u00e9 Mosaic, somos especialistas na distribui\u00e7\u00e3o de acess\u00f3rios de qualidade por grosso, e esta capa de mosaico \u00e9 uma excelente escolha para lojas de presentes tur\u00edsticos que desejem oferecer produtos que realcem a cultura e a est\u00e9tica contempor\u00e2nea.<\/p>\n","protected":false},"excerpt":{"rendered":"<p>Capa para iPhone 15 fabricada em TPU, desenhada com um atraente padr\u00e3o abstrato que evoca o estilo dos mosaicos. A colorida combina\u00e7\u00e3o de azuis, verdes e tons terracota entrela\u00e7a-se numa disposi\u00e7\u00e3o harmoniosa, conferindo um toque art\u00edstico e contempor\u00e2neo ao dispositivo. Este design \u00fanico n\u00e3o s\u00f3 protege o telem\u00f3vel, como tamb\u00e9m acrescenta um elemento est\u00e9tico inspirado na rica heran\u00e7a cultural mediterr\u00e2nica. Ideal para quem procura funcionalidade e estilo.<\/p>\n","protected":false},"featured_media":12430,"template":"","meta":{"_acf_changed":false},"product_brand":[],"product_cat":[685],"product_tag":[],"class_list":{"0":"post-36099","1":"product","2":"type-product","3":"status-publish","4":"has-post-thumbnail","6":"product_cat-capas-para-telemoveis","7":"pa_motivo-resumo","9":"first","10":"instock","11":"shipping-taxable","12":"product-type-simple"},"acf":[],"_links":{"self":[{"href":"https:\/\/olemosaic.com\/pt-pt\/wp-json\/wp\/v2\/product\/36099","targetHints":{"allow":["GET"]}}],"collection":[{"href":"https:\/\/olemosaic.com\/pt-pt\/wp-json\/wp\/v2\/product"}],"about":[{"href":"https:\/\/olemosaic.com\/pt-pt\/wp-json\/wp\/v2\/types\/product"}],"wp:featuredmedia":[{"embeddable":true,"href":"https:\/\/olemosaic.com\/pt-pt\/wp-json\/wp\/v2\/media\/12430"}],"wp:attachment":[{"href":"https:\/\/olemosaic.com\/pt-pt\/wp-json\/wp\/v2\/media?parent=36099"}],"wp:term":[{"taxonomy":"product_brand","embeddable":true,"href":"https:\/\/olemosaic.com\/pt-pt\/wp-json\/wp\/v2\/product_brand?post=36099"},{"taxonomy":"product_cat","embeddable":true,"href":"https:\/\/olemosaic.com\/pt-pt\/wp-json\/wp\/v2\/product_cat?post=36099"},{"taxonomy":"product_tag","embeddable":true,"href":"https:\/\/olemosaic.com\/pt-pt\/wp-json\/wp\/v2\/product_tag?post=36099"}],"curies":[{"name":"wp","href":"https:\/\/api.w.org\/{rel}","templated":true}]}}