{"id":36080,"date":"2025-02-20T22:35:27","date_gmt":"2025-02-20T22:35:27","guid":{"rendered":"http:\/\/olemosaic.com\/producto\/funda-de-telefono-para-iphone-15-tpu-mariposa-barcelona-blanco\/"},"modified":"2025-07-25T20:10:33","modified_gmt":"2025-07-25T18:10:33","slug":"capa-de-telemovel-para-iphone-15-tpu-borboleta-barcelona-branco","status":"publish","type":"product","link":"https:\/\/olemosaic.com\/pt-pt\/produto\/capa-de-telemovel-para-iphone-15-tpu-borboleta-barcelona-branco\/","title":{"rendered":"Capa de telem\u00f3vel para iPhone 15 (TPU). Borboleta. Barcelona. Branco"},"content":{"rendered":"<p>Capa para iPhone 15 com um design vibrante de borboletas, inspirado na ess\u00eancia art\u00edstica e colorida de Barcelona. Fabricada em TPU de alta qualidade, esta capa destaca-se pela sua resist\u00eancia e leveza, o que a torna uma op\u00e7\u00e3o ideal para quem procura prote\u00e7\u00e3o sem renunciar ao estilo. A superf\u00edcie branca da capa apresenta um belo mosaico com uma variedade de borboletas em tons brilhantes, capturando a diversidade de formas e cores da natureza. Cada borboleta, cuidadosamente ilustrada, adiciona um toque de dinamismo e alegria, transformando este acess\u00f3rio numa aut\u00eantica obra de arte port\u00e1til.<\/p>\n<p>Na parte inferior, a palavra &#8220;Barcelona&#8221; est\u00e1 elegantemente impressa, prestando homenagem \u00e0 rica cultura e estilo de vida desta emblem\u00e1tica cidade. Este design n\u00e3o \u00e9 apenas uma recorda\u00e7\u00e3o da beleza de Barcelona, mas tamb\u00e9m reflete a sua hist\u00f3ria art\u00edstica, inspirada no famoso mosaico de Gaud\u00ed que adorna muitos dos seus monumentos. A capa \u00e9, sem d\u00favida, um souvenir excecional que combina funcionalidade com um toque art\u00edstico, sendo uma escolha perfeita para turistas e amantes da cidade. Na Ol\u00e9 Mosaic, oferecemos esta capa para iPhone por grosso, ideal para lojas de presentes que procuram produtos aut\u00eanticos e representativos de Barcelona, assegurando que cada cliente possa levar consigo um peda\u00e7o da criatividade e da cor desta vibrante cidade.<\/p>\n","protected":false},"excerpt":{"rendered":"<p>Capa de TPU para iPhone 15 com um vibrante design de borboletas, inspirada na beleza de Barcelona. Esta capa apresenta borboletas de cores brilhantes e formas variadas, destacando-se sobre um fundo branco com textura de mosaico colorido. Com a palavra &#8220;Barcelona&#8221; elegantemente impressa, combina prote\u00e7\u00e3o e estilo, refletindo a ess\u00eancia art\u00edstica da cidade. Ideal para quem procura um acess\u00f3rio \u00fanico e colorido.<\/p>\n","protected":false},"featured_media":12425,"template":"","meta":{"_acf_changed":false},"product_brand":[],"product_cat":[685],"product_tag":[516],"class_list":{"0":"post-36080","1":"product","2":"type-product","3":"status-publish","4":"has-post-thumbnail","6":"product_cat-capas-para-telemoveis","7":"product_tag-animais","8":"pa_ciudad-barcelona","9":"pa_motivo-borboletas","10":"pa_pais-espana","12":"first","13":"instock","14":"shipping-taxable","15":"product-type-simple"},"acf":[],"_links":{"self":[{"href":"https:\/\/olemosaic.com\/pt-pt\/wp-json\/wp\/v2\/product\/36080","targetHints":{"allow":["GET"]}}],"collection":[{"href":"https:\/\/olemosaic.com\/pt-pt\/wp-json\/wp\/v2\/product"}],"about":[{"href":"https:\/\/olemosaic.com\/pt-pt\/wp-json\/wp\/v2\/types\/product"}],"wp:featuredmedia":[{"embeddable":true,"href":"https:\/\/olemosaic.com\/pt-pt\/wp-json\/wp\/v2\/media\/12425"}],"wp:attachment":[{"href":"https:\/\/olemosaic.com\/pt-pt\/wp-json\/wp\/v2\/media?parent=36080"}],"wp:term":[{"taxonomy":"product_brand","embeddable":true,"href":"https:\/\/olemosaic.com\/pt-pt\/wp-json\/wp\/v2\/product_brand?post=36080"},{"taxonomy":"product_cat","embeddable":true,"href":"https:\/\/olemosaic.com\/pt-pt\/wp-json\/wp\/v2\/product_cat?post=36080"},{"taxonomy":"product_tag","embeddable":true,"href":"https:\/\/olemosaic.com\/pt-pt\/wp-json\/wp\/v2\/product_tag?post=36080"}],"curies":[{"name":"wp","href":"https:\/\/api.w.org\/{rel}","templated":true}]}}