{"id":36077,"date":"2025-02-20T22:35:27","date_gmt":"2025-02-20T22:35:27","guid":{"rendered":"http:\/\/olemosaic.com\/producto\/funda-de-telefono-para-iphone-14-tpu-gato-barcelona-blanco\/"},"modified":"2025-07-25T19:35:18","modified_gmt":"2025-07-25T17:35:18","slug":"capa-para-telemovel-para-iphone-14-tpu-gato-barcelona-branco","status":"publish","type":"product","link":"https:\/\/olemosaic.com\/pt-pt\/produto\/capa-para-telemovel-para-iphone-14-tpu-gato-barcelona-branco\/","title":{"rendered":"Capa para telem\u00f3vel para iPhone 14 (TPU). Gato. Barcelona. Branco"},"content":{"rendered":"<p>Capa para iPhone 14 inspirada na ic\u00f3nica arte do mosaico barcelon\u00eas, que funde funcionalidade e estilo num \u00fanico acess\u00f3rio. Fabricada em TPU de alta qualidade, esta capa n\u00e3o s\u00f3 protege o seu dispositivo, como tamb\u00e9m exibe um design vibrante que captura a ess\u00eancia da cidade. Sobre um fundo branco que evoca o famoso trencad\u00eds de Gaud\u00ed, destaca-se o elegante perfil de um gato, desenhado com tons brilhantes de vermelho, azul e verde, que evocam a alegria e a criatividade da cultura catal\u00e3. A acompanhar o felino, borboletas em matizes coloridos dan\u00e7am ao seu redor, criando uma atmosfera l\u00fadica e alegre.<\/p>\n<p>A palavra \u00abBarcelona\u00bb, integrada de forma estilizada no design, acrescenta um toque local e distintivo que converte esta capa numa lembran\u00e7a perfeita para quem deseja levar um peda\u00e7o da cidade consigo. Este produto n\u00e3o \u00e9 apenas um acess\u00f3rio pr\u00e1tico, mas uma homenagem \u00e0 rica tradi\u00e7\u00e3o do mosaico art\u00edstico barcelon\u00eas, que ressalta a sua autenticidade como fiel representa\u00e7\u00e3o da cultura espanhola. Na Ol\u00e9 Mosaic, somos especialistas na distribui\u00e7\u00e3o de lembran\u00e7as por grosso, e esta capa \u00e9 uma excelente op\u00e7\u00e3o para lojas de presentes tur\u00edsticos que procuram artigos que combinam artesanato e funcionalidade num s\u00f3 produto, ideal para turistas que desejam uma recorda\u00e7\u00e3o significativa e moderna da sua visita a Barcelona.<\/p>\n","protected":false},"excerpt":{"rendered":"<p>Capa para iPhone 14 fabricada em TPU, com um design vibrante de um gato inspirado na arte do mosaico de Barcelona. A capa apresenta um fundo branco com um estilo de trencad\u00eds que real\u00e7a a silhueta do gato, em cores brilhantes como vermelho, azul e verde, acompanhado de borboletas que rodeiam o felino. A palavra &#8220;Barcelona&#8221; integra-se de maneira estilizada, acrescentando um toque local e distintivo a este acess\u00f3rio pr\u00e1tico e art\u00edstico.<\/p>\n","protected":false},"featured_media":12351,"template":"","meta":{"_acf_changed":false},"product_brand":[],"product_cat":[685],"product_tag":[516],"class_list":{"0":"post-36077","1":"product","2":"type-product","3":"status-publish","4":"has-post-thumbnail","6":"product_cat-capas-para-telemoveis","7":"product_tag-animais","8":"pa_ciudad-barcelona","9":"pa_motivo-gatos","10":"pa_pais-espana","12":"first","13":"instock","14":"shipping-taxable","15":"product-type-simple"},"acf":[],"_links":{"self":[{"href":"https:\/\/olemosaic.com\/pt-pt\/wp-json\/wp\/v2\/product\/36077","targetHints":{"allow":["GET"]}}],"collection":[{"href":"https:\/\/olemosaic.com\/pt-pt\/wp-json\/wp\/v2\/product"}],"about":[{"href":"https:\/\/olemosaic.com\/pt-pt\/wp-json\/wp\/v2\/types\/product"}],"wp:featuredmedia":[{"embeddable":true,"href":"https:\/\/olemosaic.com\/pt-pt\/wp-json\/wp\/v2\/media\/12351"}],"wp:attachment":[{"href":"https:\/\/olemosaic.com\/pt-pt\/wp-json\/wp\/v2\/media?parent=36077"}],"wp:term":[{"taxonomy":"product_brand","embeddable":true,"href":"https:\/\/olemosaic.com\/pt-pt\/wp-json\/wp\/v2\/product_brand?post=36077"},{"taxonomy":"product_cat","embeddable":true,"href":"https:\/\/olemosaic.com\/pt-pt\/wp-json\/wp\/v2\/product_cat?post=36077"},{"taxonomy":"product_tag","embeddable":true,"href":"https:\/\/olemosaic.com\/pt-pt\/wp-json\/wp\/v2\/product_tag?post=36077"}],"curies":[{"name":"wp","href":"https:\/\/api.w.org\/{rel}","templated":true}]}}