{"id":36075,"date":"2025-02-20T22:35:26","date_gmt":"2025-02-20T22:35:26","guid":{"rendered":"http:\/\/olemosaic.com\/producto\/funda-de-telefono-para-iphone-14-promax-tpu-abstracto-negro\/"},"modified":"2025-07-25T18:45:58","modified_gmt":"2025-07-25T16:45:58","slug":"capa-para-telemovel-para-iphone-14-promax-tpu-abstrato-preto","status":"publish","type":"product","link":"https:\/\/olemosaic.com\/pt-pt\/produto\/capa-para-telemovel-para-iphone-14-promax-tpu-abstrato-preto\/","title":{"rendered":"Capa para telem\u00f3vel para iPhone 14 Pro Max (TPU). Abstrato. Preto"},"content":{"rendered":"<p>Capa para iPhone 14 Pro Max fabricada em TPU, com um design abstrato que combina uma base preta com vibrantes linhas fluidas em tons de azul, verde, vermelho, amarelo e rosa. Esta capa destaca-se pelo seu efeito visual contempor\u00e2neo e moderno, o que a torna uma op\u00e7\u00e3o ideal para quem procura expressar o seu estilo pessoal atrav\u00e9s dos seus acess\u00f3rios. As linhas em movimento conferem dinamismo e criatividade, criando uma pe\u00e7a \u00fanica que transforma o seu dispositivo num objeto chamativo e art\u00edstico, perfeito para qualquer ocasi\u00e3o.<\/p>\n<p>O material TPU oferece grande flexibilidade e resist\u00eancia, proporcionando uma prote\u00e7\u00e3o eficaz contra impactos e riscos, mantendo o seu telem\u00f3vel em perfeito estado. Al\u00e9m disso, a sua textura suave ao toque acrescenta um extra de conforto, enquanto as bordas elevadas garantem a prote\u00e7\u00e3o do ecr\u00e3 e da c\u00e2mara. Esta capa n\u00e3o \u00e9 apenas funcional, mas tamb\u00e9m reflete a ess\u00eancia do design moderno, tornando-se uma lembran\u00e7a ideal para turistas que procuram levar para casa uma recorda\u00e7\u00e3o pr\u00e1tica e est\u00e9tica da sua viagem.<\/p>\n<p>Na Ol\u00e9 Mosaic, somos especialistas na distribui\u00e7\u00e3o de lembran\u00e7as por grosso e oferecemos produtos aut\u00eanticos e relevantes que capturam a cultura contempor\u00e2nea. A nossa capa para telem\u00f3vel \u00e9 uma excelente op\u00e7\u00e3o para lojas de presentes tur\u00edsticos que procuram oferecer artigos atrativos e de qualidade aos seus clientes. Como grossistas de capas, garantimos que cada pe\u00e7a combina design, funcionalidade e originalidade.<\/p>\n","protected":false},"excerpt":{"rendered":"<p>Capa para iPhone 14 Pro Max de TPU, com um design abstrato em preto. Este acess\u00f3rio apresenta linhas fluidas e din\u00e2micas em tons vibrantes de azul, verde, vermelho, amarelo e rosa, criando um efeito visual moderno e chamativo. O seu material flex\u00edvel oferece uma prote\u00e7\u00e3o eficaz contra impactos e riscos, enquanto a sua est\u00e9tica contempor\u00e2nea transforma o seu dispositivo numa pe\u00e7a \u00fanica e colorida, ideal para quem procura destacar o seu estilo.<\/p>\n","protected":false},"featured_media":12422,"template":"","meta":{"_acf_changed":false},"product_brand":[],"product_cat":[685],"product_tag":[],"class_list":{"0":"post-36075","1":"product","2":"type-product","3":"status-publish","4":"has-post-thumbnail","6":"product_cat-capas-para-telemoveis","7":"pa_motivo-resumo","9":"first","10":"instock","11":"shipping-taxable","12":"product-type-simple"},"acf":[],"_links":{"self":[{"href":"https:\/\/olemosaic.com\/pt-pt\/wp-json\/wp\/v2\/product\/36075","targetHints":{"allow":["GET"]}}],"collection":[{"href":"https:\/\/olemosaic.com\/pt-pt\/wp-json\/wp\/v2\/product"}],"about":[{"href":"https:\/\/olemosaic.com\/pt-pt\/wp-json\/wp\/v2\/types\/product"}],"wp:featuredmedia":[{"embeddable":true,"href":"https:\/\/olemosaic.com\/pt-pt\/wp-json\/wp\/v2\/media\/12422"}],"wp:attachment":[{"href":"https:\/\/olemosaic.com\/pt-pt\/wp-json\/wp\/v2\/media?parent=36075"}],"wp:term":[{"taxonomy":"product_brand","embeddable":true,"href":"https:\/\/olemosaic.com\/pt-pt\/wp-json\/wp\/v2\/product_brand?post=36075"},{"taxonomy":"product_cat","embeddable":true,"href":"https:\/\/olemosaic.com\/pt-pt\/wp-json\/wp\/v2\/product_cat?post=36075"},{"taxonomy":"product_tag","embeddable":true,"href":"https:\/\/olemosaic.com\/pt-pt\/wp-json\/wp\/v2\/product_tag?post=36075"}],"curies":[{"name":"wp","href":"https:\/\/api.w.org\/{rel}","templated":true}]}}