{"id":36074,"date":"2025-02-20T22:35:26","date_gmt":"2025-02-20T22:35:26","guid":{"rendered":"http:\/\/olemosaic.com\/producto\/funda-de-telefono-para-iphone-14-promax-tpu-sagrada-familia-barcelona-azul\/"},"modified":"2025-07-25T20:14:02","modified_gmt":"2025-07-25T18:14:02","slug":"capa-para-telemovel-para-iphone-14-promax-tpu-sagrada-familia-barcelona-azul","status":"publish","type":"product","link":"https:\/\/olemosaic.com\/pt-pt\/produto\/capa-para-telemovel-para-iphone-14-promax-tpu-sagrada-familia-barcelona-azul\/","title":{"rendered":"Capa para telem\u00f3vel para iPhone 14 Pro Max (TPU). Sagrada Fam\u00edlia. Barcelona. Azul"},"content":{"rendered":"<p>Capa para iPhone 14 Pro Max adornada com uma ilustra\u00e7\u00e3o vibrante da Sagrada Fam\u00edlia de Barcelona. Fabricada em TPU, esta capa proporciona uma prote\u00e7\u00e3o duradoura e estilizada para o seu dispositivo, ideal para quem procura um toque art\u00edstico no seu dia a dia. O design destaca as ic\u00f3nicas torres da bas\u00edlica, capturando as suas formas \u00fanicas e distintivas atrav\u00e9s de um colorido trencad\u00eds, marca da arquitetura modernista de Antoni Gaud\u00ed. A paleta de cores inclui tons brilhantes de azul, amarelo e vermelho que evocam a energia e o dinamismo da Cidade Condal. Na parte inferior, a palavra &#8220;Barcelona&#8221; integra-se elegantemente, acrescentando um toque distintivo que real\u00e7a o valor desta lembran\u00e7a. Este produto \u00e9 uma excelente op\u00e7\u00e3o para turistas que desejem levar um peda\u00e7o de Barcelona para casa, al\u00e9m de ser um presente ideal para quem aprecia a cultura e a hist\u00f3ria. Na Ol\u00e9 Mosaic oferecemos uma gama de produtos aut\u00eanticos que capturam a ess\u00eancia das tradi\u00e7\u00f5es locais; esta capa \u00e9 perfeita para lojas de presentes tur\u00edsticos que procuram oferecer souvenirs de qualidade representativos da rica heran\u00e7a cultural espanhola.<\/p>\n","protected":false},"excerpt":{"rendered":"<p>Capa para telem\u00f3vel para iPhone 14 Pro Max fabricada em TPU, adornada com uma ilustra\u00e7\u00e3o vibrante da Sagrada Fam\u00edlia de Barcelona. O design destaca as ic\u00f3nicas torres da bas\u00edlica com detalhes que simulam o trencad\u00eds, numa paleta de cores azuis, amarelas e vermelhas. A palavra &#8220;Barcelona&#8221; integra-se elegantemente na parte inferior, oferecendo um toque distintivo que celebra a rica arquitetura modernista da cidade.<\/p>\n","protected":false},"featured_media":12413,"template":"","meta":{"_acf_changed":false},"product_brand":[],"product_cat":[685],"product_tag":[],"class_list":{"0":"post-36074","1":"product","2":"type-product","3":"status-publish","4":"has-post-thumbnail","6":"product_cat-capas-para-telemoveis","7":"pa_ciudad-barcelona","8":"pa_motivo-sagrada-familia","9":"pa_pais-espana","11":"first","12":"instock","13":"shipping-taxable","14":"product-type-simple"},"acf":[],"_links":{"self":[{"href":"https:\/\/olemosaic.com\/pt-pt\/wp-json\/wp\/v2\/product\/36074","targetHints":{"allow":["GET"]}}],"collection":[{"href":"https:\/\/olemosaic.com\/pt-pt\/wp-json\/wp\/v2\/product"}],"about":[{"href":"https:\/\/olemosaic.com\/pt-pt\/wp-json\/wp\/v2\/types\/product"}],"wp:featuredmedia":[{"embeddable":true,"href":"https:\/\/olemosaic.com\/pt-pt\/wp-json\/wp\/v2\/media\/12413"}],"wp:attachment":[{"href":"https:\/\/olemosaic.com\/pt-pt\/wp-json\/wp\/v2\/media?parent=36074"}],"wp:term":[{"taxonomy":"product_brand","embeddable":true,"href":"https:\/\/olemosaic.com\/pt-pt\/wp-json\/wp\/v2\/product_brand?post=36074"},{"taxonomy":"product_cat","embeddable":true,"href":"https:\/\/olemosaic.com\/pt-pt\/wp-json\/wp\/v2\/product_cat?post=36074"},{"taxonomy":"product_tag","embeddable":true,"href":"https:\/\/olemosaic.com\/pt-pt\/wp-json\/wp\/v2\/product_tag?post=36074"}],"curies":[{"name":"wp","href":"https:\/\/api.w.org\/{rel}","templated":true}]}}