{"id":36062,"date":"2025-02-20T22:35:26","date_gmt":"2025-02-20T22:35:26","guid":{"rendered":"http:\/\/olemosaic.com\/producto\/funda-de-telefono-para-iphone-14-promax-tpu-salamandra-barcelona-negro\/"},"modified":"2025-07-25T19:55:35","modified_gmt":"2025-07-25T17:55:35","slug":"capa-de-telemovel-para-iphone-14-pro-max-tpu-salamandra-barcelona-preto","status":"publish","type":"product","link":"https:\/\/olemosaic.com\/pt-pt\/produto\/capa-de-telemovel-para-iphone-14-pro-max-tpu-salamandra-barcelona-preto\/","title":{"rendered":"Capa de telem\u00f3vel para iPhone 14 Pro Max (TPU). Salamandra. Barcelona. Preto"},"content":{"rendered":"<p>Capa para iPhone 14 Pro Max com vibrantes ilustra\u00e7\u00f5es de salamandras. Esta exclusiva capa, fabricada em TPU de alta qualidade, apresenta um design cativante que evoca a rica cultura de Barcelona, destacando uma s\u00e9rie de salamandras multicoloridas sobre um elegante fundo preto. Os tons vivos das salamandras, com detalhes em azul, verde e vermelho, complementam-se artisticamente com elementos florais em azul e vermelho, criando uma imagem din\u00e2mica e cheia de vida que representa a criatividade \u00fanica da cidade condal. A inscri\u00e7\u00e3o &#8220;Barcelona&#8221; apresenta-se de forma estilizada, acrescentando um toque distintivo que real\u00e7a a liga\u00e7\u00e3o emocional com o lugar.<\/p>\n<p>Al\u00e9m do seu atrativo est\u00e9tico, esta capa oferece uma prote\u00e7\u00e3o excecional para o seu dispositivo, combinando funcionalidade com estilo. Este souvenir n\u00e3o s\u00f3 \u00e9 uma excelente forma de celebrar a cultura barcelonesa, como tamb\u00e9m \u00e9 uma recorda\u00e7\u00e3o funcional da sua visita a esta ic\u00f3nica cidade. Na Ol\u00e9 Mosaic, distribu\u00edmos produtos aut\u00eanticos e representativos da tradi\u00e7\u00e3o espanhola, e esta capa \u00e9 uma op\u00e7\u00e3o ideal para lojas de presentes tur\u00edsticos que procuram artigos \u00fanicos e culturalmente relevantes. Com esta capa de salamandras, os turistas podem levar consigo um peda\u00e7o de Barcelona, tornando-a o souvenir perfeito para recordar a sua viagem.<\/p>\n","protected":false},"excerpt":{"rendered":"<p>Capa para iPhone 14 Pro Max fabricada em TPU, decorada com ilustra\u00e7\u00f5es vibrantes de salamandras multicoloridas sobre um fundo preto. O design evoca a rica cultura barcelonesa, integrando elementos florais azuis e vermelhos que real\u00e7am a vivacidade das salamandras. A inscri\u00e7\u00e3o &#8220;Barcelona&#8221; aparece de forma elegante, acrescentando um toque distintivo e pessoal a esta capa que combina est\u00e9tica e prote\u00e7\u00e3o para o seu dispositivo.<\/p>\n","protected":false},"featured_media":12419,"template":"","meta":{"_acf_changed":false},"product_brand":[],"product_cat":[685],"product_tag":[516],"class_list":{"0":"post-36062","1":"product","2":"type-product","3":"status-publish","4":"has-post-thumbnail","6":"product_cat-capas-para-telemoveis","7":"product_tag-animais","8":"pa_ciudad-barcelona","9":"pa_motivo-salamandras","10":"pa_pais-espana","12":"first","13":"instock","14":"shipping-taxable","15":"product-type-simple"},"acf":[],"_links":{"self":[{"href":"https:\/\/olemosaic.com\/pt-pt\/wp-json\/wp\/v2\/product\/36062","targetHints":{"allow":["GET"]}}],"collection":[{"href":"https:\/\/olemosaic.com\/pt-pt\/wp-json\/wp\/v2\/product"}],"about":[{"href":"https:\/\/olemosaic.com\/pt-pt\/wp-json\/wp\/v2\/types\/product"}],"wp:featuredmedia":[{"embeddable":true,"href":"https:\/\/olemosaic.com\/pt-pt\/wp-json\/wp\/v2\/media\/12419"}],"wp:attachment":[{"href":"https:\/\/olemosaic.com\/pt-pt\/wp-json\/wp\/v2\/media?parent=36062"}],"wp:term":[{"taxonomy":"product_brand","embeddable":true,"href":"https:\/\/olemosaic.com\/pt-pt\/wp-json\/wp\/v2\/product_brand?post=36062"},{"taxonomy":"product_cat","embeddable":true,"href":"https:\/\/olemosaic.com\/pt-pt\/wp-json\/wp\/v2\/product_cat?post=36062"},{"taxonomy":"product_tag","embeddable":true,"href":"https:\/\/olemosaic.com\/pt-pt\/wp-json\/wp\/v2\/product_tag?post=36062"}],"curies":[{"name":"wp","href":"https:\/\/api.w.org\/{rel}","templated":true}]}}