{"id":36061,"date":"2025-02-20T22:35:26","date_gmt":"2025-02-20T22:35:26","guid":{"rendered":"http:\/\/olemosaic.com\/producto\/funda-de-telefono-para-iphone-14-promax-tpu-panoramica-barcelona-blanco\/"},"modified":"2025-07-25T20:38:06","modified_gmt":"2025-07-25T18:38:06","slug":"capa-de-telemovel-para-iphone-14-pro-max-tpu-panoramica-barcelona-branco","status":"publish","type":"product","link":"https:\/\/olemosaic.com\/pt-pt\/produto\/capa-de-telemovel-para-iphone-14-pro-max-tpu-panoramica-barcelona-branco\/","title":{"rendered":"Capa de telem\u00f3vel para iPhone 14 Pro Max (TPU). Panor\u00e2mica. Barcelona. Branco"},"content":{"rendered":"<p>Capa para iPhone 14 Pro Max com uma vibrante panor\u00e2mica de Barcelona, um souvenir ideal para levar a ess\u00eancia desta maravilhosa cidade para todo o lado. Fabricada em TPU de alta qualidade, esta capa assegura uma prote\u00e7\u00e3o duradoura e leve para o seu dispositivo, destacando-se ao mesmo tempo pelo seu design colorido que apresenta a ic\u00f3nica Sagrada Fam\u00edlia e outros monumentos emblem\u00e1ticos da cidade. A imagem capta a beleza arquitet\u00f3nica de Barcelona atrav\u00e9s de um mosaico de formas e tons em amarelo, vermelho, azul e verde, que evocam a criatividade da cidade e a obra de Antoni Gaud\u00ed.<\/p>\n<p>Sobre um fundo branco, os detalhes art\u00edsticos ressaltam, permitindo que cada matiz gire em torno deste vibrante retrato da cultura catal\u00e3. O texto &#8220;Barcelona&#8221; integra-se com eleg\u00e2ncia, acrescentando um toque distintivo que potencia o seu atrativo como souvenir. Este produto n\u00e3o s\u00f3 \u00e9 funcional, como tamb\u00e9m oferece um peda\u00e7o da rica heran\u00e7a de Barcelona, tornando-o um presente perfeito para turistas que procuram algo aut\u00eantico e representativo. Na Ol\u00e9 Mosaic, como grossistas de souvenirs, oferecemos artigos que capturam o esp\u00edrito de Espanha, sendo esta capa uma excelente op\u00e7\u00e3o para lojas de presentes tur\u00edsticos que desejem deleitar os seus clientes com uma recorda\u00e7\u00e3o significativa.<\/p>\n","protected":false},"excerpt":{"rendered":"<p>Capa de telem\u00f3vel para iPhone 14 Pro Max fabricada em TPU, decorada com uma vibrante panor\u00e2mica de Barcelona. Este colorido design representa a ic\u00f3nica Sagrada Fam\u00edlia e outros monumentos emblem\u00e1ticos da cidade, mostrando um mosaico de formas e tons em amarelo, vermelho, azul e verde. A base branca real\u00e7a os detalhes art\u00edsticos, e o texto &#8220;Barcelona&#8221; acrescenta um toque distintivo. Ideal para quem deseja levar um peda\u00e7o desta bela cidade consigo.<\/p>\n","protected":false},"featured_media":12394,"template":"","meta":{"_acf_changed":false},"product_brand":[],"product_cat":[685],"product_tag":[],"class_list":{"0":"post-36061","1":"product","2":"type-product","3":"status-publish","4":"has-post-thumbnail","6":"product_cat-capas-para-telemoveis","7":"pa_ciudad-barcelona","8":"pa_motivo-panoramas","9":"pa_pais-espana","11":"first","12":"instock","13":"shipping-taxable","14":"product-type-simple"},"acf":[],"_links":{"self":[{"href":"https:\/\/olemosaic.com\/pt-pt\/wp-json\/wp\/v2\/product\/36061","targetHints":{"allow":["GET"]}}],"collection":[{"href":"https:\/\/olemosaic.com\/pt-pt\/wp-json\/wp\/v2\/product"}],"about":[{"href":"https:\/\/olemosaic.com\/pt-pt\/wp-json\/wp\/v2\/types\/product"}],"wp:featuredmedia":[{"embeddable":true,"href":"https:\/\/olemosaic.com\/pt-pt\/wp-json\/wp\/v2\/media\/12394"}],"wp:attachment":[{"href":"https:\/\/olemosaic.com\/pt-pt\/wp-json\/wp\/v2\/media?parent=36061"}],"wp:term":[{"taxonomy":"product_brand","embeddable":true,"href":"https:\/\/olemosaic.com\/pt-pt\/wp-json\/wp\/v2\/product_brand?post=36061"},{"taxonomy":"product_cat","embeddable":true,"href":"https:\/\/olemosaic.com\/pt-pt\/wp-json\/wp\/v2\/product_cat?post=36061"},{"taxonomy":"product_tag","embeddable":true,"href":"https:\/\/olemosaic.com\/pt-pt\/wp-json\/wp\/v2\/product_tag?post=36061"}],"curies":[{"name":"wp","href":"https:\/\/api.w.org\/{rel}","templated":true}]}}