{"id":36030,"date":"2025-02-20T22:35:24","date_gmt":"2025-02-20T22:35:24","guid":{"rendered":"http:\/\/olemosaic.com\/producto\/funda-de-telefono-para-iphone-14-promax-tpu-mariposa-barcelona-blanco\/"},"modified":"2025-07-25T18:59:31","modified_gmt":"2025-07-25T16:59:31","slug":"capa-para-iphone-14-promax-tpu-borboleta-barcelona-branco","status":"publish","type":"product","link":"https:\/\/olemosaic.com\/pt-pt\/produto\/capa-para-iphone-14-promax-tpu-borboleta-barcelona-branco\/","title":{"rendered":"Capa para iPhone 14 Pro Max (TPU). Borboleta. Barcelona. Branco"},"content":{"rendered":"<p>Capa para iPhone 14 Pro Max com design de borboletas que captura a ess\u00eancia vibrante de Barcelona. Fabricada em TPU resistente, esta capa combina prote\u00e7\u00e3o e estilo, convertendo o seu dispositivo num reflexo da arte e da cultura barcelonesa. A parte traseira exibe um colorido design de borboletas em tons vibrantes de laranja, azul, vermelho e rosa, que parecem ganhar vida sobre um fundo branco adornado com um padr\u00e3o de mosaico. Este mosaico evoca o ic\u00f3nico estilo art\u00edstico da cidade, recordando os coloridos azulejos de obras-primas como a Casa Batll\u00f3 ou o Parque G\u00fcell.<\/p>\n<p>A palavra &#8220;Barcelona&#8221; destaca-se na parte inferior, complementando o apelo visual da capa. Cada borboleta \u00e9 cuidadosamente desenhada, simbolizando a liberdade e a beleza, caracter\u00edsticas que representam a cidade condal. Esta capa n\u00e3o \u00e9 apenas um acess\u00f3rio pr\u00e1tico, mas tamb\u00e9m uma recorda\u00e7\u00e3o art\u00edstica de Barcelona, ideal para turistas que procuram souvenirs aut\u00eanticos e significativos.<\/p>\n<p>Na Ol\u00e9 Mosaic, especializamo-nos na distribui\u00e7\u00e3o de souvenirs de qualidade por grosso, e esta capa \u00e9 uma excelente op\u00e7\u00e3o para lojas de presentes tur\u00edsticos que desejem oferecer produtos que combinam funcionalidade e relev\u00e2ncia cultural. Proteja o seu iPhone com estilo enquanto leva consigo um peda\u00e7o de Barcelona, um souvenir que reflete a singularidade deste destino.<\/p>\n","protected":false},"excerpt":{"rendered":"<p>Capa para iPhone 14 Pro Max fabricada em TPU, com um design colorido de borboletas que evoca a beleza de Barcelona. A parte traseira mostra diversas borboletas em tons vibrantes de laranja, azul, vermelho e rosa sobre um fundo branco decorado com um padr\u00e3o de mosaico que recorda o famoso estilo art\u00edstico da cidade. A palavra &#8220;Barcelona&#8221; destaca-se na parte inferior, complementando o seu apelo visual. Ideal para proteger o seu dispositivo com um toque art\u00edstico e cultural.<\/p>\n","protected":false},"featured_media":12392,"template":"","meta":{"_acf_changed":false},"product_brand":[],"product_cat":[685],"product_tag":[516],"class_list":{"0":"post-36030","1":"product","2":"type-product","3":"status-publish","4":"has-post-thumbnail","6":"product_cat-capas-para-telemoveis","7":"product_tag-animais","8":"pa_ciudad-barcelona","9":"pa_motivo-borboletas","10":"pa_pais-espana","12":"first","13":"instock","14":"shipping-taxable","15":"product-type-simple"},"acf":[],"_links":{"self":[{"href":"https:\/\/olemosaic.com\/pt-pt\/wp-json\/wp\/v2\/product\/36030","targetHints":{"allow":["GET"]}}],"collection":[{"href":"https:\/\/olemosaic.com\/pt-pt\/wp-json\/wp\/v2\/product"}],"about":[{"href":"https:\/\/olemosaic.com\/pt-pt\/wp-json\/wp\/v2\/types\/product"}],"wp:featuredmedia":[{"embeddable":true,"href":"https:\/\/olemosaic.com\/pt-pt\/wp-json\/wp\/v2\/media\/12392"}],"wp:attachment":[{"href":"https:\/\/olemosaic.com\/pt-pt\/wp-json\/wp\/v2\/media?parent=36030"}],"wp:term":[{"taxonomy":"product_brand","embeddable":true,"href":"https:\/\/olemosaic.com\/pt-pt\/wp-json\/wp\/v2\/product_brand?post=36030"},{"taxonomy":"product_cat","embeddable":true,"href":"https:\/\/olemosaic.com\/pt-pt\/wp-json\/wp\/v2\/product_cat?post=36030"},{"taxonomy":"product_tag","embeddable":true,"href":"https:\/\/olemosaic.com\/pt-pt\/wp-json\/wp\/v2\/product_tag?post=36030"}],"curies":[{"name":"wp","href":"https:\/\/api.w.org\/{rel}","templated":true}]}}