{"id":36029,"date":"2025-02-20T22:35:24","date_gmt":"2025-02-20T22:35:24","guid":{"rendered":"http:\/\/olemosaic.com\/producto\/funda-de-telefono-para-iphone-14-promax-tpu-abstracto-azul\/"},"modified":"2025-07-25T20:12:00","modified_gmt":"2025-07-25T18:12:00","slug":"capa-de-telemovel-para-iphone-14-promax-tpu-abstrato-azul","status":"publish","type":"product","link":"https:\/\/olemosaic.com\/pt-pt\/produto\/capa-de-telemovel-para-iphone-14-promax-tpu-abstrato-azul\/","title":{"rendered":"Capa para iPhone 14 Pro Max (TPU). Abstrato. Azul"},"content":{"rendered":"<p>Capa para iPhone 14 Pro Max com design abstrato em tons vibrantes que evoca a ess\u00eancia de Maiorca. Esta capa de TPU, decorada com um padr\u00e3o de ondas numa explos\u00e3o de cores como azul, vermelho, amarelo e rosa, oferece uma est\u00e9tica moderna e apelativa. N\u00e3o s\u00f3 protege o seu dispositivo, como o converte numa pe\u00e7a de arte port\u00e1til. A palavra &#8220;Mallorca&#8221; destaca-se em letras brancas, acrescentando um toque distintivo que evoca a alegria e a beleza desta famosa ilha mediterr\u00e2nica, conhecida pelas suas paisagens deslumbrantes e pelo seu ambiente de ver\u00e3o.<\/p>\n<p>Esta capa, al\u00e9m de ser funcional e proteger de golpes e quedas, \u00e9 uma recorda\u00e7\u00e3o atraente de Maiorca que captura o esp\u00edrito do ver\u00e3o em cada olhar. \u00c9 uma op\u00e7\u00e3o perfeita para turistas e viajantes que procuram levar um peda\u00e7o da ilha, simbolizando a liga\u00e7\u00e3o cultural com um lugar cheio de hist\u00f3ria e beleza natural. Na Ol\u00e9 Mosaic orgulhamo-nos de oferecer acess\u00f3rios de alta qualidade que refletem a autenticidade e o car\u00e1ter \u00fanico das regi\u00f5es espanholas. Esta capa \u00e9 uma excelente escolha para lojas de presentes tur\u00edsticos que desejem oferecer recorda\u00e7\u00f5es contempor\u00e2neas e atraentes de Maiorca. Conseguir capas de telem\u00f3vel por grosso nunca foi t\u00e3o f\u00e1cil.<\/p>\n","protected":false},"excerpt":{"rendered":"<p>Capa de telem\u00f3vel para iPhone 14 Pro Max de TPU com design abstrato em tons azuis vibrantes. Esta cobertura colorida apresenta um moderno padr\u00e3o de ondas que combina vermelho, amarelo e rosa, oferecendo uma est\u00e9tica apelativa e contempor\u00e2nea. A palavra &#8220;Mallorca&#8221; destaca-se em letras brancas, acrescentando um toque distintivo que evoca a beleza e o ambiente de ver\u00e3o desta ic\u00f3nica ilha espanhola. Ideal para quem procura um acess\u00f3rio funcional e artisticamente atraente.<\/p>\n","protected":false},"featured_media":12971,"template":"","meta":{"_acf_changed":false},"product_brand":[],"product_cat":[685],"product_tag":[],"class_list":{"0":"post-36029","1":"product","2":"type-product","3":"status-publish","4":"has-post-thumbnail","6":"product_cat-capas-para-telemoveis","7":"pa_ciudad-mallorca","8":"pa_motivo-resumo","9":"pa_pais-espana","11":"first","12":"instock","13":"shipping-taxable","14":"product-type-simple"},"acf":[],"_links":{"self":[{"href":"https:\/\/olemosaic.com\/pt-pt\/wp-json\/wp\/v2\/product\/36029","targetHints":{"allow":["GET"]}}],"collection":[{"href":"https:\/\/olemosaic.com\/pt-pt\/wp-json\/wp\/v2\/product"}],"about":[{"href":"https:\/\/olemosaic.com\/pt-pt\/wp-json\/wp\/v2\/types\/product"}],"wp:featuredmedia":[{"embeddable":true,"href":"https:\/\/olemosaic.com\/pt-pt\/wp-json\/wp\/v2\/media\/12971"}],"wp:attachment":[{"href":"https:\/\/olemosaic.com\/pt-pt\/wp-json\/wp\/v2\/media?parent=36029"}],"wp:term":[{"taxonomy":"product_brand","embeddable":true,"href":"https:\/\/olemosaic.com\/pt-pt\/wp-json\/wp\/v2\/product_brand?post=36029"},{"taxonomy":"product_cat","embeddable":true,"href":"https:\/\/olemosaic.com\/pt-pt\/wp-json\/wp\/v2\/product_cat?post=36029"},{"taxonomy":"product_tag","embeddable":true,"href":"https:\/\/olemosaic.com\/pt-pt\/wp-json\/wp\/v2\/product_tag?post=36029"}],"curies":[{"name":"wp","href":"https:\/\/api.w.org\/{rel}","templated":true}]}}