{"id":36017,"date":"2025-02-20T23:35:23","date_gmt":"2025-02-20T22:35:23","guid":{"rendered":"http:\/\/olemosaic.com\/producto\/funda-de-telefono-para-iphone-14-pro-tpu-panoramica-barcelona-azul-2\/"},"modified":"2025-07-25T19:27:04","modified_gmt":"2025-07-25T17:27:04","slug":"capa-para-iphone-14-pro-tpu-panoramica-sagrada-familia-barcelona-azul","status":"publish","type":"product","link":"https:\/\/olemosaic.com\/pt-pt\/produto\/capa-para-iphone-14-pro-tpu-panoramica-sagrada-familia-barcelona-azul\/","title":{"rendered":"Capa para iPhone 14 Pro (TPU). Panor\u00e2mica. Sagrada Fam\u00edlia. Barcelona. Azul"},"content":{"rendered":"<p>Capa para iPhone 14 Pro com uma impressionante vista panor\u00e2mica de Barcelona, desenhada com TPU de alta qualidade para oferecer uma prote\u00e7\u00e3o ideal. Este acess\u00f3rio n\u00e3o \u00e9 apenas funcional, mas tamb\u00e9m uma celebra\u00e7\u00e3o da rica cultura e arte da cidade condal. A capa apresenta uma vibrante ilustra\u00e7\u00e3o da emblem\u00e1tica Sagrada Fam\u00edlia, rodeada de exuberantes palmeiras e um sol radiante sobre um fundo azul brilhante que evoca o c\u00e9u mediterr\u00e2nico. O design colorido e os detalhes elaborados contrastam maravilhosamente, criando uma pe\u00e7a de destaque que captar\u00e1 a aten\u00e7\u00e3o de qualquer amante de Barcelona. Na parte inferior, o texto &#8220;Barcelona&#8221; em letras chamativas adiciona um toque distintivo e atraente. Esta capa, verdadeiramente representativa da ess\u00eancia de Barcelona, transforma-se numa elegante recorda\u00e7\u00e3o para turistas que procuram um souvenir aut\u00eantico e pr\u00e1tico. Na Ol\u00e9 Mosaic, somos distribuidores de souvenirs de alta qualidade, e esta capa \u00e9 uma excelente op\u00e7\u00e3o para lojas de presentes tur\u00edsticos que desejem oferecer produtos relevantes e culturais. Ideal para quem procura uma fus\u00e3o de estilo e prote\u00e7\u00e3o, este souvenir de Barcelona \u00e9 um imprescind\u00edvel para qualquer visitante da cidade.<\/p>\n","protected":false},"excerpt":{"rendered":"<p>Capa para iPhone 14 Pro fabricada em TPU com uma colorida panor\u00e2mica de Barcelona. Este vibrante design mostra a emblem\u00e1tica Sagrada Fam\u00edlia rodeada de palmeiras e um sol quente, sobre um fundo azul brilhante que evoca o c\u00e9u mediterr\u00e2nico. Com a palavra &#8220;Barcelona&#8221; escrita em letras chamativas, a capa n\u00e3o s\u00f3 protege o seu telem\u00f3vel, como tamb\u00e9m capta a ess\u00eancia art\u00edstica e cultural da cidade.<\/p>\n","protected":false},"featured_media":12381,"template":"","meta":{"_acf_changed":false},"product_brand":[],"product_cat":[685],"product_tag":[],"class_list":{"0":"post-36017","1":"product","2":"type-product","3":"status-publish","4":"has-post-thumbnail","6":"product_cat-capas-para-telemoveis","7":"pa_ciudad-barcelona","8":"pa_motivo-panoramas","9":"pa_pais-espana","11":"first","12":"instock","13":"shipping-taxable","14":"product-type-simple"},"acf":[],"_links":{"self":[{"href":"https:\/\/olemosaic.com\/pt-pt\/wp-json\/wp\/v2\/product\/36017","targetHints":{"allow":["GET"]}}],"collection":[{"href":"https:\/\/olemosaic.com\/pt-pt\/wp-json\/wp\/v2\/product"}],"about":[{"href":"https:\/\/olemosaic.com\/pt-pt\/wp-json\/wp\/v2\/types\/product"}],"wp:featuredmedia":[{"embeddable":true,"href":"https:\/\/olemosaic.com\/pt-pt\/wp-json\/wp\/v2\/media\/12381"}],"wp:attachment":[{"href":"https:\/\/olemosaic.com\/pt-pt\/wp-json\/wp\/v2\/media?parent=36017"}],"wp:term":[{"taxonomy":"product_brand","embeddable":true,"href":"https:\/\/olemosaic.com\/pt-pt\/wp-json\/wp\/v2\/product_brand?post=36017"},{"taxonomy":"product_cat","embeddable":true,"href":"https:\/\/olemosaic.com\/pt-pt\/wp-json\/wp\/v2\/product_cat?post=36017"},{"taxonomy":"product_tag","embeddable":true,"href":"https:\/\/olemosaic.com\/pt-pt\/wp-json\/wp\/v2\/product_tag?post=36017"}],"curies":[{"name":"wp","href":"https:\/\/api.w.org\/{rel}","templated":true}]}}