{"id":36016,"date":"2025-02-20T22:35:23","date_gmt":"2025-02-20T22:35:23","guid":{"rendered":"http:\/\/olemosaic.com\/producto\/funda-de-telefono-para-iphone-14-pro-tpu-panoramica-barcelona-blanco\/"},"modified":"2025-07-25T19:42:22","modified_gmt":"2025-07-25T17:42:22","slug":"capa-para-iphone-14-pro-tpu-panoramica-barcelona-branco","status":"publish","type":"product","link":"https:\/\/olemosaic.com\/pt-pt\/produto\/capa-para-iphone-14-pro-tpu-panoramica-barcelona-branco\/","title":{"rendered":"Capa para iPhone 14 Pro (TPU). Panor\u00e2mica. Barcelona. Branco"},"content":{"rendered":"<p>Capa para iPhone 14 Pro com uma colorida panor\u00e2mica de Barcelona, pensada para os amantes da arte e da cultura catal\u00e3. Fabricada em TPU resistente, esta capa protege o seu dispositivo ao mesmo tempo que o adorna com um design art\u00edstico que homenageia o ic\u00f3nico mosaico de Gaud\u00ed. Na parte frontal, destacam-se as majestosas torres da Sagrada Fam\u00edlia e a vibrante serpente do Parque G\u00fcell, captando a ess\u00eancia da arquitetura modernista que caracteriza a cidade.<\/p>\n<p>A ilustra\u00e7\u00e3o apresenta uma vibrante paleta de vermelhos, amarelos e verdes, que n\u00e3o s\u00f3 \u00e9 atraente \u00e0 vista, como tamb\u00e9m evoca a energia e criatividade de Barcelona. Na parte inferior, o texto &#8220;Barcelona&#8221; aparece numa elegante tipografia, criando uma fus\u00e3o perfeita entre funcionalidade e arte. Esta recorda\u00e7\u00e3o \u00e9 ideal para turistas que procuram levar um peda\u00e7o da cidade, e a sua autenticidade como souvenir cultural torna-a um excelente presente para quem deseja recordar a sua visita \u00e0 capital catal\u00e3. Na Ol\u00e9 Mosaic, distribu\u00edmos souvenirs de qualidade por grosso, e esta capa \u00e9 uma excelente adi\u00e7\u00e3o para lojas de presentes tur\u00edsticos que procuram artigos aut\u00eanticos e representativos de Barcelona.<\/p>\n","protected":false},"excerpt":{"rendered":"<p>Capa para iPhone 14 Pro fabricada em TPU, com uma colorida panor\u00e2mica de Barcelona. Esta capa apresenta um design art\u00edstico inspirado no famoso mosaico de Gaud\u00ed, com estruturas ic\u00f3nicas como a Sagrada Fam\u00edlia e o Park G\u00fcell, real\u00e7adas por uma vibrante paleta de cores em tons de vermelho, amarelo e verde. Na parte inferior, o texto &#8220;Barcelona&#8221; numa tipografia elegante capta a ess\u00eancia cultural da cidade. Ideal para quem deseja proteger o seu dispositivo ao mesmo tempo que exibe um toque de arte e folclore catal\u00e3o.<\/p>\n","protected":false},"featured_media":12374,"template":"","meta":{"_acf_changed":false},"product_brand":[],"product_cat":[685],"product_tag":[],"class_list":{"0":"post-36016","1":"product","2":"type-product","3":"status-publish","4":"has-post-thumbnail","6":"product_cat-capas-para-telemoveis","7":"pa_ciudad-barcelona","8":"pa_motivo-panoramas","9":"pa_pais-espana","11":"first","12":"instock","13":"shipping-taxable","14":"product-type-simple"},"acf":[],"_links":{"self":[{"href":"https:\/\/olemosaic.com\/pt-pt\/wp-json\/wp\/v2\/product\/36016","targetHints":{"allow":["GET"]}}],"collection":[{"href":"https:\/\/olemosaic.com\/pt-pt\/wp-json\/wp\/v2\/product"}],"about":[{"href":"https:\/\/olemosaic.com\/pt-pt\/wp-json\/wp\/v2\/types\/product"}],"wp:featuredmedia":[{"embeddable":true,"href":"https:\/\/olemosaic.com\/pt-pt\/wp-json\/wp\/v2\/media\/12374"}],"wp:attachment":[{"href":"https:\/\/olemosaic.com\/pt-pt\/wp-json\/wp\/v2\/media?parent=36016"}],"wp:term":[{"taxonomy":"product_brand","embeddable":true,"href":"https:\/\/olemosaic.com\/pt-pt\/wp-json\/wp\/v2\/product_brand?post=36016"},{"taxonomy":"product_cat","embeddable":true,"href":"https:\/\/olemosaic.com\/pt-pt\/wp-json\/wp\/v2\/product_cat?post=36016"},{"taxonomy":"product_tag","embeddable":true,"href":"https:\/\/olemosaic.com\/pt-pt\/wp-json\/wp\/v2\/product_tag?post=36016"}],"curies":[{"name":"wp","href":"https:\/\/api.w.org\/{rel}","templated":true}]}}