{"id":36006,"date":"2025-02-20T22:35:22","date_gmt":"2025-02-20T22:35:22","guid":{"rendered":"http:\/\/olemosaic.com\/producto\/funda-de-telefono-para-iphone-14-pro-tpu-mosaico-blanco\/"},"modified":"2025-07-25T20:18:07","modified_gmt":"2025-07-25T18:18:07","slug":"capa-de-telemovel-para-iphone-14-pro-tpu-mosaico-branco","status":"publish","type":"product","link":"https:\/\/olemosaic.com\/pt-pt\/produto\/capa-de-telemovel-para-iphone-14-pro-tpu-mosaico-branco\/","title":{"rendered":"Capa de telem\u00f3vel para iPhone 14 Pro (TPU). Mosaico. Branco"},"content":{"rendered":"<p>Capa para iPhone 14 Pro com design de mosaico colorido, ideal para quem procura um acess\u00f3rio que combine prote\u00e7\u00e3o e estilo. Fabricada em TPU, um material flex\u00edvel e resistente que garante a seguran\u00e7a do seu dispositivo contra choques e quedas. O seu design vibrante \u00e9 inspirado na rica tradi\u00e7\u00e3o arquitet\u00f3nica espanhola, apresentando um padr\u00e3o atraente de azulejos em tons azuis, vermelhos, laranjas e amarelos, que evocam a beleza da cer\u00e2mica andaluza. Cada c\u00e9lula do mosaico inclui motivos florais e geom\u00e9tricos, que n\u00e3o s\u00f3 conferem um ar fresco e art\u00edstico, como tamb\u00e9m prestam homenagem \u00e0 heran\u00e7a cultural de Espanha.<\/p>\n<p>Esta capa n\u00e3o \u00e9 apenas funcional, mas tamb\u00e9m um presente excecional para turistas que desejam levar consigo um peda\u00e7o da cultura espanhola. Perfeita para quem procura souvenirs aut\u00eanticos, esta capa de telem\u00f3vel torna-se uma forma \u00fanica de recordar a sua viagem. Na Ol\u00e9 Mosaic, especializamo-nos na distribui\u00e7\u00e3o de acess\u00f3rios por grosso, oferecendo produtos que celebram a diversidade e riqueza do patrim\u00f3nio cultural espanhol. Esta capa de mosaico \u00e9 uma escolha perfeita para retalhistas de presentes tur\u00edsticos que procuram adicionar um toque cultural \u00e0 sua oferta.<\/p>\n","protected":false},"excerpt":{"rendered":"<p>Capa para iPhone 14 Pro fabricada em TPU, decorada com um design atraente de mosaico. Este padr\u00e3o colorido apresenta uma mistura de azulejos em tons azuis, vermelhos, laranjas e amarelos, evocando a rica tradi\u00e7\u00e3o arquitet\u00f3nica espanhola. Cada c\u00e9lula inclui motivos florais e geom\u00e9tricos, criando uma pe\u00e7a vibrante e \u00fanica. Ideal para proteger o seu dispositivo e adicionar um toque cultural e art\u00edstico ao seu dia a dia.<\/p>\n","protected":false},"featured_media":13023,"template":"","meta":{"_acf_changed":false},"product_brand":[],"product_cat":[685],"product_tag":[],"class_list":{"0":"post-36006","1":"product","2":"type-product","3":"status-publish","4":"has-post-thumbnail","6":"product_cat-capas-para-telemoveis","7":"pa_motivo-mosaico","9":"first","10":"instock","11":"shipping-taxable","12":"product-type-simple"},"acf":[],"_links":{"self":[{"href":"https:\/\/olemosaic.com\/pt-pt\/wp-json\/wp\/v2\/product\/36006","targetHints":{"allow":["GET"]}}],"collection":[{"href":"https:\/\/olemosaic.com\/pt-pt\/wp-json\/wp\/v2\/product"}],"about":[{"href":"https:\/\/olemosaic.com\/pt-pt\/wp-json\/wp\/v2\/types\/product"}],"wp:featuredmedia":[{"embeddable":true,"href":"https:\/\/olemosaic.com\/pt-pt\/wp-json\/wp\/v2\/media\/13023"}],"wp:attachment":[{"href":"https:\/\/olemosaic.com\/pt-pt\/wp-json\/wp\/v2\/media?parent=36006"}],"wp:term":[{"taxonomy":"product_brand","embeddable":true,"href":"https:\/\/olemosaic.com\/pt-pt\/wp-json\/wp\/v2\/product_brand?post=36006"},{"taxonomy":"product_cat","embeddable":true,"href":"https:\/\/olemosaic.com\/pt-pt\/wp-json\/wp\/v2\/product_cat?post=36006"},{"taxonomy":"product_tag","embeddable":true,"href":"https:\/\/olemosaic.com\/pt-pt\/wp-json\/wp\/v2\/product_tag?post=36006"}],"curies":[{"name":"wp","href":"https:\/\/api.w.org\/{rel}","templated":true}]}}