{"id":36005,"date":"2025-02-20T22:35:22","date_gmt":"2025-02-20T22:35:22","guid":{"rendered":"http:\/\/olemosaic.com\/producto\/funda-de-telefono-para-iphone-14-pro-tpu-sagrada-familia-barcelona-azul\/"},"modified":"2025-07-25T19:52:38","modified_gmt":"2025-07-25T17:52:38","slug":"capa-de-telemovel-para-iphone-14-pro-tpu-sagrada-familia-barcelona-azul","status":"publish","type":"product","link":"https:\/\/olemosaic.com\/pt-pt\/produto\/capa-de-telemovel-para-iphone-14-pro-tpu-sagrada-familia-barcelona-azul\/","title":{"rendered":"Capa de telem\u00f3vel para iPhone 14 Pro (TPU). Sagrada Fam\u00edlia. Barcelona. Azul"},"content":{"rendered":"<p>Capa para iPhone 14 Pro com design da Sagrada Fam\u00edlia de Barcelona.<\/p>\n<p>Esta capa para telem\u00f3vel, fabricada em TPU de alta qualidade, oferece uma prote\u00e7\u00e3o excecional para o seu iPhone 14 Pro, ao mesmo tempo que exibe um design vibrante da emblem\u00e1tica Sagrada Fam\u00edlia, uma das obras-primas da arquitetura modernista catal\u00e3. Em tons azuis e amarelos, o design destaca os detalhes ic\u00f3nicos da bas\u00edlica, representando as famosas torres deste monumento arquitet\u00f3nico com um fundo espl\u00eandido que evoca o estilo singular do trencad\u00eds, caracter\u00edstico de Antoni Gaud\u00ed. Na parte inferior, a palavra &#8220;Barcelona&#8221; est\u00e1 elegantemente impressa, adicionando um toque local e atraente.<\/p>\n<p>Este produto \u00e9 mais do que uma simples capa; \u00e9 um aut\u00eantico souvenir que celebra a riqueza cultural de Barcelona, perfeita para aqueles que desejam levar um peda\u00e7o da cidade consigo. Com o seu design art\u00edstico, esta capa torna-se um presente ideal, uma recorda\u00e7\u00e3o do esplendor da Sagrada Fam\u00edlia e um excelente artigo para lojas de souvenirs que procuram oferecer produtos distintivos e culturalmente relevantes.<\/p>\n<p>Na Ol\u00e9 Mosaic, somos distribuidores de souvenirs de alta qualidade por grosso, e esta capa para telem\u00f3vel representa uma combina\u00e7\u00e3o perfeita entre funcionalidade e est\u00e9tica, ideal para turistas e amantes de Barcelona que procuram uma recorda\u00e7\u00e3o aut\u00eantica da sua visita. Com esta capa, levam n\u00e3o s\u00f3 uma prote\u00e7\u00e3o para o seu dispositivo, mas tamb\u00e9m um s\u00edmbolo da arte e da hist\u00f3ria da cidade.<\/p>\n","protected":false},"excerpt":{"rendered":"<p>Capa para iPhone 14 Pro fabricada em TPU, ilustrada com uma representa\u00e7\u00e3o vibrante da Sagrada Fam\u00edlia de Barcelona. Este design, em tons azuis e amarelos, destaca os detalhes arquitet\u00f3nicos ic\u00f3nicos da famosa bas\u00edlica, rodeados por um efeito de trencad\u00eds. A palavra &#8220;Barcelona&#8221; est\u00e1 elegantemente impressa na parte inferior, tornando esta capa n\u00e3o apenas uma prote\u00e7\u00e3o pr\u00e1tica, mas tamb\u00e9m um souvenir visualmente atraente que celebra a riqueza cultural da cidade.<\/p>\n","protected":false},"featured_media":12380,"template":"","meta":{"_acf_changed":false},"product_brand":[],"product_cat":[685],"product_tag":[],"class_list":{"0":"post-36005","1":"product","2":"type-product","3":"status-publish","4":"has-post-thumbnail","6":"product_cat-capas-para-telemoveis","7":"pa_ciudad-barcelona","8":"pa_motivo-sagrada-familia","9":"pa_pais-espana","11":"first","12":"instock","13":"shipping-taxable","14":"product-type-simple"},"acf":[],"_links":{"self":[{"href":"https:\/\/olemosaic.com\/pt-pt\/wp-json\/wp\/v2\/product\/36005","targetHints":{"allow":["GET"]}}],"collection":[{"href":"https:\/\/olemosaic.com\/pt-pt\/wp-json\/wp\/v2\/product"}],"about":[{"href":"https:\/\/olemosaic.com\/pt-pt\/wp-json\/wp\/v2\/types\/product"}],"wp:featuredmedia":[{"embeddable":true,"href":"https:\/\/olemosaic.com\/pt-pt\/wp-json\/wp\/v2\/media\/12380"}],"wp:attachment":[{"href":"https:\/\/olemosaic.com\/pt-pt\/wp-json\/wp\/v2\/media?parent=36005"}],"wp:term":[{"taxonomy":"product_brand","embeddable":true,"href":"https:\/\/olemosaic.com\/pt-pt\/wp-json\/wp\/v2\/product_brand?post=36005"},{"taxonomy":"product_cat","embeddable":true,"href":"https:\/\/olemosaic.com\/pt-pt\/wp-json\/wp\/v2\/product_cat?post=36005"},{"taxonomy":"product_tag","embeddable":true,"href":"https:\/\/olemosaic.com\/pt-pt\/wp-json\/wp\/v2\/product_tag?post=36005"}],"curies":[{"name":"wp","href":"https:\/\/api.w.org\/{rel}","templated":true}]}}