{"id":35961,"date":"2025-02-20T23:35:21","date_gmt":"2025-02-20T22:35:21","guid":{"rendered":"http:\/\/olemosaic.com\/producto\/funda-de-telefono-para-iphone-14-tpu-abstracto-azul-2\/"},"modified":"2025-07-25T18:54:03","modified_gmt":"2025-07-25T16:54:03","slug":"capa-de-telemovel-para-iphone-14-tpu-abstrato-maiorca-azul","status":"publish","type":"product","link":"https:\/\/olemosaic.com\/pt-pt\/produto\/capa-de-telemovel-para-iphone-14-tpu-abstrato-maiorca-azul\/","title":{"rendered":"Capa de telem\u00f3vel para iPhone 14 (TPU). Abstrato. Maiorca. Azul"},"content":{"rendered":"<p>Capa para iPhone 14 inspirada na vibrante ess\u00eancia de Maiorca. Esta pe\u00e7a, elaborada em TPU \u2014 um material que combina resist\u00eancia e flexibilidade \u2014, assegura uma prote\u00e7\u00e3o ideal para o seu dispositivo. O seu design abstrato apresenta uma explos\u00e3o de cores que evocam as impressionantes vistas da ilha: tons azulados que replicam o mar Mediterr\u00e2neo, juntamente com rosados, laranjas e amarelos que recordam o p\u00f4r do sol sobre o horizonte de Maiorca. A palavra &#8220;Mallorca&#8221; destaca-se em letras estilizadas, fundindo-se com a paleta de cores e oferecendo um toque moderno e art\u00edstico.<\/p>\n<p>Esta capa n\u00e3o \u00e9 apenas um acess\u00f3rio pr\u00e1tico que protege o seu iPhone 14, mas tamb\u00e9m funciona como uma aut\u00eantica recorda\u00e7\u00e3o de Maiorca, trazendo um pedacinho da cultura mediterr\u00e2nica para o seu dia a dia. O seu design din\u00e2mico e vibrante converte cada utiliza\u00e7\u00e3o numa nova express\u00e3o de estilo, ideal para quem valoriza a est\u00e9tica e a exclusividade. Na Ol\u00e9 Mosaic, como distribuidores de acess\u00f3rios por grosso, oferecemos produtos que celebram a autenticidade e o patrim\u00f3nio cultural das regi\u00f5es que representamos. Esta capa \u00e9 a escolha perfeita para lojas de presentes tur\u00edsticos que procuram oferecer aos seus clientes recorda\u00e7\u00f5es \u00fanicas e de alta qualidade que capturem a ess\u00eancia de Maiorca.<\/p>\n","protected":false},"excerpt":{"rendered":"<p>Capa para iPhone 14 de TPU com um design abstrato e vibrante que evoca as coloridas paisagens de Maiorca. Apresenta uma combina\u00e7\u00e3o din\u00e2mica de tons azuis, rosas, laranjas e amarelos que fluem num belo efeito abstrato, com a palavra &#8220;Mallorca&#8221; a destacar-se em letras estilizadas. Esta capa n\u00e3o s\u00f3 protege o seu dispositivo, como tamb\u00e9m adiciona um toque art\u00edstico e moderno, ideal para quem aprecia o estilo mediterr\u00e2nico.<\/p>\n","protected":false},"featured_media":12958,"template":"","meta":{"_acf_changed":false},"product_brand":[],"product_cat":[685],"product_tag":[],"class_list":{"0":"post-35961","1":"product","2":"type-product","3":"status-publish","4":"has-post-thumbnail","6":"product_cat-capas-para-telemoveis","7":"pa_ciudad-mallorca","8":"pa_motivo-resumo","9":"pa_pais-espana","11":"first","12":"instock","13":"shipping-taxable","14":"product-type-simple"},"acf":[],"_links":{"self":[{"href":"https:\/\/olemosaic.com\/pt-pt\/wp-json\/wp\/v2\/product\/35961","targetHints":{"allow":["GET"]}}],"collection":[{"href":"https:\/\/olemosaic.com\/pt-pt\/wp-json\/wp\/v2\/product"}],"about":[{"href":"https:\/\/olemosaic.com\/pt-pt\/wp-json\/wp\/v2\/types\/product"}],"wp:featuredmedia":[{"embeddable":true,"href":"https:\/\/olemosaic.com\/pt-pt\/wp-json\/wp\/v2\/media\/12958"}],"wp:attachment":[{"href":"https:\/\/olemosaic.com\/pt-pt\/wp-json\/wp\/v2\/media?parent=35961"}],"wp:term":[{"taxonomy":"product_brand","embeddable":true,"href":"https:\/\/olemosaic.com\/pt-pt\/wp-json\/wp\/v2\/product_brand?post=35961"},{"taxonomy":"product_cat","embeddable":true,"href":"https:\/\/olemosaic.com\/pt-pt\/wp-json\/wp\/v2\/product_cat?post=35961"},{"taxonomy":"product_tag","embeddable":true,"href":"https:\/\/olemosaic.com\/pt-pt\/wp-json\/wp\/v2\/product_tag?post=35961"}],"curies":[{"name":"wp","href":"https:\/\/api.w.org\/{rel}","templated":true}]}}