{"id":35960,"date":"2025-02-20T22:35:21","date_gmt":"2025-02-20T22:35:21","guid":{"rendered":"http:\/\/olemosaic.com\/producto\/funda-de-telefono-para-iphone-14-tpu-mariposa-barcelona-blanco\/"},"modified":"2025-07-25T20:31:24","modified_gmt":"2025-07-25T18:31:24","slug":"capa-de-telemovel-para-iphone-14-tpu-borboleta-barcelona-branco","status":"publish","type":"product","link":"https:\/\/olemosaic.com\/pt-pt\/produto\/capa-de-telemovel-para-iphone-14-tpu-borboleta-barcelona-branco\/","title":{"rendered":"Capa de telem\u00f3vel para iPhone 14 (TPU). Borboleta. Barcelona. Branco"},"content":{"rendered":"<p>Capa para iPhone 14 fabricada em TPU, decorada com uma vibrante ilustra\u00e7\u00e3o de borboletas sobre fundo branco. Esta capa destaca-se pelo seu design colorido, com borboletas em tons de laranja, azul e rosa, inspiradas nos ic\u00f3nicos mosaicos de Barcelona. Cada borboleta \u00e9 uma explos\u00e3o de cor, com detalhes que evocam a diversidade e a criatividade da cidade, enquanto o fundo branco real\u00e7a a intensidade destas criaturas aladas. Na parte inferior, uma representa\u00e7\u00e3o gr\u00e1fica de fragmentos de cer\u00e2mica vermelhos e azuis, juntamente com a palavra &#8220;Barcelona&#8221;, adiciona um toque distintivo e art\u00edstico, refletindo a rica heran\u00e7a cultural do modernismo catal\u00e3o.<\/p>\n<p>Este artigo, al\u00e9m de proteger o seu dispositivo, \u00e9 uma recorda\u00e7\u00e3o excecional de Barcelona, perfeito para quem deseja levar consigo um peda\u00e7o desta vibrante metr\u00f3pole. A liga\u00e7\u00e3o cultural aprecia-se em cada detalhe, j\u00e1 que as borboletas s\u00e3o s\u00edmbolos de transforma\u00e7\u00e3o e beleza, de acordo com a ess\u00eancia da cidade. Na Ol\u00e9 Mosaic, oferecemos uma gama de produtos aut\u00eanticos, e esta capa \u00e9 uma excelente op\u00e7\u00e3o para lojas de presentes tur\u00edsticos que procuram souvenirs inovadores e representativos de Barcelona. Como grossistas de capas de telem\u00f3vel, garantimos qualidade e um design que celebra a cultura catal\u00e3 de forma art\u00edstica e contempor\u00e2nea.<\/p>\n","protected":false},"excerpt":{"rendered":"<p>Capa de telem\u00f3vel para iPhone 14 fabricada em TPU, adornada com uma vibrante ilustra\u00e7\u00e3o de borboletas sobre um fundo branco. O design colorido destaca borboletas em tons de laranja, azul e rosa, inspiradas nos mosaicos de Barcelona. O motivo inclui fragmentos de cer\u00e2mica em cores vermelho e azul, junto \u00e0 palavra &#8220;Barcelona&#8221;, conferindo um toque distintivo e art\u00edstico que reflete a ess\u00eancia criativa da cidade.<\/p>\n","protected":false},"featured_media":12352,"template":"","meta":{"_acf_changed":false},"product_brand":[],"product_cat":[685],"product_tag":[516],"class_list":{"0":"post-35960","1":"product","2":"type-product","3":"status-publish","4":"has-post-thumbnail","6":"product_cat-capas-para-telemoveis","7":"product_tag-animais","8":"pa_ciudad-barcelona","9":"pa_motivo-borboletas","10":"pa_pais-espana","12":"first","13":"instock","14":"shipping-taxable","15":"product-type-simple"},"acf":[],"_links":{"self":[{"href":"https:\/\/olemosaic.com\/pt-pt\/wp-json\/wp\/v2\/product\/35960","targetHints":{"allow":["GET"]}}],"collection":[{"href":"https:\/\/olemosaic.com\/pt-pt\/wp-json\/wp\/v2\/product"}],"about":[{"href":"https:\/\/olemosaic.com\/pt-pt\/wp-json\/wp\/v2\/types\/product"}],"wp:featuredmedia":[{"embeddable":true,"href":"https:\/\/olemosaic.com\/pt-pt\/wp-json\/wp\/v2\/media\/12352"}],"wp:attachment":[{"href":"https:\/\/olemosaic.com\/pt-pt\/wp-json\/wp\/v2\/media?parent=35960"}],"wp:term":[{"taxonomy":"product_brand","embeddable":true,"href":"https:\/\/olemosaic.com\/pt-pt\/wp-json\/wp\/v2\/product_brand?post=35960"},{"taxonomy":"product_cat","embeddable":true,"href":"https:\/\/olemosaic.com\/pt-pt\/wp-json\/wp\/v2\/product_cat?post=35960"},{"taxonomy":"product_tag","embeddable":true,"href":"https:\/\/olemosaic.com\/pt-pt\/wp-json\/wp\/v2\/product_tag?post=35960"}],"curies":[{"name":"wp","href":"https:\/\/api.w.org\/{rel}","templated":true}]}}