{"id":35959,"date":"2025-02-20T22:35:21","date_gmt":"2025-02-20T22:35:21","guid":{"rendered":"http:\/\/olemosaic.com\/producto\/funda-de-telefono-para-iphone-14-tpu-salamandra-barcelona-blanco\/"},"modified":"2025-07-25T19:24:04","modified_gmt":"2025-07-25T17:24:04","slug":"capa-de-telemovel-para-iphone-14-tpu-salamandra-barcelona-branco","status":"publish","type":"product","link":"https:\/\/olemosaic.com\/pt-pt\/produto\/capa-de-telemovel-para-iphone-14-tpu-salamandra-barcelona-branco\/","title":{"rendered":"Capa de telem\u00f3vel para iPhone 14 (TPU). Salamandra. Barcelona. Branco"},"content":{"rendered":"<p>Capa para iPhone 14 decorada com coloridas salamandras de Barcelona. Esta incr\u00edvel capa de TPU destaca-se pelo seu design vibrante, que apresenta uma s\u00e9rie de salamandras estilizadas sobre um fundo branco, evocando a ic\u00f3nica cer\u00e2mica da cidade. Inspirada na obra do famoso arquiteto Antoni Gaud\u00ed, a arte da cer\u00e2mica catal\u00e3 resplandece atrav\u00e9s de elementos florais em tons vivos que acompanham as salamandras, criando uma fus\u00e3o perfeita de natureza e cultura. O acabamento esmaltado proporciona uma prote\u00e7\u00e3o eficaz ao seu dispositivo, enquanto a tipografia alegre e din\u00e2mica que real\u00e7a a palavra &#8220;Barcelona&#8221; adiciona um toque \u00fanico e distintivo ao acess\u00f3rio. Este souvenir representa n\u00e3o apenas um artigo funcional, mas tamb\u00e9m uma recorda\u00e7\u00e3o aut\u00eantica da riqueza cultural de Barcelona. Ao escolher esta capa, os turistas n\u00e3o s\u00f3 protegem o seu iPhone, como tamb\u00e9m levam consigo um peda\u00e7o da vibrante vida e personalidade da cidade. Na Ol\u00e9 Mosaic, oferecemos uma ampla sele\u00e7\u00e3o de produtos de qualidade por grosso, ideais para lojas de presentes tur\u00edsticos que procuram souvenirs aut\u00eanticos que capturem a ess\u00eancia de Espanha e das suas tradi\u00e7\u00f5es.<\/p>\n","protected":false},"excerpt":{"rendered":"<p>Capa de TPU para iPhone 14, adornada com coloridas salamandras sobre um fundo branco. O design incorpora vibrantes elementos florais e uma representa\u00e7\u00e3o estilizada da ic\u00f3nica cer\u00e2mica barcelonesa, evocando a obra de Antoni Gaud\u00ed. Com um acabamento brilhante e uma tipografia que real\u00e7a a palavra &#8220;Barcelona&#8221;, esta capa n\u00e3o s\u00f3 protege o seu dispositivo, como tamb\u00e9m adiciona um toque art\u00edstico e distintivo que celebra a riqueza cultural da cidade.<\/p>\n","protected":false},"featured_media":12350,"template":"","meta":{"_acf_changed":false},"product_brand":[],"product_cat":[685],"product_tag":[516],"class_list":{"0":"post-35959","1":"product","2":"type-product","3":"status-publish","4":"has-post-thumbnail","6":"product_cat-capas-para-telemoveis","7":"product_tag-animais","8":"pa_ciudad-barcelona","9":"pa_motivo-salamandras","10":"pa_pais-espana","12":"first","13":"instock","14":"shipping-taxable","15":"product-type-simple"},"acf":[],"_links":{"self":[{"href":"https:\/\/olemosaic.com\/pt-pt\/wp-json\/wp\/v2\/product\/35959","targetHints":{"allow":["GET"]}}],"collection":[{"href":"https:\/\/olemosaic.com\/pt-pt\/wp-json\/wp\/v2\/product"}],"about":[{"href":"https:\/\/olemosaic.com\/pt-pt\/wp-json\/wp\/v2\/types\/product"}],"wp:featuredmedia":[{"embeddable":true,"href":"https:\/\/olemosaic.com\/pt-pt\/wp-json\/wp\/v2\/media\/12350"}],"wp:attachment":[{"href":"https:\/\/olemosaic.com\/pt-pt\/wp-json\/wp\/v2\/media?parent=35959"}],"wp:term":[{"taxonomy":"product_brand","embeddable":true,"href":"https:\/\/olemosaic.com\/pt-pt\/wp-json\/wp\/v2\/product_brand?post=35959"},{"taxonomy":"product_cat","embeddable":true,"href":"https:\/\/olemosaic.com\/pt-pt\/wp-json\/wp\/v2\/product_cat?post=35959"},{"taxonomy":"product_tag","embeddable":true,"href":"https:\/\/olemosaic.com\/pt-pt\/wp-json\/wp\/v2\/product_tag?post=35959"}],"curies":[{"name":"wp","href":"https:\/\/api.w.org\/{rel}","templated":true}]}}