{"id":35957,"date":"2025-02-20T23:35:20","date_gmt":"2025-02-20T22:35:20","guid":{"rendered":"http:\/\/olemosaic.com\/producto\/funda-de-telefono-para-iphone-14-tpu-panoramica-barcelona-azul-2\/"},"modified":"2025-07-25T19:48:03","modified_gmt":"2025-07-25T17:48:03","slug":"capa-de-telemovel-para-iphone-14-tpu-panoramica-barcelona-azul-2","status":"publish","type":"product","link":"https:\/\/olemosaic.com\/pt-pt\/produto\/capa-de-telemovel-para-iphone-14-tpu-panoramica-barcelona-azul-2\/","title":{"rendered":"Capa de telem\u00f3vel para iPhone 14 (TPU). Panor\u00e2mica. Sagrada Fam\u00edlia. Barcelona. Azul"},"content":{"rendered":"<p>Capa para iPhone 14 com um vibrante design panor\u00e2mico de Barcelona, que captura a ess\u00eancia desta emblem\u00e1tica cidade. Esta capa de TPU apresenta uma colorida ilustra\u00e7\u00e3o da ic\u00f3nica Sagrada Fam\u00edlia com as suas distintivas torres, rodeada de palmeiras e da ensolarada paisagem urbana caracter\u00edstica da costa catal\u00e3. Os tons azuis do fundo evocam o c\u00e9u mediterr\u00e2nico, enquanto o colorido design modernista e os detalhes arquitet\u00f3nicos fazem desta capa uma aut\u00eantica homenagem \u00e0 criatividade de Antoni Gaud\u00ed. O texto &#8220;Barcelona&#8221; est\u00e1 impresso num tom contrastante que acrescenta um toque moderno e atraente \u00e0 apresenta\u00e7\u00e3o do produto.<\/p>\n<p>Fabricada em material TPU de alta qualidade, esta capa n\u00e3o s\u00f3 \u00e9 visualmente impactante, como tamb\u00e9m proporciona uma prote\u00e7\u00e3o eficaz contra choques e riscos, mantendo um acabamento leve e flex\u00edvel que se adapta perfeitamente ao dispositivo. Este souvenir \u00e9 ideal para os turistas que procuram recordar a sua visita a Barcelona de uma maneira pr\u00e1tica e estilizada. Na Ol\u00e9 Mosaic, somos especialistas na distribui\u00e7\u00e3o de souvenirs por grosso, e esta capa de telem\u00f3vel apresenta-se como uma op\u00e7\u00e3o excecional para aquelas lojas de presentes tur\u00edsticos que desejam oferecer produtos representativos e aut\u00eanticos da cultura espanhola. Com o seu design exclusivo, este souvenir de Barcelona \u00e9 uma combina\u00e7\u00e3o perfeita de funcionalidade e arte, tornando-se um imprescind\u00edvel para quem deseja levar um peda\u00e7o desta vibrante cidade sempre consigo.<\/p>\n","protected":false},"excerpt":{"rendered":"<p>Capa de telem\u00f3vel para iPhone 14 (TPU) com uma vibrante panor\u00e2mica de Barcelona em tons azuis. O design ilustrado inclui a ic\u00f3nica Sagrada Fam\u00edlia, palmeiras e uma paisagem urbana ensolarada, destacando as curvas e cores t\u00edpicas da arquitetura modernista. O texto &#8220;Barcelona&#8221; est\u00e1 impresso numa cor contrastante, conferindo um acabamento atraente e moderno. Fabricada em material TPU, oferece uma prote\u00e7\u00e3o eficaz e um acabamento leve e flex\u00edvel.<\/p>\n","protected":false},"featured_media":12361,"template":"","meta":{"_acf_changed":false},"product_brand":[],"product_cat":[685],"product_tag":[],"class_list":{"0":"post-35957","1":"product","2":"type-product","3":"status-publish","4":"has-post-thumbnail","6":"product_cat-capas-para-telemoveis","7":"pa_ciudad-barcelona","8":"pa_motivo-panoramas","9":"pa_pais-espana","11":"first","12":"instock","13":"shipping-taxable","14":"product-type-simple"},"acf":[],"_links":{"self":[{"href":"https:\/\/olemosaic.com\/pt-pt\/wp-json\/wp\/v2\/product\/35957","targetHints":{"allow":["GET"]}}],"collection":[{"href":"https:\/\/olemosaic.com\/pt-pt\/wp-json\/wp\/v2\/product"}],"about":[{"href":"https:\/\/olemosaic.com\/pt-pt\/wp-json\/wp\/v2\/types\/product"}],"wp:featuredmedia":[{"embeddable":true,"href":"https:\/\/olemosaic.com\/pt-pt\/wp-json\/wp\/v2\/media\/12361"}],"wp:attachment":[{"href":"https:\/\/olemosaic.com\/pt-pt\/wp-json\/wp\/v2\/media?parent=35957"}],"wp:term":[{"taxonomy":"product_brand","embeddable":true,"href":"https:\/\/olemosaic.com\/pt-pt\/wp-json\/wp\/v2\/product_brand?post=35957"},{"taxonomy":"product_cat","embeddable":true,"href":"https:\/\/olemosaic.com\/pt-pt\/wp-json\/wp\/v2\/product_cat?post=35957"},{"taxonomy":"product_tag","embeddable":true,"href":"https:\/\/olemosaic.com\/pt-pt\/wp-json\/wp\/v2\/product_tag?post=35957"}],"curies":[{"name":"wp","href":"https:\/\/api.w.org\/{rel}","templated":true}]}}