{"id":35955,"date":"2025-02-20T22:35:20","date_gmt":"2025-02-20T22:35:20","guid":{"rendered":"http:\/\/olemosaic.com\/producto\/funda-de-telefono-para-iphone-14-tpu-salamandra-negro\/"},"modified":"2025-07-25T18:34:33","modified_gmt":"2025-07-25T16:34:33","slug":"capa-de-telemovel-para-iphone-14-tpu-salamandra-preto","status":"publish","type":"product","link":"https:\/\/olemosaic.com\/pt-pt\/produto\/capa-de-telemovel-para-iphone-14-tpu-salamandra-preto\/","title":{"rendered":"Capa de telem\u00f3vel para iPhone 14 (TPU). Salamandra. Preto"},"content":{"rendered":"<p>Capa para iPhone 14 com ilustra\u00e7\u00f5es de salamandras multicoloridas e flores vibrantes. Este produto \u00e9 a fus\u00e3o perfeita entre prote\u00e7\u00e3o e estilo, ideal para quem aprecia a cultura e o folclore espanhol. Fabricada em TPU de alta qualidade, esta capa preta destaca-se pelas suas chamativas ilustra\u00e7\u00f5es de salamandras em diversas poses, adornadas com cores intensas como o verde, o vermelho e o azul. Cada salamandra \u00e9 uma recorda\u00e7\u00e3o da rica biodiversidade de Espanha, evocando o calor dos seus climas e a vitalidade da sua fauna.<\/p>\n<p>Os detalhes das ilustra\u00e7\u00f5es est\u00e3o meticulosamente desenhados e mostram n\u00e3o s\u00f3 o movimento natural destes fascinantes r\u00e9pteis, mas tamb\u00e9m flores vibrantes que acrescentam um toque fresco e moderno ao design. Esta capa n\u00e3o s\u00f3 protege o seu iPhone 14 de quedas e riscos, como se torna um acess\u00f3rio que demonstra o seu apre\u00e7o pela arte e cultura locais. Ao escolher esta capa, adquire um produto funcional e um aut\u00eantico souvenir que celebra a liga\u00e7\u00e3o entre natureza e design.<\/p>\n<p>A Ol\u00e9 Mosaic orgulha-se de oferecer produtos \u00fanicos como esta capa, perfeitos para lojas de presentes tur\u00edsticos que procuram aut\u00eanticos souvenirs de Espanha. Como grossista de acess\u00f3rios, garantimos a qualidade e autenticidade de cada pe\u00e7a, tornando esta capa numa excelente escolha e num verdadeiro s\u00edmbolo da cultura espanhola.<\/p>\n","protected":false},"excerpt":{"rendered":"<p>Capa de telem\u00f3vel para iPhone 14 de TPU em cor preta, decorada com ilustra\u00e7\u00f5es chamativas de salamandras multicoloridas e flores vibrantes. Este design moderno e art\u00edstico apresenta salamandras em distintas poses, com detalhes em verde, vermelho e azul, que evocam o colorido folclore espanhol. A capa n\u00e3o s\u00f3 protege o seu dispositivo, como tamb\u00e9m acrescenta um toque de originalidade e estilo ao seu dia a dia.<\/p>\n","protected":false},"featured_media":13022,"template":"","meta":{"_acf_changed":false},"product_brand":[],"product_cat":[685],"product_tag":[516],"class_list":{"0":"post-35955","1":"product","2":"type-product","3":"status-publish","4":"has-post-thumbnail","6":"product_cat-capas-para-telemoveis","7":"product_tag-animais","8":"pa_motivo-salamandras","10":"first","11":"instock","12":"shipping-taxable","13":"product-type-simple"},"acf":[],"_links":{"self":[{"href":"https:\/\/olemosaic.com\/pt-pt\/wp-json\/wp\/v2\/product\/35955","targetHints":{"allow":["GET"]}}],"collection":[{"href":"https:\/\/olemosaic.com\/pt-pt\/wp-json\/wp\/v2\/product"}],"about":[{"href":"https:\/\/olemosaic.com\/pt-pt\/wp-json\/wp\/v2\/types\/product"}],"wp:featuredmedia":[{"embeddable":true,"href":"https:\/\/olemosaic.com\/pt-pt\/wp-json\/wp\/v2\/media\/13022"}],"wp:attachment":[{"href":"https:\/\/olemosaic.com\/pt-pt\/wp-json\/wp\/v2\/media?parent=35955"}],"wp:term":[{"taxonomy":"product_brand","embeddable":true,"href":"https:\/\/olemosaic.com\/pt-pt\/wp-json\/wp\/v2\/product_brand?post=35955"},{"taxonomy":"product_cat","embeddable":true,"href":"https:\/\/olemosaic.com\/pt-pt\/wp-json\/wp\/v2\/product_cat?post=35955"},{"taxonomy":"product_tag","embeddable":true,"href":"https:\/\/olemosaic.com\/pt-pt\/wp-json\/wp\/v2\/product_tag?post=35955"}],"curies":[{"name":"wp","href":"https:\/\/api.w.org\/{rel}","templated":true}]}}