{"id":35954,"date":"2025-02-20T22:35:19","date_gmt":"2025-02-20T22:35:19","guid":{"rendered":"http:\/\/olemosaic.com\/producto\/funda-de-telefono-para-iphone-14-tpu-panoramica-barcelona-azul\/"},"modified":"2025-07-25T19:01:55","modified_gmt":"2025-07-25T17:01:55","slug":"capa-de-telemovel-para-iphone-14-tpu-panoramica-barcelona-azul","status":"publish","type":"product","link":"https:\/\/olemosaic.com\/pt-pt\/produto\/capa-de-telemovel-para-iphone-14-tpu-panoramica-barcelona-azul\/","title":{"rendered":"Capa de telem\u00f3vel para iPhone 14 (TPU). Panor\u00e2mica. Barcelona. Azul"},"content":{"rendered":"<p>Capa para iPhone 14 com design panor\u00e2mico de Barcelona. Esta capa de TPU n\u00e3o s\u00f3 protege eficazmente o seu dispositivo, como \u00e9 uma aut\u00eantica obra de arte que celebra a ess\u00eancia vibrante da capital catal\u00e3. O seu fundo azul claro serve de tela para uma ilustra\u00e7\u00e3o colorida que inclui \u00edcones arquitet\u00f3nicos emblem\u00e1ticos, como a majestosa Sagrada Fam\u00edlia e as singulares casas de Gaud\u00ed, refletindo a criatividade e o engenho arquitet\u00f3nico que caracterizam a cidade. O design, com o seu atraente padr\u00e3o de mosaico, evoca o famoso estilo modernista de Gaud\u00ed e convida os utilizadores a mergulharem na cultura barcelonesa com cada utiliza\u00e7\u00e3o.<\/p>\n<p>A palavra &#8220;Barcelona&#8221; destaca-se em cores vibrantes, acrescentando um toque art\u00edstico que complementa a impressionante panor\u00e2mica. Este produto n\u00e3o \u00e9 apenas uma capa funcional, mas tamb\u00e9m atua como uma recorda\u00e7\u00e3o representativa da rica cultura e do patrim\u00f3nio da cidade, ideal para turistas que procuram um souvenir aut\u00eantico. Na Ol\u00e9 Mosaic, como distribuidores de souvenirs, oferecemos esta capa de destaque para aqueles que desejam levar consigo um pedacinho de Barcelona. \u00c9 uma op\u00e7\u00e3o perfeita para lojas de presentes tur\u00edsticos, proporcionando um design contempor\u00e2neo e culturalmente significativo, que converter\u00e1 cada telem\u00f3vel numa homenagem a uma das cidades mais queridas de Espanha.<\/p>\n","protected":false},"excerpt":{"rendered":"<p>Capa para iPhone 14 de TPU, desenhada com uma colorida panor\u00e2mica de Barcelona. A capa apresenta um fundo azul com motivos arquitet\u00f3nicos ic\u00f3nicos, como a Sagrada Fam\u00edlia e as casas de Gaud\u00ed, real\u00e7ados por um atraente design de mosaico. O texto &#8220;Barcelona&#8221; destaca-se com cores vibrantes, acrescentando um toque art\u00edstico. Ideal para proteger o seu telem\u00f3vel e, ao mesmo tempo, mostrar o encanto e a criatividade desta emblem\u00e1tica cidade espanhola.<\/p>\n","protected":false},"featured_media":12359,"template":"","meta":{"_acf_changed":false},"product_brand":[],"product_cat":[685],"product_tag":[],"class_list":{"0":"post-35954","1":"product","2":"type-product","3":"status-publish","4":"has-post-thumbnail","6":"product_cat-capas-para-telemoveis","7":"pa_ciudad-barcelona","8":"pa_motivo-panoramas","9":"pa_pais-espana","11":"first","12":"instock","13":"shipping-taxable","14":"product-type-simple"},"acf":[],"_links":{"self":[{"href":"https:\/\/olemosaic.com\/pt-pt\/wp-json\/wp\/v2\/product\/35954","targetHints":{"allow":["GET"]}}],"collection":[{"href":"https:\/\/olemosaic.com\/pt-pt\/wp-json\/wp\/v2\/product"}],"about":[{"href":"https:\/\/olemosaic.com\/pt-pt\/wp-json\/wp\/v2\/types\/product"}],"wp:featuredmedia":[{"embeddable":true,"href":"https:\/\/olemosaic.com\/pt-pt\/wp-json\/wp\/v2\/media\/12359"}],"wp:attachment":[{"href":"https:\/\/olemosaic.com\/pt-pt\/wp-json\/wp\/v2\/media?parent=35954"}],"wp:term":[{"taxonomy":"product_brand","embeddable":true,"href":"https:\/\/olemosaic.com\/pt-pt\/wp-json\/wp\/v2\/product_brand?post=35954"},{"taxonomy":"product_cat","embeddable":true,"href":"https:\/\/olemosaic.com\/pt-pt\/wp-json\/wp\/v2\/product_cat?post=35954"},{"taxonomy":"product_tag","embeddable":true,"href":"https:\/\/olemosaic.com\/pt-pt\/wp-json\/wp\/v2\/product_tag?post=35954"}],"curies":[{"name":"wp","href":"https:\/\/api.w.org\/{rel}","templated":true}]}}