{"id":35931,"date":"2025-02-20T22:35:19","date_gmt":"2025-02-20T22:35:19","guid":{"rendered":"http:\/\/olemosaic.com\/producto\/funda-de-telefono-para-iphone-14-tpu-mosaico-barcelona-blanco\/"},"modified":"2025-07-25T19:44:13","modified_gmt":"2025-07-25T17:44:13","slug":"capa-de-telemovel-para-iphone-14-tpu-mosaico-barcelona-branco","status":"publish","type":"product","link":"https:\/\/olemosaic.com\/pt-pt\/produto\/capa-de-telemovel-para-iphone-14-tpu-mosaico-barcelona-branco\/","title":{"rendered":"Capa de telem\u00f3vel para iPhone 14 (TPU). Mosaico. Barcelona. Branco"},"content":{"rendered":"<p>Capa para iPhone 14 com design de mosaico de Barcelona. Fabricada em TPU resistente, esta capa combina prote\u00e7\u00e3o e estilo, adornada com um vibrante design inspirado nos famosos azulejos da cidade condal. Com um fundo branco que real\u00e7a os padr\u00f5es em tons azuis, vermelhos, laranjas e amarelos, cada detalhe evoca a rica heran\u00e7a cultural de Barcelona. O texto \u201cBarcelona\u201d destaca-se artisticamente, acrescentando um toque distintivo que celebra a ess\u00eancia desta emblem\u00e1tica cidade.<\/p>\n<p>O mosaico que decora a capa n\u00e3o s\u00f3 \u00e9 visualmente atraente, como tamb\u00e9m guarda uma profunda liga\u00e7\u00e3o com a arte modernista catal\u00e3, fundamental para a identidade local. Esta recorda\u00e7\u00e3o \u00e9 ideal para quem procura uma forma original e funcional de levar um peda\u00e7o de Barcelona consigo.<\/p>\n<p>Perfeita para turistas que desejem recordar a sua visita a esta ic\u00f3nica cidade ou para aqueles que simplesmente apreciam o design contempor\u00e2neo e a cultura, esta capa \u00e9 uma excelente op\u00e7\u00e3o de recorda\u00e7\u00e3o que destaca a autenticidade e o car\u00e1cter de Barcelona. Na Ol\u00e9 Mosaic, como distribuidor de recorda\u00e7\u00f5es por grosso, oferecemos produtos que encapsulam a riqueza cultural de Espanha, fazendo desta capa um artigo de destaque para lojas de presentes tur\u00edsticos e um imprescind\u00edvel para quem valoriza a est\u00e9tica e a funcionalidade.<\/p>\n","protected":false},"excerpt":{"rendered":"<p>Capa para iPhone 14 fabricada em TPU, com um design mosaico vibrante que evoca a riqueza cultural de Barcelona. Sobre um fundo branco, exibe uma variedade de padr\u00f5es em azul, vermelho, laranja e amarelo, inspirados nos caracter\u00edsticos azulejos da cidade. O texto &#8220;Barcelona&#8221; destaca-se, com um toque art\u00edstico que real\u00e7a a ess\u00eancia desta emblem\u00e1tica urbe. Ideal para proteger o seu dispositivo com estilo e eleg\u00e2ncia.<\/p>\n","protected":false},"featured_media":12355,"template":"","meta":{"_acf_changed":false},"product_brand":[],"product_cat":[685],"product_tag":[],"class_list":{"0":"post-35931","1":"product","2":"type-product","3":"status-publish","4":"has-post-thumbnail","6":"product_cat-capas-para-telemoveis","7":"pa_ciudad-barcelona","8":"pa_motivo-mosaico","9":"pa_pais-espana","11":"first","12":"instock","13":"shipping-taxable","14":"product-type-simple"},"acf":[],"_links":{"self":[{"href":"https:\/\/olemosaic.com\/pt-pt\/wp-json\/wp\/v2\/product\/35931","targetHints":{"allow":["GET"]}}],"collection":[{"href":"https:\/\/olemosaic.com\/pt-pt\/wp-json\/wp\/v2\/product"}],"about":[{"href":"https:\/\/olemosaic.com\/pt-pt\/wp-json\/wp\/v2\/types\/product"}],"wp:featuredmedia":[{"embeddable":true,"href":"https:\/\/olemosaic.com\/pt-pt\/wp-json\/wp\/v2\/media\/12355"}],"wp:attachment":[{"href":"https:\/\/olemosaic.com\/pt-pt\/wp-json\/wp\/v2\/media?parent=35931"}],"wp:term":[{"taxonomy":"product_brand","embeddable":true,"href":"https:\/\/olemosaic.com\/pt-pt\/wp-json\/wp\/v2\/product_brand?post=35931"},{"taxonomy":"product_cat","embeddable":true,"href":"https:\/\/olemosaic.com\/pt-pt\/wp-json\/wp\/v2\/product_cat?post=35931"},{"taxonomy":"product_tag","embeddable":true,"href":"https:\/\/olemosaic.com\/pt-pt\/wp-json\/wp\/v2\/product_tag?post=35931"}],"curies":[{"name":"wp","href":"https:\/\/api.w.org\/{rel}","templated":true}]}}