{"id":35929,"date":"2025-02-20T22:35:19","date_gmt":"2025-02-20T22:35:19","guid":{"rendered":"http:\/\/olemosaic.com\/producto\/funda-de-telefono-para-iphone-14-tpu-gato-mallorca-blanco\/"},"modified":"2025-07-25T19:51:32","modified_gmt":"2025-07-25T17:51:32","slug":"capa-de-telemovel-para-iphone-14-tpu-gato-maiorca-branco","status":"publish","type":"product","link":"https:\/\/olemosaic.com\/pt-pt\/produto\/capa-de-telemovel-para-iphone-14-tpu-gato-maiorca-branco\/","title":{"rendered":"Capa de telem\u00f3vel para iPhone 14 (TPU). Gato. Maiorca. Branco"},"content":{"rendered":"<p>Capa para iPhone 14 com design de gato colorido de Maiorca. Esta capa vibrante, fabricada em TPU, apresenta uma ilustra\u00e7\u00e3o encantadora de um gato com um estilo art\u00edstico de mosaico, que captura a ess\u00eancia da arte local. O fundo branco real\u00e7a as formas geom\u00e9tricas e os tons brilhantes do gato, composto por cores quentes e frias, criando um efeito visual alegre e contempor\u00e2neo. Os detalhes de borboletas a esvoa\u00e7ar em redor do gato acrescentam um toque l\u00fadico, convidando \u00e0 admira\u00e7\u00e3o e evocando la beleza natural de Maiorca.<\/p>\n<p>A liga\u00e7\u00e3o cultural desta capa vai al\u00e9m do seu design: simboliza a criatividade e o esp\u00edrito vibrante desta famosa ilha espanhola. Maiorca \u00e9 conhecida n\u00e3o s\u00f3 pelas suas paisagens id\u00edlicas, mas tamb\u00e9m pela sua rica heran\u00e7a art\u00edstica, e esta capa \u00e9 a recorda\u00e7\u00e3o perfeita para quem deseja levar um peda\u00e7o desta cultura. Ideal para turistas que procuram presentes \u00fanicos e representativos, este produto n\u00e3o s\u00f3 protege o dispositivo, como tamb\u00e9m serve como uma recorda\u00e7\u00e3o constante da magia de Maiorca. Na Ol\u00e9 Mosaic orgulhamo-nos de oferecer produtos aut\u00eanticos e de qualidade por grosso, e esta capa \u00e9 uma op\u00e7\u00e3o ideal para lojas de recorda\u00e7\u00f5es tur\u00edsticas que procuram destacar-se com lembran\u00e7as originais e encantadoras.<\/p>\n","protected":false},"excerpt":{"rendered":"<p>Capa de telem\u00f3vel para iPhone 14 de TPU, com um design vibrante que apresenta um gato colorido sobre fundo branco. Esta capa evoca o estilo art\u00edstico de Maiorca, com um design de mosaico que utiliza uma gama de cores brilhantes e borboletas que acrescentam um toque l\u00fadico. A representa\u00e7\u00e3o do gato, com as suas formas geom\u00e9tricas, confere um ar moderno e alegre, ideal para quem procura proteger o seu dispositivo com um toque de originalidade.<\/p>\n","protected":false},"featured_media":12955,"template":"","meta":{"_acf_changed":false},"product_brand":[],"product_cat":[685],"product_tag":[516],"class_list":{"0":"post-35929","1":"product","2":"type-product","3":"status-publish","4":"has-post-thumbnail","6":"product_cat-capas-para-telemoveis","7":"product_tag-animais","8":"pa_ciudad-mallorca","9":"pa_motivo-gatos","10":"pa_pais-espana","12":"first","13":"instock","14":"shipping-taxable","15":"product-type-simple"},"acf":[],"_links":{"self":[{"href":"https:\/\/olemosaic.com\/pt-pt\/wp-json\/wp\/v2\/product\/35929","targetHints":{"allow":["GET"]}}],"collection":[{"href":"https:\/\/olemosaic.com\/pt-pt\/wp-json\/wp\/v2\/product"}],"about":[{"href":"https:\/\/olemosaic.com\/pt-pt\/wp-json\/wp\/v2\/types\/product"}],"wp:featuredmedia":[{"embeddable":true,"href":"https:\/\/olemosaic.com\/pt-pt\/wp-json\/wp\/v2\/media\/12955"}],"wp:attachment":[{"href":"https:\/\/olemosaic.com\/pt-pt\/wp-json\/wp\/v2\/media?parent=35929"}],"wp:term":[{"taxonomy":"product_brand","embeddable":true,"href":"https:\/\/olemosaic.com\/pt-pt\/wp-json\/wp\/v2\/product_brand?post=35929"},{"taxonomy":"product_cat","embeddable":true,"href":"https:\/\/olemosaic.com\/pt-pt\/wp-json\/wp\/v2\/product_cat?post=35929"},{"taxonomy":"product_tag","embeddable":true,"href":"https:\/\/olemosaic.com\/pt-pt\/wp-json\/wp\/v2\/product_tag?post=35929"}],"curies":[{"name":"wp","href":"https:\/\/api.w.org\/{rel}","templated":true}]}}