{"id":35928,"date":"2025-02-20T22:35:19","date_gmt":"2025-02-20T22:35:19","guid":{"rendered":"http:\/\/olemosaic.com\/producto\/funda-de-telefono-para-iphone-14-tpu-abstracto-verde\/"},"modified":"2025-07-25T20:06:09","modified_gmt":"2025-07-25T18:06:09","slug":"capa-de-telemovel-para-iphone-14-tpu-abstrato-verde","status":"publish","type":"product","link":"https:\/\/olemosaic.com\/pt-pt\/produto\/capa-de-telemovel-para-iphone-14-tpu-abstrato-verde\/","title":{"rendered":"Capa de telem\u00f3vel para iPhone 14 (TPU). Abstrato. Verde"},"content":{"rendered":"<p>Capa para iPhone 14 com design abstrato. Esta capa original, fabricada em TPU, um material muito flex\u00edvel e resistente, n\u00e3o s\u00f3 protege o seu dispositivo, como tamb\u00e9m lhe confere um estilo \u00fanico e contempor\u00e2neo. O seu design vibrante combina tons de verde, vermelho e amarelo num efeito visual impactante, onde formas e cores se entrela\u00e7am de forma fluida, criando uma textura singular que capta a aten\u00e7\u00e3o. A superf\u00edcie suave assegura uma ader\u00eancia confort\u00e1vel, e a sua capacidade de absorver impactos protege na perfei\u00e7\u00e3o o seu iPhone 14 de poss\u00edveis danos.<\/p>\n<p>Este produto, al\u00e9m de pr\u00e1tico, reflete uma tend\u00eancia art\u00edstica atual, perfeito para quem procura personalizar o seu telem\u00f3vel com um toque de criatividade e modernidade. Este tipo de acess\u00f3rios s\u00e3o considerados aut\u00eanticos souvenirs contempor\u00e2neos, ideais para turistas que desejam levar consigo um peda\u00e7o das inova\u00e7\u00f5es culturais modernas de Espanha. Na Ol\u00e9 Mosaic, como grossista de acess\u00f3rios para telem\u00f3veis, oferecemos esta capa como parte da nossa sele\u00e7\u00e3o de souvenirs inovadores, sendo uma excelente op\u00e7\u00e3o para lojas de presentes tur\u00edsticos que procuram destacar-se na sua oferta. Esta capa para iPhone 14 \u00e9 mais do que uma simples prote\u00e7\u00e3o; \u00e9 um s\u00edmbolo de estilo e autenticidade que encantar\u00e1 qualquer visitante.<\/p>\n","protected":false},"excerpt":{"rendered":"<p>Capa para iPhone 14 fabricada em TPU, com um design abstrato que combina vibrantes tons de verde, vermelho e amarelo. Este protetor destaca-se pela sua capacidade de absorver impactos e proteger o seu dispositivo, al\u00e9m de oferecer um estilo \u00fanico e moderno. A superf\u00edcie apresenta uma textura suave e fluida, criando um efeito visual din\u00e2mico, ideal para quem procura personalizar o seu telem\u00f3vel com um toque art\u00edstico e contempor\u00e2neo.<\/p>\n","protected":false},"featured_media":12356,"template":"","meta":{"_acf_changed":false},"product_brand":[],"product_cat":[685],"product_tag":[],"class_list":{"0":"post-35928","1":"product","2":"type-product","3":"status-publish","4":"has-post-thumbnail","6":"product_cat-capas-para-telemoveis","7":"pa_motivo-resumo","9":"first","10":"instock","11":"shipping-taxable","12":"product-type-simple"},"acf":[],"_links":{"self":[{"href":"https:\/\/olemosaic.com\/pt-pt\/wp-json\/wp\/v2\/product\/35928","targetHints":{"allow":["GET"]}}],"collection":[{"href":"https:\/\/olemosaic.com\/pt-pt\/wp-json\/wp\/v2\/product"}],"about":[{"href":"https:\/\/olemosaic.com\/pt-pt\/wp-json\/wp\/v2\/types\/product"}],"wp:featuredmedia":[{"embeddable":true,"href":"https:\/\/olemosaic.com\/pt-pt\/wp-json\/wp\/v2\/media\/12356"}],"wp:attachment":[{"href":"https:\/\/olemosaic.com\/pt-pt\/wp-json\/wp\/v2\/media?parent=35928"}],"wp:term":[{"taxonomy":"product_brand","embeddable":true,"href":"https:\/\/olemosaic.com\/pt-pt\/wp-json\/wp\/v2\/product_brand?post=35928"},{"taxonomy":"product_cat","embeddable":true,"href":"https:\/\/olemosaic.com\/pt-pt\/wp-json\/wp\/v2\/product_cat?post=35928"},{"taxonomy":"product_tag","embeddable":true,"href":"https:\/\/olemosaic.com\/pt-pt\/wp-json\/wp\/v2\/product_tag?post=35928"}],"curies":[{"name":"wp","href":"https:\/\/api.w.org\/{rel}","templated":true}]}}