{"id":35900,"date":"2025-02-20T22:35:17","date_gmt":"2025-02-20T22:35:17","guid":{"rendered":"http:\/\/olemosaic.com\/producto\/funda-de-telefono-para-iphone-13-promax-tpu-mariposa-barcelona-blanco\/"},"modified":"2025-07-25T20:21:02","modified_gmt":"2025-07-25T18:21:02","slug":"capa-de-telemovel-para-iphone-13-pro-max-tpu-borboleta-barcelona-branco","status":"publish","type":"product","link":"https:\/\/olemosaic.com\/pt-pt\/produto\/capa-de-telemovel-para-iphone-13-pro-max-tpu-borboleta-barcelona-branco\/","title":{"rendered":"Capa de telem\u00f3vel para iPhone 13 Pro Max (TPU). Borboleta. Barcelona. Branco"},"content":{"rendered":"<p>Capa de telem\u00f3vel para iPhone 13 Pro Max com um design de borboletas que evoca a vibrante ess\u00eancia de Barcelona. Fabricada em TPU, esta capa oferece uma prote\u00e7\u00e3o ideal para o seu dispositivo, ao mesmo tempo que real\u00e7a um design art\u00edstico que combina funcionalidade e est\u00e9tica. A superf\u00edcie branca da capa atua como uma tela perfeita para as borboletas, que exibem cores brilhantes em tons de laranja, azul, verde e rosa, captando a aten\u00e7\u00e3o e transmitindo uma sensa\u00e7\u00e3o de frescura e alegria.<\/p>\n<p>O design \u00e9 rodeado por um padr\u00e3o de trencad\u00eds, que recorda a famosa t\u00e9cnica utilizada por Antoni Gaud\u00ed nas suas obras-primas, como o Park G\u00fcell. A palavra &#8220;Barcelona&#8221; est\u00e1 elegantemente impressa na parte inferior, acrescentando um toque de autenticidade e liga\u00e7\u00e3o cultural. Este produto n\u00e3o \u00e9 apenas uma pe\u00e7a de prote\u00e7\u00e3o para o seu telem\u00f3vel, mas tamb\u00e9m um s\u00edmbolo da arte e da criatividade que define esta cidade catal\u00e3.<\/p>\n<p>Como um souvenir representativo de Barcelona, esta capa \u00e9 uma excelente op\u00e7\u00e3o para turistas que desejam levar um peda\u00e7o da cidade. Na Ol\u00e9 Mosaic, especializamo-nos na distribui\u00e7\u00e3o por grosso de artigos \u00fanicos como esta capa de borboletas, ideal para lojas de presentes tur\u00edsticos que procuram oferecer produtos aut\u00eanticos e de qualidade. Eleve a sua cole\u00e7\u00e3o de souvenirs com esta capa que celebra a rica heran\u00e7a cultural da Catalunha e a maravilha da arte de Gaud\u00ed.<\/p>\n","protected":false},"excerpt":{"rendered":"<p>Capa de telem\u00f3vel para iPhone 13 Pro Max elaborada em TPU, decorada com um vibrante design de borboletas que evocam o colorido de Barcelona. A superf\u00edcie branca real\u00e7a as borboletas em tons de laranja, azul, verde e rosa, rodeadas por um padr\u00e3o de trencad\u00eds que recorda a famosa obra do arquiteto Antoni Gaud\u00ed. Com a palavra &#8220;Barcelona&#8221; elegantemente impressa, esta capa combina funcionalidade e arte, protegendo o seu dispositivo com estilo.<\/p>\n","protected":false},"featured_media":12332,"template":"","meta":{"_acf_changed":false},"product_brand":[],"product_cat":[685],"product_tag":[516],"class_list":{"0":"post-35900","1":"product","2":"type-product","3":"status-publish","4":"has-post-thumbnail","6":"product_cat-capas-para-telemoveis","7":"product_tag-animais","8":"pa_ciudad-barcelona","9":"pa_motivo-borboletas","10":"pa_pais-espana","12":"first","13":"instock","14":"shipping-taxable","15":"product-type-simple"},"acf":[],"_links":{"self":[{"href":"https:\/\/olemosaic.com\/pt-pt\/wp-json\/wp\/v2\/product\/35900","targetHints":{"allow":["GET"]}}],"collection":[{"href":"https:\/\/olemosaic.com\/pt-pt\/wp-json\/wp\/v2\/product"}],"about":[{"href":"https:\/\/olemosaic.com\/pt-pt\/wp-json\/wp\/v2\/types\/product"}],"wp:featuredmedia":[{"embeddable":true,"href":"https:\/\/olemosaic.com\/pt-pt\/wp-json\/wp\/v2\/media\/12332"}],"wp:attachment":[{"href":"https:\/\/olemosaic.com\/pt-pt\/wp-json\/wp\/v2\/media?parent=35900"}],"wp:term":[{"taxonomy":"product_brand","embeddable":true,"href":"https:\/\/olemosaic.com\/pt-pt\/wp-json\/wp\/v2\/product_brand?post=35900"},{"taxonomy":"product_cat","embeddable":true,"href":"https:\/\/olemosaic.com\/pt-pt\/wp-json\/wp\/v2\/product_cat?post=35900"},{"taxonomy":"product_tag","embeddable":true,"href":"https:\/\/olemosaic.com\/pt-pt\/wp-json\/wp\/v2\/product_tag?post=35900"}],"curies":[{"name":"wp","href":"https:\/\/api.w.org\/{rel}","templated":true}]}}