{"id":35893,"date":"2025-02-20T22:35:17","date_gmt":"2025-02-20T22:35:17","guid":{"rendered":"http:\/\/olemosaic.com\/producto\/funda-de-telefono-para-iphone-13-promax-tpu-gato-barcelona-blanco\/"},"modified":"2025-07-25T19:56:07","modified_gmt":"2025-07-25T17:56:07","slug":"capa-de-telemovel-para-iphone-13-pro-max-tpu-gato-barcelona-branco","status":"publish","type":"product","link":"https:\/\/olemosaic.com\/pt-pt\/produto\/capa-de-telemovel-para-iphone-13-pro-max-tpu-gato-barcelona-branco\/","title":{"rendered":"Capa de telem\u00f3vel para iPhone 13 Pro Max (TPU). Gato. Barcelona. Branco"},"content":{"rendered":"<p>Capa para iPhone 13 Pro Max com um design de gato inspirado na arte do mosaico barcelon\u00eas. Fabricada em TPU resistente, esta capa n\u00e3o s\u00f3 protege o seu dispositivo, como tamb\u00e9m se destaca pela sua vibrante ilustra\u00e7\u00e3o, com uma paleta de azuis, verdes, vermelhos e amarelos que captam a ess\u00eancia l\u00fadica da arte moderna da cidade. O gato, representado num mosaico cheio de vida, ergue-se sobre um fundo branco com efeito craquelado, evocando as superf\u00edcies cer\u00e2micas do emblem\u00e1tico Parc G\u00fcell, obra de Antoni Gaud\u00ed.<\/p>\n<p>Os alegres toques de borboletas que acompanham o gato acrescentam um encanto especial, simbolizando a liga\u00e7\u00e3o com a natureza que Barcelona celebra na sua vibrante cultura. Esta capa \u00e9 um acess\u00f3rio essencial para quem procura design e estilo, e um aut\u00eantico souvenir que encapsula o esp\u00edrito criativo da cidade condal. Ideal para turistas que desejam levar um peda\u00e7o de Barcelona, \u00e9 uma excelente op\u00e7\u00e3o para lojas de recorda\u00e7\u00f5es tur\u00edsticas que procuram combinar funcionalidade e cultura. Na Ol\u00e9 Mosaic, especializamo-nos na distribui\u00e7\u00e3o por grosso de souvenirs de qualidade, garantindo a autenticidade e o design em cada produto.<\/p>\n","protected":false},"excerpt":{"rendered":"<p>Capa de telem\u00f3vel para iPhone 13 Pro Max fabricada em TPU, com um design vibrante de um gato inspirado no famoso mosaico de Barcelona. A capa apresenta uma colorida ilustra\u00e7\u00e3o em tons de azul, verde, vermelho e amarelo, complementada por borboletas que lhe d\u00e3o um toque alegre. O fundo branco com efeito de fendas real\u00e7a a figura do gato, oferecendo uma liga\u00e7\u00e3o visual com a cultura da arte do mosaico barcelon\u00eas. Ideal para quem procura prote\u00e7\u00e3o e estilo.<\/p>\n","protected":false},"featured_media":12331,"template":"","meta":{"_acf_changed":false},"product_brand":[],"product_cat":[685],"product_tag":[516],"class_list":{"0":"post-35893","1":"product","2":"type-product","3":"status-publish","4":"has-post-thumbnail","6":"product_cat-capas-para-telemoveis","7":"product_tag-animais","8":"pa_ciudad-barcelona","9":"pa_motivo-gatos","10":"pa_pais-espana","12":"first","13":"instock","14":"shipping-taxable","15":"product-type-simple"},"acf":[],"_links":{"self":[{"href":"https:\/\/olemosaic.com\/pt-pt\/wp-json\/wp\/v2\/product\/35893","targetHints":{"allow":["GET"]}}],"collection":[{"href":"https:\/\/olemosaic.com\/pt-pt\/wp-json\/wp\/v2\/product"}],"about":[{"href":"https:\/\/olemosaic.com\/pt-pt\/wp-json\/wp\/v2\/types\/product"}],"wp:featuredmedia":[{"embeddable":true,"href":"https:\/\/olemosaic.com\/pt-pt\/wp-json\/wp\/v2\/media\/12331"}],"wp:attachment":[{"href":"https:\/\/olemosaic.com\/pt-pt\/wp-json\/wp\/v2\/media?parent=35893"}],"wp:term":[{"taxonomy":"product_brand","embeddable":true,"href":"https:\/\/olemosaic.com\/pt-pt\/wp-json\/wp\/v2\/product_brand?post=35893"},{"taxonomy":"product_cat","embeddable":true,"href":"https:\/\/olemosaic.com\/pt-pt\/wp-json\/wp\/v2\/product_cat?post=35893"},{"taxonomy":"product_tag","embeddable":true,"href":"https:\/\/olemosaic.com\/pt-pt\/wp-json\/wp\/v2\/product_tag?post=35893"}],"curies":[{"name":"wp","href":"https:\/\/api.w.org\/{rel}","templated":true}]}}