{"id":35890,"date":"2025-02-20T22:35:16","date_gmt":"2025-02-20T22:35:16","guid":{"rendered":"http:\/\/olemosaic.com\/producto\/funda-de-telefono-para-iphone-13-promax-tpu-salamandra-barcelona-blanco\/"},"modified":"2025-07-25T20:31:56","modified_gmt":"2025-07-25T18:31:56","slug":"capa-de-telemovel-para-iphone-13-pro-max-tpu-salamandra-barcelona-branco","status":"publish","type":"product","link":"https:\/\/olemosaic.com\/pt-pt\/produto\/capa-de-telemovel-para-iphone-13-pro-max-tpu-salamandra-barcelona-branco\/","title":{"rendered":"Capa de telem\u00f3vel para iPhone 13 Pro Max (TPU). Salamandra. Barcelona. Branco"},"content":{"rendered":"<p>Capa para iPhone 13 Pro Max com design de salamandras e flores, inspirada nos mosaicos de Barcelona. Esta capa, fabricada em TPU de alta qualidade, n\u00e3o s\u00f3 protege o seu dispositivo de forma excecional, como tamb\u00e9m \u00e9 uma express\u00e3o vibrante da arte e da cultura da cidade. O fundo branco est\u00e1 adornado com um intrincado padr\u00e3o de trencad\u00eds, caracter\u00edstico das obras de Gaud\u00ed, que real\u00e7a as coloridas salamandras numa paleta de azuis, verdes e vermelhos, juntamente com flores delicadas que conferem um ar fresco e alegre.<\/p>\n<p>O texto &#8220;Barcelona&#8221; aparece num elegante estilo multicolorido, acrescentando um toque moderno e distintivo a este acess\u00f3rio. Esta capa n\u00e3o s\u00f3 protege o seu smartphone, como tamb\u00e9m celebra a rica heran\u00e7a art\u00edstica da Cidade Condal. Perfeita para quem deseja levar consigo um peda\u00e7o de Barcelona, este souvenir encapsula a ess\u00eancia do modernismo catal\u00e3o. Na Ol\u00e9 Mosaic, o seu distribuidor de souvenirs aut\u00eanticos, oferecemos este produto ideal para lojas de recorda\u00e7\u00f5es tur\u00edsticas que procuram artigos \u00fanicos e representativos da cultura local. Esta capa de telem\u00f3vel \u00e9 uma excelente op\u00e7\u00e3o para turistas que desejam levar uma recorda\u00e7\u00e3o aut\u00eantica da sua visita, fundindo funcionalidade com arte.<\/p>\n","protected":false},"excerpt":{"rendered":"<p>Capa para iPhone 13 Pro Max fabricada em TPU, decorada com um design vibrante de salamandras e flores inspirado nos mosaicos de Barcelona. O fundo branco apresenta um padr\u00e3o de trencad\u00eds, real\u00e7ando as salamandras em tons de azul, verde e vermelho, juntamente com flores delicadas. O texto &#8220;Barcelona&#8221; \u00e9 exibido num estilo multicolorido elegante, conferindo um toque moderno e distintivo a este acess\u00f3rio pr\u00e1tico e decorativo.<\/p>\n","protected":false},"featured_media":12330,"template":"","meta":{"_acf_changed":false},"product_brand":[],"product_cat":[685],"product_tag":[516],"class_list":{"0":"post-35890","1":"product","2":"type-product","3":"status-publish","4":"has-post-thumbnail","6":"product_cat-capas-para-telemoveis","7":"product_tag-animais","8":"pa_ciudad-barcelona","9":"pa_motivo-salamandras","10":"pa_pais-espana","12":"first","13":"instock","14":"shipping-taxable","15":"product-type-simple"},"acf":[],"_links":{"self":[{"href":"https:\/\/olemosaic.com\/pt-pt\/wp-json\/wp\/v2\/product\/35890","targetHints":{"allow":["GET"]}}],"collection":[{"href":"https:\/\/olemosaic.com\/pt-pt\/wp-json\/wp\/v2\/product"}],"about":[{"href":"https:\/\/olemosaic.com\/pt-pt\/wp-json\/wp\/v2\/types\/product"}],"wp:featuredmedia":[{"embeddable":true,"href":"https:\/\/olemosaic.com\/pt-pt\/wp-json\/wp\/v2\/media\/12330"}],"wp:attachment":[{"href":"https:\/\/olemosaic.com\/pt-pt\/wp-json\/wp\/v2\/media?parent=35890"}],"wp:term":[{"taxonomy":"product_brand","embeddable":true,"href":"https:\/\/olemosaic.com\/pt-pt\/wp-json\/wp\/v2\/product_brand?post=35890"},{"taxonomy":"product_cat","embeddable":true,"href":"https:\/\/olemosaic.com\/pt-pt\/wp-json\/wp\/v2\/product_cat?post=35890"},{"taxonomy":"product_tag","embeddable":true,"href":"https:\/\/olemosaic.com\/pt-pt\/wp-json\/wp\/v2\/product_tag?post=35890"}],"curies":[{"name":"wp","href":"https:\/\/api.w.org\/{rel}","templated":true}]}}