{"id":35889,"date":"2025-02-20T22:35:16","date_gmt":"2025-02-20T22:35:16","guid":{"rendered":"http:\/\/olemosaic.com\/producto\/funda-de-telefono-para-iphone-13-promax-tpu-mosaico-azul\/"},"modified":"2025-07-25T20:40:20","modified_gmt":"2025-07-25T18:40:20","slug":"capa-de-telemovel-para-iphone-13-pro-max-tpu-mosaico-azul","status":"publish","type":"product","link":"https:\/\/olemosaic.com\/pt-pt\/produto\/capa-de-telemovel-para-iphone-13-pro-max-tpu-mosaico-azul\/","title":{"rendered":"Capa de telem\u00f3vel para iPhone 13 Pro Max (TPU). Mosaico. Azul"},"content":{"rendered":"<p>Capa de telem\u00f3vel para iPhone 13 Pro Max com design de mosaico. Esta elegante capa \u00e9 fabricada em TPU, um material conhecido pela sua resist\u00eancia e durabilidade, que oferece uma prote\u00e7\u00e3o eficaz para o seu dispositivo m\u00f3vel. A decora\u00e7\u00e3o apresenta um sofisticado padr\u00e3o de mosaico em tons de azul e branco, que evoca os mosaicos tradicionais que adornam muitos edif\u00edcios emblem\u00e1ticos de Espanha, como a Alhambra de Granada ou a cer\u00e2mica andaluza. O seu design geom\u00e9trico n\u00e3o s\u00f3 protege o seu telem\u00f3vel, como tamb\u00e9m acrescenta um toque art\u00edstico e cultural que ressoar\u00e1 com quem aprecia a est\u00e9tica mediterr\u00e2nica. A textura visual do mosaico cria um efeito din\u00e2mico, perfeito para quem procura distinguir o seu smartphone com uma pe\u00e7a \u00fanica e representativa. Este souvenir moderno \u00e9 ideal para turistas que desejam levar para casa um fragmento da rica heran\u00e7a cultural espanhola. Na Ol\u00e9 Mosaic, como grossistas de acess\u00f3rios para telem\u00f3veis, oferecemos produtos aut\u00eanticos que celebram o esp\u00edrito e a arte da cultura espanhola, o que torna esta capa uma excelente op\u00e7\u00e3o para lojas de recorda\u00e7\u00f5es tur\u00edsticas que procurem qualidade e design na sua oferta.<\/p>\n","protected":false},"excerpt":{"rendered":"<p>Capa para iPhone 13 Pro Max de TPU, com um elegante design de mosaico em tons de azul e branco. Este acess\u00f3rio combina funcionalidade e estilo, oferecendo prote\u00e7\u00e3o duradoura e uma est\u00e9tica inspirada nos mosaicos tradicionais espanh\u00f3is. O seu padr\u00e3o geom\u00e9trico proporciona uma textura visual atraente, ideal para quem deseja destacar a sua paix\u00e3o pela cultura mediterr\u00e2nica no seu telem\u00f3vel.<\/p>\n","protected":false},"featured_media":12344,"template":"","meta":{"_acf_changed":false},"product_brand":[],"product_cat":[685],"product_tag":[],"class_list":{"0":"post-35889","1":"product","2":"type-product","3":"status-publish","4":"has-post-thumbnail","6":"product_cat-capas-para-telemoveis","7":"pa_motivo-mosaico","9":"first","10":"instock","11":"shipping-taxable","12":"product-type-simple"},"acf":[],"_links":{"self":[{"href":"https:\/\/olemosaic.com\/pt-pt\/wp-json\/wp\/v2\/product\/35889","targetHints":{"allow":["GET"]}}],"collection":[{"href":"https:\/\/olemosaic.com\/pt-pt\/wp-json\/wp\/v2\/product"}],"about":[{"href":"https:\/\/olemosaic.com\/pt-pt\/wp-json\/wp\/v2\/types\/product"}],"wp:featuredmedia":[{"embeddable":true,"href":"https:\/\/olemosaic.com\/pt-pt\/wp-json\/wp\/v2\/media\/12344"}],"wp:attachment":[{"href":"https:\/\/olemosaic.com\/pt-pt\/wp-json\/wp\/v2\/media?parent=35889"}],"wp:term":[{"taxonomy":"product_brand","embeddable":true,"href":"https:\/\/olemosaic.com\/pt-pt\/wp-json\/wp\/v2\/product_brand?post=35889"},{"taxonomy":"product_cat","embeddable":true,"href":"https:\/\/olemosaic.com\/pt-pt\/wp-json\/wp\/v2\/product_cat?post=35889"},{"taxonomy":"product_tag","embeddable":true,"href":"https:\/\/olemosaic.com\/pt-pt\/wp-json\/wp\/v2\/product_tag?post=35889"}],"curies":[{"name":"wp","href":"https:\/\/api.w.org\/{rel}","templated":true}]}}