{"id":35878,"date":"2025-02-20T22:35:16","date_gmt":"2025-02-20T22:35:16","guid":{"rendered":"http:\/\/olemosaic.com\/producto\/funda-de-telefono-para-iphone-13-promax-tpu-mosaico-blanco\/"},"modified":"2025-07-25T19:54:38","modified_gmt":"2025-07-25T17:54:38","slug":"capa-de-telemovel-para-iphone-13-promax-tpu-mosaico-branco","status":"publish","type":"product","link":"https:\/\/olemosaic.com\/pt-pt\/produto\/capa-de-telemovel-para-iphone-13-promax-tpu-mosaico-branco\/","title":{"rendered":"Capa de telem\u00f3vel para iPhone 13 Pro Max (TPU). Mosaico. Branco"},"content":{"rendered":"<p>Capa para iPhone 13 Pro Max com design de mosaico espanhol. Esta atraente capa, fabricada em TPU, um material conhecido pela sua resist\u00eancia e flexibilidade, oferece uma prote\u00e7\u00e3o superior para o seu dispositivo. O design vibrante apresenta uma mistura de padr\u00f5es coloridos inspirados nos azulejos tradicionais espanh\u00f3is, com uma paleta que combina azuis intensos, vermelhos audazes, laranjas quentes e toques de branco, evocando a rica heran\u00e7a art\u00edstica do sul de Espanha. Cada mosaico captura a ess\u00eancia da arte decorativa espanhola, levando um pedacinho da cultura mediterr\u00e2nica para o seu dia a dia.<\/p>\n<p>A capa n\u00e3o s\u00f3 oferece uma est\u00e9tica fascinante, como tamb\u00e9m \u00e9 funcional, permitindo um f\u00e1cil acesso a todas as portas e controlos do telem\u00f3vel. A sua superf\u00edcie lisa \u00e9 agrad\u00e1vel ao toque e acrescenta um toque moderno e art\u00edstico ao seu dispositivo. Este souvenir \u00e9 perfeito para quem procura uma liga\u00e7\u00e3o emocional com as suas viv\u00eancias em Espanha, tornando-o uma recorda\u00e7\u00e3o ideal. Na Ol\u00e9 Mosaic, especializamo-nos na distribui\u00e7\u00e3o de produtos representativos da cultura espanhola, e esta capa \u00e9 uma excelente op\u00e7\u00e3o para lojas de presentes tur\u00edsticos que procuram oferecer artigos aut\u00eanticos e de qualidade. Connosco, encontrar\u00e1 grossistas de acess\u00f3rios \u00fanicos que celebram a beleza do patrim\u00f3nio cultural.<\/p>\n","protected":false},"excerpt":{"rendered":"<p>Capa de telem\u00f3vel para iPhone 13 Pro Max fabricada em TPU, decorada com um vibrante mosaico que recorda os tradicionais azulejos espanh\u00f3is. Este design colorido apresenta uma mistura de padr\u00f5es em tons azuis, vermelhos, laranjas e brancos, evocando a arte e a cultura do sul de Espanha. O seu acabamento proporciona um toque art\u00edstico e moderno, protegendo o seu dispositivo com estilo e distin\u00e7\u00e3o, ideal para os amantes do design mediterr\u00e2nico.<\/p>\n","protected":false},"featured_media":13019,"template":"","meta":{"_acf_changed":false},"product_brand":[],"product_cat":[685],"product_tag":[],"class_list":{"0":"post-35878","1":"product","2":"type-product","3":"status-publish","4":"has-post-thumbnail","6":"product_cat-capas-para-telemoveis","7":"pa_motivo-mosaico","9":"first","10":"instock","11":"shipping-taxable","12":"product-type-simple"},"acf":[],"_links":{"self":[{"href":"https:\/\/olemosaic.com\/pt-pt\/wp-json\/wp\/v2\/product\/35878","targetHints":{"allow":["GET"]}}],"collection":[{"href":"https:\/\/olemosaic.com\/pt-pt\/wp-json\/wp\/v2\/product"}],"about":[{"href":"https:\/\/olemosaic.com\/pt-pt\/wp-json\/wp\/v2\/types\/product"}],"wp:featuredmedia":[{"embeddable":true,"href":"https:\/\/olemosaic.com\/pt-pt\/wp-json\/wp\/v2\/media\/13019"}],"wp:attachment":[{"href":"https:\/\/olemosaic.com\/pt-pt\/wp-json\/wp\/v2\/media?parent=35878"}],"wp:term":[{"taxonomy":"product_brand","embeddable":true,"href":"https:\/\/olemosaic.com\/pt-pt\/wp-json\/wp\/v2\/product_brand?post=35878"},{"taxonomy":"product_cat","embeddable":true,"href":"https:\/\/olemosaic.com\/pt-pt\/wp-json\/wp\/v2\/product_cat?post=35878"},{"taxonomy":"product_tag","embeddable":true,"href":"https:\/\/olemosaic.com\/pt-pt\/wp-json\/wp\/v2\/product_tag?post=35878"}],"curies":[{"name":"wp","href":"https:\/\/api.w.org\/{rel}","templated":true}]}}